{"id":1485,"date":"2019-01-22T13:51:39","date_gmt":"2019-01-22T12:51:39","guid":{"rendered":"https:\/\/www.hotelcentro.it\/secondi-e-contorni\/"},"modified":"2019-12-18T09:34:47","modified_gmt":"2019-12-18T08:34:47","slug":"viandes-et-poissons","status":"publish","type":"page","link":"https:\/\/www.hotelcentro.it\/fr\/restaurant\/viandes-et-poissons\/","title":{"rendered":"Viandes et poissons"},"content":{"rendered":"\t\t<div data-elementor-type=\"wp-post\" data-elementor-id=\"1485\" class=\"elementor elementor-1485 elementor-393 elementor-bc-flex-widget\" data-elementor-post-type=\"page\">\n\t\t\t\t\t\t<section class=\"elementor-section elementor-top-section elementor-element elementor-element-cce558f elementor-section-stretched elementor-section-boxed elementor-section-height-default elementor-section-height-default\" data-id=\"cce558f\" data-element_type=\"section\" data-e-type=\"section\" data-settings=\"{&quot;stretch_section&quot;:&quot;section-stretched&quot;,&quot;background_background&quot;:&quot;classic&quot;}\">\n\t\t\t\t\t\t<div class=\"elementor-container elementor-column-gap-default\">\n\t\t\t\t\t<div class=\"elementor-column elementor-col-100 elementor-top-column elementor-element elementor-element-961fa96\" data-id=\"961fa96\" data-element_type=\"column\" data-e-type=\"column\">\n\t\t\t<div class=\"elementor-widget-wrap elementor-element-populated\">\n\t\t\t\t\t\t<section class=\"elementor-section elementor-inner-section elementor-element elementor-element-468e063 elementor-section-boxed elementor-section-height-default elementor-section-height-default\" data-id=\"468e063\" data-element_type=\"section\" data-e-type=\"section\">\n\t\t\t\t\t\t<div class=\"elementor-container elementor-column-gap-default\">\n\t\t\t\t\t<div class=\"elementor-column elementor-col-100 elementor-inner-column elementor-element elementor-element-427e6d2\" data-id=\"427e6d2\" data-element_type=\"column\" data-e-type=\"column\">\n\t\t\t<div class=\"elementor-widget-wrap elementor-element-populated\">\n\t\t\t\t\t\t<div class=\"elementor-element elementor-element-b6cf496 elementor-widget elementor-widget-text-editor\" data-id=\"b6cf496\" data-element_type=\"widget\" data-e-type=\"widget\" data-widget_type=\"text-editor.default\">\n\t\t\t\t<div class=\"elementor-widget-container\">\n\t\t\t\t\t\t\t\t\t<p>Filet de boeuf au poivre vert 16,00 \u20ac<\/p><p>Poitrine de poulet Val d&#8217;Aoste (fontina champignon) 10,00 \u20ac<\/p><p>Poitrine de poulet \u00e0 la milanaise 10,00 \u20ac<\/p><p>M\u00e9daillons de surlonge \u00e0 la moutarde rustique 12,50 \u20ac<\/p><p>Burgers au poivre vert 9,00 \u20ac<\/p><p>Omelette aux l\u00e9gumes du potager \u20ac 9.00<\/p><p>Tartare de filet de boeuf 15,00 \u20ac<\/p><p>Poitrine de dinde \u00e0 la sauce thon avec salade 10,00 \u20ac<\/p><p>~<\/p><p>L\u00e9gumes cuits \u00e0 la vapeur 7,00 \u20ac<\/p><p>Pommes de terre frites avec sauce \u20ac 5,00<\/p>\t\t\t\t\t\t\t\t<\/div>\n\t\t\t\t<\/div>\n\t\t\t\t<div class=\"elementor-element elementor-element-f7b5f00 elementor-align-center elementor-widget elementor-widget-button\" data-id=\"f7b5f00\" data-element_type=\"widget\" data-e-type=\"widget\" data-widget_type=\"button.default\">\n\t\t\t\t<div class=\"elementor-widget-container\">\n\t\t\t\t\t\t\t\t\t<div class=\"elementor-button-wrapper\">\n\t\t\t\t\t<a class=\"elementor-button elementor-button-link elementor-size-sm\" href=\"https:\/\/www.hotelcentro.it\/fr\/restaurant\/\">\n\t\t\t\t\t\t<span class=\"elementor-button-content-wrapper\">\n\t\t\t\t\t\t<span class=\"elementor-button-icon\">\n\t\t\t\t\t\t\t\t\t<i class=\"fa fa-long-arrow-right\" aria-hidden=\"true\"><\/i>\n\t\t\t\t\t\t\t<\/span>\n\t\t\t\t\t\t\t\t\t<span class=\"elementor-button-text\">VOIR TOUS LES MENUS<\/span>\n\t\t\t\t\t<\/span>\n\t\t\t\t\t<\/a>\n\t\t\t\t<\/div>\n\t\t\t\t\t\t\t\t<\/div>\n\t\t\t\t<\/div>\n\t\t\t\t\t<\/div>\n\t\t<\/div>\n\t\t\t\t\t<\/div>\n\t\t<\/section>\n\t\t\t\t\t<\/div>\n\t\t<\/div>\n\t\t\t\t\t<\/div>\n\t\t<\/section>\n\t\t\t\t<\/div>\n\t\t","protected":false},"excerpt":{"rendered":"<p>Filet de boeuf au poivre vert 16,00 \u20ac Poitrine de poulet Val d&#8217;Aoste (fontina champignon) 10,00 \u20ac Poitrine de poulet \u00e0 la milanaise 10,00 \u20ac M\u00e9daillons de surlonge \u00e0 la moutarde rustique 12,50 \u20ac Burgers au poivre vert 9,00 \u20ac Omelette aux l\u00e9gumes du potager \u20ac 9.00 Tartare de filet de boeuf 15,00 \u20ac Poitrine [&hellip;]<\/p>\n","protected":false},"author":3,"featured_media":0,"parent":1503,"menu_order":0,"comment_status":"closed","ping_status":"closed","template":"","meta":{"_acf_changed":false,"ocean_post_layout":"","ocean_both_sidebars_style":"","ocean_both_sidebars_content_width":0,"ocean_both_sidebars_sidebars_width":0,"ocean_sidebar":"0","ocean_second_sidebar":"0","ocean_disable_margins":"enable","ocean_add_body_class":"","ocean_shortcode_before_top_bar":"","ocean_shortcode_after_top_bar":"","ocean_shortcode_before_header":"","ocean_shortcode_after_header":"","ocean_has_shortcode":"","ocean_shortcode_after_title":"","ocean_shortcode_before_footer_widgets":"","ocean_shortcode_after_footer_widgets":"","ocean_shortcode_before_footer_bottom":"","ocean_shortcode_after_footer_bottom":"","ocean_display_top_bar":"off","ocean_display_header":"default","ocean_header_style":"","ocean_center_header_left_menu":"0","ocean_custom_header_template":"131","ocean_custom_logo":0,"ocean_custom_retina_logo":0,"ocean_custom_logo_max_width":0,"ocean_custom_logo_tablet_max_width":0,"ocean_custom_logo_mobile_max_width":0,"ocean_custom_logo_max_height":0,"ocean_custom_logo_tablet_max_height":0,"ocean_custom_logo_mobile_max_height":0,"ocean_header_custom_menu":"0","ocean_menu_typo_font_family":"Josefin Sans","ocean_menu_typo_font_subset":"","ocean_menu_typo_font_size":0,"ocean_menu_typo_font_size_tablet":0,"ocean_menu_typo_font_size_mobile":0,"ocean_menu_typo_font_size_unit":"px","ocean_menu_typo_font_weight":"","ocean_menu_typo_font_weight_tablet":"","ocean_menu_typo_font_weight_mobile":"","ocean_menu_typo_transform":"","ocean_menu_typo_transform_tablet":"","ocean_menu_typo_transform_mobile":"","ocean_menu_typo_line_height":0,"ocean_menu_typo_line_height_tablet":0,"ocean_menu_typo_line_height_mobile":0,"ocean_menu_typo_line_height_unit":"","ocean_menu_typo_spacing":0,"ocean_menu_typo_spacing_tablet":0,"ocean_menu_typo_spacing_mobile":0,"ocean_menu_typo_spacing_unit":"","ocean_menu_link_color":"#ffffff","ocean_menu_link_color_hover":"#ffffff","ocean_menu_link_color_active":"#ffffff","ocean_menu_link_background":"","ocean_menu_link_hover_background":"","ocean_menu_link_active_background":"","ocean_menu_social_links_bg":"","ocean_menu_social_hover_links_bg":"","ocean_menu_social_links_color":"","ocean_menu_social_hover_links_color":"","ocean_disable_title":"on","ocean_disable_heading":"default","ocean_post_title":"","ocean_post_subheading":"","ocean_post_title_style":"","ocean_post_title_background_color":"","ocean_post_title_background":0,"ocean_post_title_bg_image_position":"","ocean_post_title_bg_image_attachment":"","ocean_post_title_bg_image_repeat":"","ocean_post_title_bg_image_size":"","ocean_post_title_height":0,"ocean_post_title_bg_overlay":0.5,"ocean_post_title_bg_overlay_color":"","ocean_disable_breadcrumbs":"off","ocean_breadcrumbs_color":"","ocean_breadcrumbs_separator_color":"","ocean_breadcrumbs_links_color":"","ocean_breadcrumbs_links_hover_color":"","ocean_display_footer_widgets":"off","ocean_display_footer_bottom":"off","ocean_custom_footer_template":"0","footnotes":""},"class_list":["post-1485","page","type-page","status-publish","hentry","entry"],"acf":[],"yoast_head":"<!-- This site is optimized with the Yoast SEO plugin v27.4 - https:\/\/yoast.com\/product\/yoast-seo-wordpress\/ -->\n<title>Premiers plats typiques au restaurant de l&#039;Hotel Centro<\/title>\n<meta name=\"description\" content=\"D\u00e9couvrez les propositions de premiers plats typiques au restaurant de l&#039;Hotel Centro. Via Caduti per la Libert\u00e0, 7, Torre Pellice (TO). T\u00e9l. 0121.932006 \/ 933062\" \/>\n<meta name=\"robots\" content=\"index, follow, max-snippet:-1, max-image-preview:large, max-video-preview:-1\" \/>\n<link rel=\"canonical\" href=\"https:\/\/www.hotelcentro.it\/fr\/restaurant\/viandes-et-poissons\/\" \/>\n<meta property=\"og:locale\" content=\"fr_FR\" \/>\n<meta property=\"og:type\" content=\"article\" \/>\n<meta property=\"og:title\" content=\"Premiers plats typiques au restaurant de l&#039;Hotel Centro\" \/>\n<meta property=\"og:description\" content=\"D\u00e9couvrez les propositions de premiers plats typiques au restaurant de l&#039;Hotel Centro. Via Caduti per la Libert\u00e0, 7, Torre Pellice (TO). T\u00e9l. 0121.932006 \/ 933062\" \/>\n<meta property=\"og:url\" content=\"https:\/\/www.hotelcentro.it\/fr\/restaurant\/viandes-et-poissons\/\" \/>\n<meta property=\"og:site_name\" content=\"Hotel Centro\" \/>\n<meta property=\"article:modified_time\" content=\"2019-12-18T08:34:47+00:00\" \/>\n<meta name=\"twitter:card\" content=\"summary_large_image\" \/>\n<script type=\"application\/ld+json\" class=\"yoast-schema-graph\">{\"@context\":\"https:\\\/\\\/schema.org\",\"@graph\":[{\"@type\":\"WebPage\",\"@id\":\"https:\\\/\\\/www.hotelcentro.it\\\/fr\\\/restaurant\\\/viandes-et-poissons\\\/\",\"url\":\"https:\\\/\\\/www.hotelcentro.it\\\/fr\\\/restaurant\\\/viandes-et-poissons\\\/\",\"name\":\"Premiers plats typiques au restaurant de l'Hotel Centro\",\"isPartOf\":{\"@id\":\"https:\\\/\\\/www.hotelcentro.it\\\/fr\\\/#website\"},\"datePublished\":\"2019-01-22T12:51:39+00:00\",\"dateModified\":\"2019-12-18T08:34:47+00:00\",\"description\":\"D\u00e9couvrez les propositions de premiers plats typiques au restaurant de l'Hotel Centro. Via Caduti per la Libert\u00e0, 7, Torre Pellice (TO). T\u00e9l. 0121.932006 \\\/ 933062\",\"breadcrumb\":{\"@id\":\"https:\\\/\\\/www.hotelcentro.it\\\/fr\\\/restaurant\\\/viandes-et-poissons\\\/#breadcrumb\"},\"inLanguage\":\"fr-FR\",\"potentialAction\":[{\"@type\":\"ReadAction\",\"target\":[\"https:\\\/\\\/www.hotelcentro.it\\\/fr\\\/restaurant\\\/viandes-et-poissons\\\/\"]}]},{\"@type\":\"BreadcrumbList\",\"@id\":\"https:\\\/\\\/www.hotelcentro.it\\\/fr\\\/restaurant\\\/viandes-et-poissons\\\/#breadcrumb\",\"itemListElement\":[{\"@type\":\"ListItem\",\"position\":1,\"name\":\"Home\",\"item\":\"https:\\\/\\\/www.hotelcentro.it\\\/fr\\\/\"},{\"@type\":\"ListItem\",\"position\":2,\"name\":\"Restaurant\",\"item\":\"https:\\\/\\\/www.hotelcentro.it\\\/fr\\\/restaurant\\\/\"},{\"@type\":\"ListItem\",\"position\":3,\"name\":\"Viandes et poissons\"}]},{\"@type\":\"WebSite\",\"@id\":\"https:\\\/\\\/www.hotelcentro.it\\\/fr\\\/#website\",\"url\":\"https:\\\/\\\/www.hotelcentro.it\\\/fr\\\/\",\"name\":\"Hotel Centro\",\"description\":\"\",\"publisher\":{\"@id\":\"https:\\\/\\\/www.hotelcentro.it\\\/fr\\\/#organization\"},\"potentialAction\":[{\"@type\":\"SearchAction\",\"target\":{\"@type\":\"EntryPoint\",\"urlTemplate\":\"https:\\\/\\\/www.hotelcentro.it\\\/fr\\\/?s={search_term_string}\"},\"query-input\":{\"@type\":\"PropertyValueSpecification\",\"valueRequired\":true,\"valueName\":\"search_term_string\"}}],\"inLanguage\":\"fr-FR\"},{\"@type\":\"Organization\",\"@id\":\"https:\\\/\\\/www.hotelcentro.it\\\/fr\\\/#organization\",\"name\":\"Hotel centro\",\"url\":\"https:\\\/\\\/www.hotelcentro.it\\\/fr\\\/\",\"logo\":{\"@type\":\"ImageObject\",\"inLanguage\":\"fr-FR\",\"@id\":\"https:\\\/\\\/www.hotelcentro.it\\\/fr\\\/#\\\/schema\\\/logo\\\/image\\\/\",\"url\":\"https:\\\/\\\/www.hotelcentro.it\\\/wp-content\\\/uploads\\\/2021\\\/10\\\/favivon-hotel-centro.png\",\"contentUrl\":\"https:\\\/\\\/www.hotelcentro.it\\\/wp-content\\\/uploads\\\/2021\\\/10\\\/favivon-hotel-centro.png\",\"width\":147,\"height\":147,\"caption\":\"Hotel centro\"},\"image\":{\"@id\":\"https:\\\/\\\/www.hotelcentro.it\\\/fr\\\/#\\\/schema\\\/logo\\\/image\\\/\"}}]}<\/script>\n<!-- \/ Yoast SEO plugin. -->","yoast_head_json":{"title":"Premiers plats typiques au restaurant de l'Hotel Centro","description":"D\u00e9couvrez les propositions de premiers plats typiques au restaurant de l'Hotel Centro. Via Caduti per la Libert\u00e0, 7, Torre Pellice (TO). T\u00e9l. 0121.932006 \/ 933062","robots":{"index":"index","follow":"follow","max-snippet":"max-snippet:-1","max-image-preview":"max-image-preview:large","max-video-preview":"max-video-preview:-1"},"canonical":"https:\/\/www.hotelcentro.it\/fr\/restaurant\/viandes-et-poissons\/","og_locale":"fr_FR","og_type":"article","og_title":"Premiers plats typiques au restaurant de l'Hotel Centro","og_description":"D\u00e9couvrez les propositions de premiers plats typiques au restaurant de l'Hotel Centro. Via Caduti per la Libert\u00e0, 7, Torre Pellice (TO). T\u00e9l. 0121.932006 \/ 933062","og_url":"https:\/\/www.hotelcentro.it\/fr\/restaurant\/viandes-et-poissons\/","og_site_name":"Hotel Centro","article_modified_time":"2019-12-18T08:34:47+00:00","twitter_card":"summary_large_image","schema":{"@context":"https:\/\/schema.org","@graph":[{"@type":"WebPage","@id":"https:\/\/www.hotelcentro.it\/fr\/restaurant\/viandes-et-poissons\/","url":"https:\/\/www.hotelcentro.it\/fr\/restaurant\/viandes-et-poissons\/","name":"Premiers plats typiques au restaurant de l'Hotel Centro","isPartOf":{"@id":"https:\/\/www.hotelcentro.it\/fr\/#website"},"datePublished":"2019-01-22T12:51:39+00:00","dateModified":"2019-12-18T08:34:47+00:00","description":"D\u00e9couvrez les propositions de premiers plats typiques au restaurant de l'Hotel Centro. Via Caduti per la Libert\u00e0, 7, Torre Pellice (TO). T\u00e9l. 0121.932006 \/ 933062","breadcrumb":{"@id":"https:\/\/www.hotelcentro.it\/fr\/restaurant\/viandes-et-poissons\/#breadcrumb"},"inLanguage":"fr-FR","potentialAction":[{"@type":"ReadAction","target":["https:\/\/www.hotelcentro.it\/fr\/restaurant\/viandes-et-poissons\/"]}]},{"@type":"BreadcrumbList","@id":"https:\/\/www.hotelcentro.it\/fr\/restaurant\/viandes-et-poissons\/#breadcrumb","itemListElement":[{"@type":"ListItem","position":1,"name":"Home","item":"https:\/\/www.hotelcentro.it\/fr\/"},{"@type":"ListItem","position":2,"name":"Restaurant","item":"https:\/\/www.hotelcentro.it\/fr\/restaurant\/"},{"@type":"ListItem","position":3,"name":"Viandes et poissons"}]},{"@type":"WebSite","@id":"https:\/\/www.hotelcentro.it\/fr\/#website","url":"https:\/\/www.hotelcentro.it\/fr\/","name":"Hotel Centro","description":"","publisher":{"@id":"https:\/\/www.hotelcentro.it\/fr\/#organization"},"potentialAction":[{"@type":"SearchAction","target":{"@type":"EntryPoint","urlTemplate":"https:\/\/www.hotelcentro.it\/fr\/?s={search_term_string}"},"query-input":{"@type":"PropertyValueSpecification","valueRequired":true,"valueName":"search_term_string"}}],"inLanguage":"fr-FR"},{"@type":"Organization","@id":"https:\/\/www.hotelcentro.it\/fr\/#organization","name":"Hotel centro","url":"https:\/\/www.hotelcentro.it\/fr\/","logo":{"@type":"ImageObject","inLanguage":"fr-FR","@id":"https:\/\/www.hotelcentro.it\/fr\/#\/schema\/logo\/image\/","url":"https:\/\/www.hotelcentro.it\/wp-content\/uploads\/2021\/10\/favivon-hotel-centro.png","contentUrl":"https:\/\/www.hotelcentro.it\/wp-content\/uploads\/2021\/10\/favivon-hotel-centro.png","width":147,"height":147,"caption":"Hotel centro"},"image":{"@id":"https:\/\/www.hotelcentro.it\/fr\/#\/schema\/logo\/image\/"}}]}},"_links":{"self":[{"href":"https:\/\/www.hotelcentro.it\/fr\/wp-json\/wp\/v2\/pages\/1485","targetHints":{"allow":["GET"]}}],"collection":[{"href":"https:\/\/www.hotelcentro.it\/fr\/wp-json\/wp\/v2\/pages"}],"about":[{"href":"https:\/\/www.hotelcentro.it\/fr\/wp-json\/wp\/v2\/types\/page"}],"author":[{"embeddable":true,"href":"https:\/\/www.hotelcentro.it\/fr\/wp-json\/wp\/v2\/users\/3"}],"replies":[{"embeddable":true,"href":"https:\/\/www.hotelcentro.it\/fr\/wp-json\/wp\/v2\/comments?post=1485"}],"version-history":[{"count":6,"href":"https:\/\/www.hotelcentro.it\/fr\/wp-json\/wp\/v2\/pages\/1485\/revisions"}],"predecessor-version":[{"id":2458,"href":"https:\/\/www.hotelcentro.it\/fr\/wp-json\/wp\/v2\/pages\/1485\/revisions\/2458"}],"up":[{"embeddable":true,"href":"https:\/\/www.hotelcentro.it\/fr\/wp-json\/wp\/v2\/pages\/1503"}],"wp:attachment":[{"href":"https:\/\/www.hotelcentro.it\/fr\/wp-json\/wp\/v2\/media?parent=1485"}],"curies":[{"name":"wp","href":"https:\/\/api.w.org\/{rel}","templated":true}]}}