{"id":1458,"date":"2019-01-22T14:04:35","date_gmt":"2019-01-22T13:04:35","guid":{"rendered":"https:\/\/www.hotelcentro.it\/dessert-e-gelati\/"},"modified":"2019-12-18T09:48:32","modified_gmt":"2019-12-18T08:48:32","slug":"desserts-et-glaces","status":"publish","type":"page","link":"https:\/\/www.hotelcentro.it\/fr\/restaurant\/desserts-et-glaces\/","title":{"rendered":"Desserts et glaces"},"content":{"rendered":"\t\t<div data-elementor-type=\"wp-post\" data-elementor-id=\"1458\" class=\"elementor elementor-1458 elementor-417 elementor-bc-flex-widget\" data-elementor-post-type=\"page\">\n\t\t\t\t\t\t<section class=\"elementor-section elementor-top-section elementor-element elementor-element-2f308e0 elementor-section-stretched elementor-section-boxed elementor-section-height-default elementor-section-height-default\" data-id=\"2f308e0\" data-element_type=\"section\" data-e-type=\"section\" data-settings=\"{&quot;stretch_section&quot;:&quot;section-stretched&quot;,&quot;background_background&quot;:&quot;classic&quot;}\">\n\t\t\t\t\t\t<div class=\"elementor-container elementor-column-gap-default\">\n\t\t\t\t\t<div class=\"elementor-column elementor-col-100 elementor-top-column elementor-element elementor-element-ae7034a\" data-id=\"ae7034a\" data-element_type=\"column\" data-e-type=\"column\">\n\t\t\t<div class=\"elementor-widget-wrap elementor-element-populated\">\n\t\t\t\t\t\t<section class=\"elementor-section elementor-inner-section elementor-element elementor-element-e6894ac elementor-section-boxed elementor-section-height-default elementor-section-height-default\" data-id=\"e6894ac\" data-element_type=\"section\" data-e-type=\"section\">\n\t\t\t\t\t\t<div class=\"elementor-container elementor-column-gap-default\">\n\t\t\t\t\t<div class=\"elementor-column elementor-col-100 elementor-inner-column elementor-element elementor-element-d5a9813\" data-id=\"d5a9813\" data-element_type=\"column\" data-e-type=\"column\">\n\t\t\t<div class=\"elementor-widget-wrap elementor-element-populated\">\n\t\t\t\t\t\t<div class=\"elementor-element elementor-element-f3821d8 elementor-widget elementor-widget-heading\" data-id=\"f3821d8\" data-element_type=\"widget\" data-e-type=\"widget\" data-widget_type=\"heading.default\">\n\t\t\t\t<div class=\"elementor-widget-container\">\n\t\t\t\t\t<h3 class=\"elementor-heading-title elementor-size-default\">Dessert<\/h3>\t\t\t\t<\/div>\n\t\t\t\t<\/div>\n\t\t\t\t<div class=\"elementor-element elementor-element-0de4fc5 elementor-widget elementor-widget-text-editor\" data-id=\"0de4fc5\" data-element_type=\"widget\" data-e-type=\"widget\" data-widget_type=\"text-editor.default\">\n\t\t\t\t<div class=\"elementor-widget-container\">\n\t\t\t\t\t\t\t\t\t<p>Salade de fruits frais 4,50 \u20ac<\/p><p>Bunette au chocolat 4,00 \u20ac<\/p><p>Panna cotta 4,00 \u20ac<\/p><p>Cr\u00e8me Caramel 4,00 \u20ac<\/p><p>Doux du jour S.Q<\/p>\t\t\t\t\t\t\t\t<\/div>\n\t\t\t\t<\/div>\n\t\t\t\t<div class=\"elementor-element elementor-element-9fdb84c elementor-widget elementor-widget-heading\" data-id=\"9fdb84c\" data-element_type=\"widget\" data-e-type=\"widget\" data-widget_type=\"heading.default\">\n\t\t\t\t<div class=\"elementor-widget-container\">\n\t\t\t\t\t<h3 class=\"elementor-heading-title elementor-size-default\">Cr\u00e8me glac\u00e9e<\/h3>\t\t\t\t<\/div>\n\t\t\t\t<\/div>\n\t\t\t\t<div class=\"elementor-element elementor-element-697403f elementor-widget elementor-widget-text-editor\" data-id=\"697403f\" data-element_type=\"widget\" data-e-type=\"widget\" data-widget_type=\"text-editor.default\">\n\t\t\t\t<div class=\"elementor-widget-container\">\n\t\t\t\t\t\t\t\t\t<p>Coupe m\u00e9lang\u00e9e de temps libre 4,50 \u20ac<\/p><p><em><strong>Charlotte Cr\u00e9ole<\/strong><\/em><br \/>g\u00e9noise au chocolat chaud 5,50 \u20ac<\/p><p><em><strong>Glace \u00e0 la meringue<\/strong><\/em><br \/>meringues \u00e0 la cr\u00e8me fouett\u00e9e 5,50 \u20ac<\/p><p><em><strong>Caf\u00e9 viennois<\/strong><\/em><br \/>cr\u00e8me glac\u00e9e \u00e0 l&#8217;espresso chaud &#8211; cr\u00e8me fouett\u00e9e \u20ac 5.50<\/p><p><em><strong>Paciugo<\/strong><\/em><br \/>cr\u00e8me glac\u00e9e &#8211; cr\u00e8me au sirop &#8211; cr\u00e8me fouett\u00e9e 5,50 \u20ac<\/p><p><em><strong>Banana split<\/strong><\/em><br \/>cr\u00e8me glac\u00e9e \u00e0 la banane et cr\u00e8me fouett\u00e9e au chocolat \u00e0 la noisette et au chocolat chaud \u20ac 5.50<\/p><p><em><strong>Coupe maronite<\/strong><\/em><br \/>cr\u00e8me glac\u00e9e sirop de noisettes brun chocolat 5.50 \u20ac<\/p><p><em><strong>Coupe au chocolat<\/strong><\/em><br \/>glace au chocolat chaud aux noisettes 5,50 \u20ac<\/p><p><em><strong>Coupe d&#8217;esprit<\/strong><\/em><br \/>cr\u00e8me glac\u00e9e aux fruits 6,00 \u20ac<\/p><p><em><strong>colonel<\/strong><\/em><br \/>vodka glace au citron 5,50 \u20ac<\/p><p>Appartenant au Grand Marnier 6,00 \u20ac<\/p>\t\t\t\t\t\t\t\t<\/div>\n\t\t\t\t<\/div>\n\t\t\t\t<div class=\"elementor-element elementor-element-c3c94a6 elementor-align-center elementor-widget elementor-widget-button\" data-id=\"c3c94a6\" data-element_type=\"widget\" data-e-type=\"widget\" data-widget_type=\"button.default\">\n\t\t\t\t<div class=\"elementor-widget-container\">\n\t\t\t\t\t\t\t\t\t<div class=\"elementor-button-wrapper\">\n\t\t\t\t\t<a class=\"elementor-button elementor-button-link elementor-size-sm\" href=\"https:\/\/www.hotelcentro.it\/fr\/restaurant\/\">\n\t\t\t\t\t\t<span class=\"elementor-button-content-wrapper\">\n\t\t\t\t\t\t<span class=\"elementor-button-icon\">\n\t\t\t\t\t\t\t\t\t<i class=\"fa fa-long-arrow-right\" aria-hidden=\"true\"><\/i>\n\t\t\t\t\t\t\t<\/span>\n\t\t\t\t\t\t\t\t\t<span class=\"elementor-button-text\">VOIR TOUS LES MENUS<\/span>\n\t\t\t\t\t<\/span>\n\t\t\t\t\t<\/a>\n\t\t\t\t<\/div>\n\t\t\t\t\t\t\t\t<\/div>\n\t\t\t\t<\/div>\n\t\t\t\t\t<\/div>\n\t\t<\/div>\n\t\t\t\t\t<\/div>\n\t\t<\/section>\n\t\t\t\t\t<\/div>\n\t\t<\/div>\n\t\t\t\t\t<\/div>\n\t\t<\/section>\n\t\t\t\t<\/div>\n\t\t","protected":false},"excerpt":{"rendered":"<p>Dessert Salade de fruits frais 4,50 \u20ac Bunette au chocolat 4,00 \u20ac Panna cotta 4,00 \u20ac Cr\u00e8me Caramel 4,00 \u20ac Doux du jour S.Q Cr\u00e8me glac\u00e9e Coupe m\u00e9lang\u00e9e de temps libre 4,50 \u20ac Charlotte Cr\u00e9ole g\u00e9noise au chocolat chaud 5,50 \u20ac Glace \u00e0 la meringue meringues \u00e0 la cr\u00e8me fouett\u00e9e 5,50 \u20ac Caf\u00e9 viennois cr\u00e8me [&hellip;]<\/p>\n","protected":false},"author":3,"featured_media":0,"parent":1503,"menu_order":0,"comment_status":"closed","ping_status":"closed","template":"","meta":{"_acf_changed":false,"ocean_post_layout":"","ocean_both_sidebars_style":"","ocean_both_sidebars_content_width":0,"ocean_both_sidebars_sidebars_width":0,"ocean_sidebar":"0","ocean_second_sidebar":"0","ocean_disable_margins":"enable","ocean_add_body_class":"","ocean_shortcode_before_top_bar":"","ocean_shortcode_after_top_bar":"","ocean_shortcode_before_header":"","ocean_shortcode_after_header":"","ocean_has_shortcode":"","ocean_shortcode_after_title":"","ocean_shortcode_before_footer_widgets":"","ocean_shortcode_after_footer_widgets":"","ocean_shortcode_before_footer_bottom":"","ocean_shortcode_after_footer_bottom":"","ocean_display_top_bar":"off","ocean_display_header":"default","ocean_header_style":"","ocean_center_header_left_menu":"0","ocean_custom_header_template":"131","ocean_custom_logo":0,"ocean_custom_retina_logo":0,"ocean_custom_logo_max_width":0,"ocean_custom_logo_tablet_max_width":0,"ocean_custom_logo_mobile_max_width":0,"ocean_custom_logo_max_height":0,"ocean_custom_logo_tablet_max_height":0,"ocean_custom_logo_mobile_max_height":0,"ocean_header_custom_menu":"0","ocean_menu_typo_font_family":"Josefin Sans","ocean_menu_typo_font_subset":"","ocean_menu_typo_font_size":0,"ocean_menu_typo_font_size_tablet":0,"ocean_menu_typo_font_size_mobile":0,"ocean_menu_typo_font_size_unit":"px","ocean_menu_typo_font_weight":"","ocean_menu_typo_font_weight_tablet":"","ocean_menu_typo_font_weight_mobile":"","ocean_menu_typo_transform":"","ocean_menu_typo_transform_tablet":"","ocean_menu_typo_transform_mobile":"","ocean_menu_typo_line_height":0,"ocean_menu_typo_line_height_tablet":0,"ocean_menu_typo_line_height_mobile":0,"ocean_menu_typo_line_height_unit":"","ocean_menu_typo_spacing":0,"ocean_menu_typo_spacing_tablet":0,"ocean_menu_typo_spacing_mobile":0,"ocean_menu_typo_spacing_unit":"","ocean_menu_link_color":"#ffffff","ocean_menu_link_color_hover":"#ffffff","ocean_menu_link_color_active":"#ffffff","ocean_menu_link_background":"","ocean_menu_link_hover_background":"","ocean_menu_link_active_background":"","ocean_menu_social_links_bg":"","ocean_menu_social_hover_links_bg":"","ocean_menu_social_links_color":"","ocean_menu_social_hover_links_color":"","ocean_disable_title":"on","ocean_disable_heading":"default","ocean_post_title":"","ocean_post_subheading":"","ocean_post_title_style":"","ocean_post_title_background_color":"","ocean_post_title_background":0,"ocean_post_title_bg_image_position":"","ocean_post_title_bg_image_attachment":"","ocean_post_title_bg_image_repeat":"","ocean_post_title_bg_image_size":"","ocean_post_title_height":0,"ocean_post_title_bg_overlay":0.5,"ocean_post_title_bg_overlay_color":"","ocean_disable_breadcrumbs":"off","ocean_breadcrumbs_color":"","ocean_breadcrumbs_separator_color":"","ocean_breadcrumbs_links_color":"","ocean_breadcrumbs_links_hover_color":"","ocean_display_footer_widgets":"off","ocean_display_footer_bottom":"off","ocean_custom_footer_template":"0","footnotes":""},"class_list":["post-1458","page","type-page","status-publish","hentry","entry"],"acf":[],"yoast_head":"<!-- This site is optimized with the Yoast SEO plugin v27.3 - https:\/\/yoast.com\/product\/yoast-seo-wordpress\/ -->\n<title>Desserts et glaces - Hotel Centro Restaurant<\/title>\n<meta name=\"description\" content=\"Essayez nos desserts et glaces. Restaurant Hotel Cento Via Caduti per la Libert\u00e0, 7, Torre Pellice (TO). T\u00e9l. 0121.932006 \/ 933062\" \/>\n<meta name=\"robots\" content=\"index, follow, max-snippet:-1, max-image-preview:large, max-video-preview:-1\" \/>\n<link rel=\"canonical\" href=\"https:\/\/www.hotelcentro.it\/fr\/restaurant\/desserts-et-glaces\/\" \/>\n<meta property=\"og:locale\" content=\"fr_FR\" \/>\n<meta property=\"og:type\" content=\"article\" \/>\n<meta property=\"og:title\" content=\"Desserts et glaces - Hotel Centro Restaurant\" \/>\n<meta property=\"og:description\" content=\"Essayez nos desserts et glaces. Restaurant Hotel Cento Via Caduti per la Libert\u00e0, 7, Torre Pellice (TO). T\u00e9l. 0121.932006 \/ 933062\" \/>\n<meta property=\"og:url\" content=\"https:\/\/www.hotelcentro.it\/fr\/restaurant\/desserts-et-glaces\/\" \/>\n<meta property=\"og:site_name\" content=\"Hotel Centro\" \/>\n<meta property=\"article:modified_time\" content=\"2019-12-18T08:48:32+00:00\" \/>\n<meta name=\"twitter:card\" content=\"summary_large_image\" \/>\n<meta name=\"twitter:label1\" content=\"Est. reading time\" \/>\n\t<meta name=\"twitter:data1\" content=\"1 minute\" \/>\n<script type=\"application\/ld+json\" class=\"yoast-schema-graph\">{\"@context\":\"https:\\\/\\\/schema.org\",\"@graph\":[{\"@type\":\"WebPage\",\"@id\":\"https:\\\/\\\/www.hotelcentro.it\\\/fr\\\/restaurant\\\/desserts-et-glaces\\\/\",\"url\":\"https:\\\/\\\/www.hotelcentro.it\\\/fr\\\/restaurant\\\/desserts-et-glaces\\\/\",\"name\":\"Desserts et glaces - Hotel Centro Restaurant\",\"isPartOf\":{\"@id\":\"https:\\\/\\\/www.hotelcentro.it\\\/fr\\\/#website\"},\"datePublished\":\"2019-01-22T13:04:35+00:00\",\"dateModified\":\"2019-12-18T08:48:32+00:00\",\"description\":\"Essayez nos desserts et glaces. Restaurant Hotel Cento Via Caduti per la Libert\u00e0, 7, Torre Pellice (TO). T\u00e9l. 0121.932006 \\\/ 933062\",\"breadcrumb\":{\"@id\":\"https:\\\/\\\/www.hotelcentro.it\\\/fr\\\/restaurant\\\/desserts-et-glaces\\\/#breadcrumb\"},\"inLanguage\":\"fr-FR\",\"potentialAction\":[{\"@type\":\"ReadAction\",\"target\":[\"https:\\\/\\\/www.hotelcentro.it\\\/fr\\\/restaurant\\\/desserts-et-glaces\\\/\"]}]},{\"@type\":\"BreadcrumbList\",\"@id\":\"https:\\\/\\\/www.hotelcentro.it\\\/fr\\\/restaurant\\\/desserts-et-glaces\\\/#breadcrumb\",\"itemListElement\":[{\"@type\":\"ListItem\",\"position\":1,\"name\":\"Home\",\"item\":\"https:\\\/\\\/www.hotelcentro.it\\\/fr\\\/\"},{\"@type\":\"ListItem\",\"position\":2,\"name\":\"Restaurant\",\"item\":\"https:\\\/\\\/www.hotelcentro.it\\\/fr\\\/restaurant\\\/\"},{\"@type\":\"ListItem\",\"position\":3,\"name\":\"Desserts et glaces\"}]},{\"@type\":\"WebSite\",\"@id\":\"https:\\\/\\\/www.hotelcentro.it\\\/fr\\\/#website\",\"url\":\"https:\\\/\\\/www.hotelcentro.it\\\/fr\\\/\",\"name\":\"Hotel Centro\",\"description\":\"\",\"publisher\":{\"@id\":\"https:\\\/\\\/www.hotelcentro.it\\\/fr\\\/#organization\"},\"potentialAction\":[{\"@type\":\"SearchAction\",\"target\":{\"@type\":\"EntryPoint\",\"urlTemplate\":\"https:\\\/\\\/www.hotelcentro.it\\\/fr\\\/?s={search_term_string}\"},\"query-input\":{\"@type\":\"PropertyValueSpecification\",\"valueRequired\":true,\"valueName\":\"search_term_string\"}}],\"inLanguage\":\"fr-FR\"},{\"@type\":\"Organization\",\"@id\":\"https:\\\/\\\/www.hotelcentro.it\\\/fr\\\/#organization\",\"name\":\"Hotel centro\",\"url\":\"https:\\\/\\\/www.hotelcentro.it\\\/fr\\\/\",\"logo\":{\"@type\":\"ImageObject\",\"inLanguage\":\"fr-FR\",\"@id\":\"https:\\\/\\\/www.hotelcentro.it\\\/fr\\\/#\\\/schema\\\/logo\\\/image\\\/\",\"url\":\"https:\\\/\\\/www.hotelcentro.it\\\/wp-content\\\/uploads\\\/2021\\\/10\\\/favivon-hotel-centro.png\",\"contentUrl\":\"https:\\\/\\\/www.hotelcentro.it\\\/wp-content\\\/uploads\\\/2021\\\/10\\\/favivon-hotel-centro.png\",\"width\":147,\"height\":147,\"caption\":\"Hotel centro\"},\"image\":{\"@id\":\"https:\\\/\\\/www.hotelcentro.it\\\/fr\\\/#\\\/schema\\\/logo\\\/image\\\/\"}}]}<\/script>\n<!-- \/ Yoast SEO plugin. -->","yoast_head_json":{"title":"Desserts et glaces - Hotel Centro Restaurant","description":"Essayez nos desserts et glaces. Restaurant Hotel Cento Via Caduti per la Libert\u00e0, 7, Torre Pellice (TO). T\u00e9l. 0121.932006 \/ 933062","robots":{"index":"index","follow":"follow","max-snippet":"max-snippet:-1","max-image-preview":"max-image-preview:large","max-video-preview":"max-video-preview:-1"},"canonical":"https:\/\/www.hotelcentro.it\/fr\/restaurant\/desserts-et-glaces\/","og_locale":"fr_FR","og_type":"article","og_title":"Desserts et glaces - Hotel Centro Restaurant","og_description":"Essayez nos desserts et glaces. Restaurant Hotel Cento Via Caduti per la Libert\u00e0, 7, Torre Pellice (TO). T\u00e9l. 0121.932006 \/ 933062","og_url":"https:\/\/www.hotelcentro.it\/fr\/restaurant\/desserts-et-glaces\/","og_site_name":"Hotel Centro","article_modified_time":"2019-12-18T08:48:32+00:00","twitter_card":"summary_large_image","twitter_misc":{"Est. reading time":"1 minute"},"schema":{"@context":"https:\/\/schema.org","@graph":[{"@type":"WebPage","@id":"https:\/\/www.hotelcentro.it\/fr\/restaurant\/desserts-et-glaces\/","url":"https:\/\/www.hotelcentro.it\/fr\/restaurant\/desserts-et-glaces\/","name":"Desserts et glaces - Hotel Centro Restaurant","isPartOf":{"@id":"https:\/\/www.hotelcentro.it\/fr\/#website"},"datePublished":"2019-01-22T13:04:35+00:00","dateModified":"2019-12-18T08:48:32+00:00","description":"Essayez nos desserts et glaces. Restaurant Hotel Cento Via Caduti per la Libert\u00e0, 7, Torre Pellice (TO). T\u00e9l. 0121.932006 \/ 933062","breadcrumb":{"@id":"https:\/\/www.hotelcentro.it\/fr\/restaurant\/desserts-et-glaces\/#breadcrumb"},"inLanguage":"fr-FR","potentialAction":[{"@type":"ReadAction","target":["https:\/\/www.hotelcentro.it\/fr\/restaurant\/desserts-et-glaces\/"]}]},{"@type":"BreadcrumbList","@id":"https:\/\/www.hotelcentro.it\/fr\/restaurant\/desserts-et-glaces\/#breadcrumb","itemListElement":[{"@type":"ListItem","position":1,"name":"Home","item":"https:\/\/www.hotelcentro.it\/fr\/"},{"@type":"ListItem","position":2,"name":"Restaurant","item":"https:\/\/www.hotelcentro.it\/fr\/restaurant\/"},{"@type":"ListItem","position":3,"name":"Desserts et glaces"}]},{"@type":"WebSite","@id":"https:\/\/www.hotelcentro.it\/fr\/#website","url":"https:\/\/www.hotelcentro.it\/fr\/","name":"Hotel Centro","description":"","publisher":{"@id":"https:\/\/www.hotelcentro.it\/fr\/#organization"},"potentialAction":[{"@type":"SearchAction","target":{"@type":"EntryPoint","urlTemplate":"https:\/\/www.hotelcentro.it\/fr\/?s={search_term_string}"},"query-input":{"@type":"PropertyValueSpecification","valueRequired":true,"valueName":"search_term_string"}}],"inLanguage":"fr-FR"},{"@type":"Organization","@id":"https:\/\/www.hotelcentro.it\/fr\/#organization","name":"Hotel centro","url":"https:\/\/www.hotelcentro.it\/fr\/","logo":{"@type":"ImageObject","inLanguage":"fr-FR","@id":"https:\/\/www.hotelcentro.it\/fr\/#\/schema\/logo\/image\/","url":"https:\/\/www.hotelcentro.it\/wp-content\/uploads\/2021\/10\/favivon-hotel-centro.png","contentUrl":"https:\/\/www.hotelcentro.it\/wp-content\/uploads\/2021\/10\/favivon-hotel-centro.png","width":147,"height":147,"caption":"Hotel centro"},"image":{"@id":"https:\/\/www.hotelcentro.it\/fr\/#\/schema\/logo\/image\/"}}]}},"_links":{"self":[{"href":"https:\/\/www.hotelcentro.it\/fr\/wp-json\/wp\/v2\/pages\/1458","targetHints":{"allow":["GET"]}}],"collection":[{"href":"https:\/\/www.hotelcentro.it\/fr\/wp-json\/wp\/v2\/pages"}],"about":[{"href":"https:\/\/www.hotelcentro.it\/fr\/wp-json\/wp\/v2\/types\/page"}],"author":[{"embeddable":true,"href":"https:\/\/www.hotelcentro.it\/fr\/wp-json\/wp\/v2\/users\/3"}],"replies":[{"embeddable":true,"href":"https:\/\/www.hotelcentro.it\/fr\/wp-json\/wp\/v2\/comments?post=1458"}],"version-history":[{"count":9,"href":"https:\/\/www.hotelcentro.it\/fr\/wp-json\/wp\/v2\/pages\/1458\/revisions"}],"predecessor-version":[{"id":2783,"href":"https:\/\/www.hotelcentro.it\/fr\/wp-json\/wp\/v2\/pages\/1458\/revisions\/2783"}],"up":[{"embeddable":true,"href":"https:\/\/www.hotelcentro.it\/fr\/wp-json\/wp\/v2\/pages\/1503"}],"wp:attachment":[{"href":"https:\/\/www.hotelcentro.it\/fr\/wp-json\/wp\/v2\/media?parent=1458"}],"curies":[{"name":"wp","href":"https:\/\/api.w.org\/{rel}","templated":true}]}}