{"id":1444,"date":"2019-01-23T09:21:43","date_gmt":"2019-01-23T08:21:43","guid":{"rendered":"https:\/\/www.hotelcentro.it\/hotel\/"},"modified":"2019-12-17T17:57:36","modified_gmt":"2019-12-17T16:57:36","slug":"hotel","status":"publish","type":"page","link":"https:\/\/www.hotelcentro.it\/fr\/hotel\/","title":{"rendered":"Hotel"},"content":{"rendered":"\t\t<div data-elementor-type=\"wp-post\" data-elementor-id=\"1444\" class=\"elementor elementor-1444 elementor-463 elementor-bc-flex-widget\" data-elementor-post-type=\"page\">\n\t\t\t\t\t\t<section class=\"elementor-section elementor-top-section elementor-element elementor-element-1569f8f elementor-section-stretched elementor-section-boxed elementor-section-height-default elementor-section-height-default\" data-id=\"1569f8f\" data-element_type=\"section\" data-e-type=\"section\" data-settings=\"{&quot;stretch_section&quot;:&quot;section-stretched&quot;,&quot;background_background&quot;:&quot;classic&quot;}\">\n\t\t\t\t\t\t<div class=\"elementor-container elementor-column-gap-default\">\n\t\t\t\t\t<div class=\"elementor-column elementor-col-100 elementor-top-column elementor-element elementor-element-11d67ba\" data-id=\"11d67ba\" data-element_type=\"column\" data-e-type=\"column\">\n\t\t\t<div class=\"elementor-widget-wrap elementor-element-populated\">\n\t\t\t\t\t\t<section class=\"elementor-section elementor-inner-section elementor-element elementor-element-00669a0 elementor-section-boxed elementor-section-height-default elementor-section-height-default\" data-id=\"00669a0\" data-element_type=\"section\" data-e-type=\"section\">\n\t\t\t\t\t\t<div class=\"elementor-container elementor-column-gap-default\">\n\t\t\t\t\t<div class=\"elementor-column elementor-col-100 elementor-inner-column elementor-element elementor-element-d671178\" data-id=\"d671178\" data-element_type=\"column\" data-e-type=\"column\">\n\t\t\t<div class=\"elementor-widget-wrap elementor-element-populated\">\n\t\t\t\t\t\t<div class=\"elementor-element elementor-element-05120fa elementor-widget elementor-widget-heading\" data-id=\"05120fa\" data-element_type=\"widget\" data-e-type=\"widget\" data-widget_type=\"heading.default\">\n\t\t\t\t<div class=\"elementor-widget-container\">\n\t\t\t\t\t<h1 class=\"elementor-heading-title elementor-size-default\">H\u00f4tel \u00e0 Val Pellice<\/h1>\t\t\t\t<\/div>\n\t\t\t\t<\/div>\n\t\t\t\t\t<\/div>\n\t\t<\/div>\n\t\t\t\t\t<\/div>\n\t\t<\/section>\n\t\t\t\t<section class=\"elementor-section elementor-inner-section elementor-element elementor-element-38ba01d elementor-section-boxed elementor-section-height-default elementor-section-height-default\" data-id=\"38ba01d\" data-element_type=\"section\" data-e-type=\"section\">\n\t\t\t\t\t\t<div class=\"elementor-container elementor-column-gap-default\">\n\t\t\t\t\t<div class=\"elementor-column elementor-col-50 elementor-inner-column elementor-element elementor-element-aea9e32\" data-id=\"aea9e32\" data-element_type=\"column\" data-e-type=\"column\">\n\t\t\t<div class=\"elementor-widget-wrap elementor-element-populated\">\n\t\t\t\t\t\t<div class=\"elementor-element elementor-element-d5cbe28 elementor-widget elementor-widget-heading\" data-id=\"d5cbe28\" data-element_type=\"widget\" data-e-type=\"widget\" data-widget_type=\"heading.default\">\n\t\t\t\t<div class=\"elementor-widget-container\">\n\t\t\t\t\t<h2 class=\"elementor-heading-title elementor-size-default\">Situ\u00e9 dans le village de Torre Pellice, coeur des vall\u00e9es Vaudoises, cet h\u00f4tel-restaurant \u00e0 gestion familiale est le lieu id\u00e9al pour appr\u00e9cier toute la chaleur de l\u2019hospitalit\u00e9, dans un milieu tranquille aux pieds des Alpes Cottiae. <\/h2>\t\t\t\t<\/div>\n\t\t\t\t<\/div>\n\t\t\t\t\t<\/div>\n\t\t<\/div>\n\t\t\t\t<div class=\"elementor-column elementor-col-50 elementor-inner-column elementor-element elementor-element-96f431d\" data-id=\"96f431d\" data-element_type=\"column\" data-e-type=\"column\">\n\t\t\t<div class=\"elementor-widget-wrap elementor-element-populated\">\n\t\t\t\t\t\t<div class=\"elementor-element elementor-element-a3b94bc elementor-widget elementor-widget-text-editor\" data-id=\"a3b94bc\" data-element_type=\"widget\" data-e-type=\"widget\" data-widget_type=\"text-editor.default\">\n\t\t\t\t<div class=\"elementor-widget-container\">\n\t\t\t\t\t\t\t\t\tLe site satisfait les int\u00e9r\u00eats et les exigences les plus diff\u00e9rentes, en donnant la possibilit\u00e9 de faire des s\u00e9jours nature parmi les nombreux sentier et refuges environnants, de passer des vacances culturelles, qui reparcourent l\u2019histoire vaudoise et encore de visiter la ville de Turin et la r\u00e9gion des Langhe.\n\nD\u00e9finie par l\u2019\u00e9crivant italien Edmondo De Amicis \u00ab la Gen\u00e8ve italienne \u00bb, Torre Pellice est un tout petit village, qui en \u00e9t\u00e9 s\u2019anime avec ses activit\u00e9s et f\u00eates culturelles et pendant l\u2019hiver se colore d\u2019une passion blanche et rouge li\u00e9e \u00e0 la Valpe, l\u2019\u00e9quipe historienne d\u2019hockey sur glace.\n\n\t\t\t\t\t\t\t\t<\/div>\n\t\t\t\t<\/div>\n\t\t\t\t\t<\/div>\n\t\t<\/div>\n\t\t\t\t\t<\/div>\n\t\t<\/section>\n\t\t\t\t\t<\/div>\n\t\t<\/div>\n\t\t\t\t\t<\/div>\n\t\t<\/section>\n\t\t\t\t<section class=\"elementor-section elementor-top-section elementor-element elementor-element-c1337c8 elementor-section-content-middle elementor-reverse-tablet elementor-section-boxed elementor-section-height-default elementor-section-height-default\" data-id=\"c1337c8\" data-element_type=\"section\" data-e-type=\"section\">\n\t\t\t\t\t\t<div class=\"elementor-container elementor-column-gap-wide\">\n\t\t\t\t\t<div class=\"elementor-column elementor-col-33 elementor-top-column elementor-element elementor-element-112f2fe\" data-id=\"112f2fe\" data-element_type=\"column\" data-e-type=\"column\">\n\t\t\t<div class=\"elementor-widget-wrap elementor-element-populated\">\n\t\t\t\t\t\t<div class=\"elementor-element elementor-element-d8da501 elementor-widget elementor-widget-text-editor\" data-id=\"d8da501\" data-element_type=\"widget\" data-e-type=\"widget\" data-widget_type=\"text-editor.default\">\n\t\t\t\t<div class=\"elementor-widget-container\">\n\t\t\t\t\t\t\t\t\t<p>La structure de l\u2019H\u00f4tel Centro dispose d\u2019un restaurant \u00e9l\u00e9gant et tr\u00e8s raffin\u00e9s pour c\u00e9r\u00e9monies et occasions sp\u00e9ciales, d\u2019une brasserie informelle pour un d\u00eener parmi des amis ou bien un rapide d\u00e9jeuner de travail et de dix chambres avec tous les conforts possibles.<\/p><p>Le milieu accueillant, le paysage environnant et la gentillesse de notre staff rendront votre s\u00e9jour inoubliable. En plus, la proximit\u00e9 \u00e0 Pinerolo, seulement dix minutes, rend la structure facilement accessible.<\/p>\t\t\t\t\t\t\t\t<\/div>\n\t\t\t\t<\/div>\n\t\t\t\t\t<\/div>\n\t\t<\/div>\n\t\t\t\t<div class=\"elementor-column elementor-col-33 elementor-top-column elementor-element elementor-element-bbdc0ee\" data-id=\"bbdc0ee\" data-element_type=\"column\" data-e-type=\"column\">\n\t\t\t<div class=\"elementor-widget-wrap elementor-element-populated\">\n\t\t\t\t\t\t<div class=\"elementor-element elementor-element-714cc62 elementor-widget elementor-widget-image\" data-id=\"714cc62\" data-element_type=\"widget\" data-e-type=\"widget\" data-widget_type=\"image.default\">\n\t\t\t\t<div class=\"elementor-widget-container\">\n\t\t\t\t\t\t\t\t\t\t\t\t\t\t\t<img decoding=\"async\" src=\"https:\/\/www.hotelcentro.it\/wp-content\/uploads\/elementor\/thumbs\/MATRIMONIALE-3-1-o5j43tfic5sdufsg5m95je3xzwvrezhep1uwgn4knc.jpg\" title=\"MATRIMONIALE-3\" alt=\"MATRIMONIALE-3\" loading=\"lazy\" \/>\t\t\t\t\t\t\t\t\t\t\t\t\t\t\t<\/div>\n\t\t\t\t<\/div>\n\t\t\t\t\t<\/div>\n\t\t<\/div>\n\t\t\t\t<div class=\"elementor-column elementor-col-33 elementor-top-column elementor-element elementor-element-a81cacc\" data-id=\"a81cacc\" data-element_type=\"column\" data-e-type=\"column\">\n\t\t\t<div class=\"elementor-widget-wrap elementor-element-populated\">\n\t\t\t\t\t\t<div class=\"elementor-element elementor-element-4344a33 elementor-widget elementor-widget-image\" data-id=\"4344a33\" data-element_type=\"widget\" data-e-type=\"widget\" data-widget_type=\"image.default\">\n\t\t\t\t<div class=\"elementor-widget-container\">\n\t\t\t\t\t\t\t\t\t\t\t\t\t\t\t<img decoding=\"async\" src=\"https:\/\/www.hotelcentro.it\/wp-content\/uploads\/elementor\/thumbs\/1-o5j43tfic5sdufsg5m95je3xzwvrezhep1uwgn4knc.jpg\" title=\"1\" alt=\"1\" loading=\"lazy\" \/>\t\t\t\t\t\t\t\t\t\t\t\t\t\t\t<\/div>\n\t\t\t\t<\/div>\n\t\t\t\t\t<\/div>\n\t\t<\/div>\n\t\t\t\t\t<\/div>\n\t\t<\/section>\n\t\t\t\t<section class=\"elementor-section elementor-top-section elementor-element elementor-element-69fbfed elementor-section-boxed elementor-section-height-default elementor-section-height-default\" data-id=\"69fbfed\" data-element_type=\"section\" data-e-type=\"section\" data-settings=\"{&quot;background_background&quot;:&quot;classic&quot;}\">\n\t\t\t\t\t\t<div class=\"elementor-container elementor-column-gap-default\">\n\t\t\t\t\t<div class=\"elementor-column elementor-col-100 elementor-top-column elementor-element elementor-element-ecf0ff8\" data-id=\"ecf0ff8\" data-element_type=\"column\" data-e-type=\"column\">\n\t\t\t<div class=\"elementor-widget-wrap elementor-element-populated\">\n\t\t\t\t\t\t<div class=\"elementor-element elementor-element-40682d8 elementor-widget elementor-widget-sidebar\" data-id=\"40682d8\" data-element_type=\"widget\" data-e-type=\"widget\" data-widget_type=\"sidebar.default\">\n\t\t\t\t<div class=\"elementor-widget-container\">\n\t\t\t\t\t<div id=\"custom_html-7\" class=\"widget_text sidebar-box widget_custom_html clr\"><div class=\"textwidget custom-html-widget\"><script class=\"kas_online_reception\" src= \"https:\/\/wubook.net\/js\/nebk\/bwidget.jgz\" data-wid=\"bb37aa12-a1ab-45e4-8b98-74a15946963c\"><\/script>\r\n<!-- put the following div where WuBook should be designed. Make sure to preserve the div contents (backlink) -->\r\n<div id=\"_wbord_\"><a style=\"display: block; margin-top: 5px; text-decoration: none; border: none;\" href=\"http:\/\/wubook.net\/\" target=\"_blank\">\r\n<\/a><\/div>\r\n<!-- Initialize the WuBook Object. Collect params settings. Call WuBook.design_rwidget(). Notice WuBook Object provides a lot of interesting features. -->\r\n<script>\r\n  var WuBook= new _WuBook(1508827303);\r\n  var wbparams= {\r\n    bordercolor: '#e8e8e8',\r\n    lang: 'it',\r\n    buttoncolor: '#3a486d',\r\n    failback_lang: 'it',\r\n    wbgoogle: 1,\r\n    bgcolor: '#e8e8e8',\r\n    dcodeval: '',\r\n    iconcolor: '#3a486d',\r\n    textcolor: '#3a486d',\r\n    default_nights: 2,\r\n\t\tcss: \".form-group input{font-family:Spinnaker, Sans-serif !important; font-size: 9px !important; font-weight: 400 !important; text-transform: uppercase !important; letter-spacing: 3px !important;line-height: 2em !important;     margin-bottom: 0px;} .form-group label{font-family: Cormorant Garamond, Sans-serif; font-weight: 400;} .form-control { background-color:rgba(255, 255, 255, 0.40);  border:none;} .sidebar-box {margin-bottom: 40px;} \"\r\n  };\r\n  WuBook.design_rwidget(\"_wbord_\", wbparams);\r\n<\/script>\r\n<!-- that's all Thank you for using WuBook! --><\/div><\/div>\t\t\t\t<\/div>\n\t\t\t\t<\/div>\n\t\t\t\t\t<\/div>\n\t\t<\/div>\n\t\t\t\t\t<\/div>\n\t\t<\/section>\n\t\t\t\t<\/div>\n\t\t","protected":false},"excerpt":{"rendered":"<p>H\u00f4tel \u00e0 Val Pellice Situ\u00e9 dans le village de Torre Pellice, coeur des vall\u00e9es Vaudoises, cet h\u00f4tel-restaurant \u00e0 gestion familiale est le lieu id\u00e9al pour appr\u00e9cier toute la chaleur de l\u2019hospitalit\u00e9, dans un milieu tranquille aux pieds des Alpes Cottiae. Le site satisfait les int\u00e9r\u00eats et les exigences les plus diff\u00e9rentes, en donnant la possibilit\u00e9 [&hellip;]<\/p>\n","protected":false},"author":3,"featured_media":0,"parent":0,"menu_order":0,"comment_status":"closed","ping_status":"closed","template":"","meta":{"_acf_changed":false,"ocean_post_layout":"","ocean_both_sidebars_style":"","ocean_both_sidebars_content_width":0,"ocean_both_sidebars_sidebars_width":0,"ocean_sidebar":"0","ocean_second_sidebar":"0","ocean_disable_margins":"enable","ocean_add_body_class":"","ocean_shortcode_before_top_bar":"","ocean_shortcode_after_top_bar":"","ocean_shortcode_before_header":"","ocean_shortcode_after_header":"","ocean_has_shortcode":"","ocean_shortcode_after_title":"","ocean_shortcode_before_footer_widgets":"","ocean_shortcode_after_footer_widgets":"","ocean_shortcode_before_footer_bottom":"","ocean_shortcode_after_footer_bottom":"","ocean_display_top_bar":"off","ocean_display_header":"default","ocean_header_style":"","ocean_center_header_left_menu":"0","ocean_custom_header_template":"131","ocean_custom_logo":0,"ocean_custom_retina_logo":0,"ocean_custom_logo_max_width":0,"ocean_custom_logo_tablet_max_width":0,"ocean_custom_logo_mobile_max_width":0,"ocean_custom_logo_max_height":0,"ocean_custom_logo_tablet_max_height":0,"ocean_custom_logo_mobile_max_height":0,"ocean_header_custom_menu":"0","ocean_menu_typo_font_family":"Josefin Sans","ocean_menu_typo_font_subset":"","ocean_menu_typo_font_size":0,"ocean_menu_typo_font_size_tablet":0,"ocean_menu_typo_font_size_mobile":0,"ocean_menu_typo_font_size_unit":"px","ocean_menu_typo_font_weight":"","ocean_menu_typo_font_weight_tablet":"","ocean_menu_typo_font_weight_mobile":"","ocean_menu_typo_transform":"","ocean_menu_typo_transform_tablet":"","ocean_menu_typo_transform_mobile":"","ocean_menu_typo_line_height":0,"ocean_menu_typo_line_height_tablet":0,"ocean_menu_typo_line_height_mobile":0,"ocean_menu_typo_line_height_unit":"","ocean_menu_typo_spacing":0,"ocean_menu_typo_spacing_tablet":0,"ocean_menu_typo_spacing_mobile":0,"ocean_menu_typo_spacing_unit":"","ocean_menu_link_color":"#ffffff","ocean_menu_link_color_hover":"#ffffff","ocean_menu_link_color_active":"#ffffff","ocean_menu_link_background":"","ocean_menu_link_hover_background":"","ocean_menu_link_active_background":"","ocean_menu_social_links_bg":"","ocean_menu_social_hover_links_bg":"","ocean_menu_social_links_color":"","ocean_menu_social_hover_links_color":"","ocean_disable_title":"on","ocean_disable_heading":"default","ocean_post_title":"","ocean_post_subheading":"","ocean_post_title_style":"","ocean_post_title_background_color":"","ocean_post_title_background":0,"ocean_post_title_bg_image_position":"","ocean_post_title_bg_image_attachment":"","ocean_post_title_bg_image_repeat":"","ocean_post_title_bg_image_size":"","ocean_post_title_height":0,"ocean_post_title_bg_overlay":0.5,"ocean_post_title_bg_overlay_color":"","ocean_disable_breadcrumbs":"off","ocean_breadcrumbs_color":"","ocean_breadcrumbs_separator_color":"","ocean_breadcrumbs_links_color":"","ocean_breadcrumbs_links_hover_color":"","ocean_display_footer_widgets":"off","ocean_display_footer_bottom":"off","ocean_custom_footer_template":"0","footnotes":""},"class_list":["post-1444","page","type-page","status-publish","hentry","entry"],"acf":[],"yoast_head":"<!-- This site is optimized with the Yoast SEO plugin v27.3 - https:\/\/yoast.com\/product\/yoast-seo-wordpress\/ -->\n<title>Meilleur h\u00f4tel de Val Pellice | Hotel Centro<\/title>\n<meta name=\"description\" content=\"Hotel Centro, h\u00f4tel \u00e0 Val Pellice. Hotel Centro. Via Caduti per la Libert\u00e0, 7, Torre Pellice (TO). T\u00e9l.0121.932006 \/ 933062 Mail: info@hotelcentro.it\" \/>\n<meta name=\"robots\" content=\"index, follow, max-snippet:-1, max-image-preview:large, max-video-preview:-1\" \/>\n<link rel=\"canonical\" href=\"https:\/\/www.hotelcentro.it\/fr\/hotel\/\" \/>\n<meta property=\"og:locale\" content=\"fr_FR\" \/>\n<meta property=\"og:type\" content=\"article\" \/>\n<meta property=\"og:title\" content=\"Meilleur h\u00f4tel de Val Pellice | Hotel Centro\" \/>\n<meta property=\"og:description\" content=\"Hotel Centro, h\u00f4tel \u00e0 Val Pellice. Hotel Centro. Via Caduti per la Libert\u00e0, 7, Torre Pellice (TO). T\u00e9l.0121.932006 \/ 933062 Mail: info@hotelcentro.it\" \/>\n<meta property=\"og:url\" content=\"https:\/\/www.hotelcentro.it\/fr\/hotel\/\" \/>\n<meta property=\"og:site_name\" content=\"Hotel Centro\" \/>\n<meta property=\"article:modified_time\" content=\"2019-12-17T16:57:36+00:00\" \/>\n<meta property=\"og:image\" content=\"https:\/\/www.hotelcentro.it\/wp-content\/uploads\/elementor\/thumbs\/MATRIMONIALE-3-1-o1t0evnva8vrqjjf7fohcxz8sdv8v2oq62qa7zkux4.jpg\" \/>\n<meta name=\"twitter:card\" content=\"summary_large_image\" \/>\n<meta name=\"twitter:label1\" content=\"Est. reading time\" \/>\n\t<meta name=\"twitter:data1\" content=\"1 minute\" \/>\n<script type=\"application\/ld+json\" class=\"yoast-schema-graph\">{\"@context\":\"https:\\\/\\\/schema.org\",\"@graph\":[{\"@type\":\"WebPage\",\"@id\":\"https:\\\/\\\/www.hotelcentro.it\\\/fr\\\/hotel\\\/\",\"url\":\"https:\\\/\\\/www.hotelcentro.it\\\/fr\\\/hotel\\\/\",\"name\":\"Meilleur h\u00f4tel de Val Pellice | Hotel Centro\",\"isPartOf\":{\"@id\":\"https:\\\/\\\/www.hotelcentro.it\\\/fr\\\/#website\"},\"primaryImageOfPage\":{\"@id\":\"https:\\\/\\\/www.hotelcentro.it\\\/fr\\\/hotel\\\/#primaryimage\"},\"image\":{\"@id\":\"https:\\\/\\\/www.hotelcentro.it\\\/fr\\\/hotel\\\/#primaryimage\"},\"thumbnailUrl\":\"https:\\\/\\\/www.hotelcentro.it\\\/wp-content\\\/uploads\\\/elementor\\\/thumbs\\\/MATRIMONIALE-3-1-o1t0evnva8vrqjjf7fohcxz8sdv8v2oq62qa7zkux4.jpg\",\"datePublished\":\"2019-01-23T08:21:43+00:00\",\"dateModified\":\"2019-12-17T16:57:36+00:00\",\"description\":\"Hotel Centro, h\u00f4tel \u00e0 Val Pellice. Hotel Centro. Via Caduti per la Libert\u00e0, 7, Torre Pellice (TO). T\u00e9l.0121.932006 \\\/ 933062 Mail: info@hotelcentro.it\",\"breadcrumb\":{\"@id\":\"https:\\\/\\\/www.hotelcentro.it\\\/fr\\\/hotel\\\/#breadcrumb\"},\"inLanguage\":\"fr-FR\",\"potentialAction\":[{\"@type\":\"ReadAction\",\"target\":[\"https:\\\/\\\/www.hotelcentro.it\\\/fr\\\/hotel\\\/\"]}]},{\"@type\":\"ImageObject\",\"inLanguage\":\"fr-FR\",\"@id\":\"https:\\\/\\\/www.hotelcentro.it\\\/fr\\\/hotel\\\/#primaryimage\",\"url\":\"https:\\\/\\\/www.hotelcentro.it\\\/wp-content\\\/uploads\\\/elementor\\\/thumbs\\\/MATRIMONIALE-3-1-o1t0evnva8vrqjjf7fohcxz8sdv8v2oq62qa7zkux4.jpg\",\"contentUrl\":\"https:\\\/\\\/www.hotelcentro.it\\\/wp-content\\\/uploads\\\/elementor\\\/thumbs\\\/MATRIMONIALE-3-1-o1t0evnva8vrqjjf7fohcxz8sdv8v2oq62qa7zkux4.jpg\"},{\"@type\":\"BreadcrumbList\",\"@id\":\"https:\\\/\\\/www.hotelcentro.it\\\/fr\\\/hotel\\\/#breadcrumb\",\"itemListElement\":[{\"@type\":\"ListItem\",\"position\":1,\"name\":\"Home\",\"item\":\"https:\\\/\\\/www.hotelcentro.it\\\/fr\\\/\"},{\"@type\":\"ListItem\",\"position\":2,\"name\":\"Hotel\"}]},{\"@type\":\"WebSite\",\"@id\":\"https:\\\/\\\/www.hotelcentro.it\\\/fr\\\/#website\",\"url\":\"https:\\\/\\\/www.hotelcentro.it\\\/fr\\\/\",\"name\":\"Hotel Centro\",\"description\":\"\",\"publisher\":{\"@id\":\"https:\\\/\\\/www.hotelcentro.it\\\/fr\\\/#organization\"},\"potentialAction\":[{\"@type\":\"SearchAction\",\"target\":{\"@type\":\"EntryPoint\",\"urlTemplate\":\"https:\\\/\\\/www.hotelcentro.it\\\/fr\\\/?s={search_term_string}\"},\"query-input\":{\"@type\":\"PropertyValueSpecification\",\"valueRequired\":true,\"valueName\":\"search_term_string\"}}],\"inLanguage\":\"fr-FR\"},{\"@type\":\"Organization\",\"@id\":\"https:\\\/\\\/www.hotelcentro.it\\\/fr\\\/#organization\",\"name\":\"Hotel centro\",\"url\":\"https:\\\/\\\/www.hotelcentro.it\\\/fr\\\/\",\"logo\":{\"@type\":\"ImageObject\",\"inLanguage\":\"fr-FR\",\"@id\":\"https:\\\/\\\/www.hotelcentro.it\\\/fr\\\/#\\\/schema\\\/logo\\\/image\\\/\",\"url\":\"https:\\\/\\\/www.hotelcentro.it\\\/wp-content\\\/uploads\\\/2021\\\/10\\\/favivon-hotel-centro.png\",\"contentUrl\":\"https:\\\/\\\/www.hotelcentro.it\\\/wp-content\\\/uploads\\\/2021\\\/10\\\/favivon-hotel-centro.png\",\"width\":147,\"height\":147,\"caption\":\"Hotel centro\"},\"image\":{\"@id\":\"https:\\\/\\\/www.hotelcentro.it\\\/fr\\\/#\\\/schema\\\/logo\\\/image\\\/\"}}]}<\/script>\n<!-- \/ Yoast SEO plugin. -->","yoast_head_json":{"title":"Meilleur h\u00f4tel de Val Pellice | Hotel Centro","description":"Hotel Centro, h\u00f4tel \u00e0 Val Pellice. Hotel Centro. Via Caduti per la Libert\u00e0, 7, Torre Pellice (TO). T\u00e9l.0121.932006 \/ 933062 Mail: info@hotelcentro.it","robots":{"index":"index","follow":"follow","max-snippet":"max-snippet:-1","max-image-preview":"max-image-preview:large","max-video-preview":"max-video-preview:-1"},"canonical":"https:\/\/www.hotelcentro.it\/fr\/hotel\/","og_locale":"fr_FR","og_type":"article","og_title":"Meilleur h\u00f4tel de Val Pellice | Hotel Centro","og_description":"Hotel Centro, h\u00f4tel \u00e0 Val Pellice. Hotel Centro. Via Caduti per la Libert\u00e0, 7, Torre Pellice (TO). T\u00e9l.0121.932006 \/ 933062 Mail: info@hotelcentro.it","og_url":"https:\/\/www.hotelcentro.it\/fr\/hotel\/","og_site_name":"Hotel Centro","article_modified_time":"2019-12-17T16:57:36+00:00","og_image":[{"url":"https:\/\/www.hotelcentro.it\/wp-content\/uploads\/elementor\/thumbs\/MATRIMONIALE-3-1-o1t0evnva8vrqjjf7fohcxz8sdv8v2oq62qa7zkux4.jpg","type":"","width":"","height":""}],"twitter_card":"summary_large_image","twitter_misc":{"Est. reading time":"1 minute"},"schema":{"@context":"https:\/\/schema.org","@graph":[{"@type":"WebPage","@id":"https:\/\/www.hotelcentro.it\/fr\/hotel\/","url":"https:\/\/www.hotelcentro.it\/fr\/hotel\/","name":"Meilleur h\u00f4tel de Val Pellice | Hotel Centro","isPartOf":{"@id":"https:\/\/www.hotelcentro.it\/fr\/#website"},"primaryImageOfPage":{"@id":"https:\/\/www.hotelcentro.it\/fr\/hotel\/#primaryimage"},"image":{"@id":"https:\/\/www.hotelcentro.it\/fr\/hotel\/#primaryimage"},"thumbnailUrl":"https:\/\/www.hotelcentro.it\/wp-content\/uploads\/elementor\/thumbs\/MATRIMONIALE-3-1-o1t0evnva8vrqjjf7fohcxz8sdv8v2oq62qa7zkux4.jpg","datePublished":"2019-01-23T08:21:43+00:00","dateModified":"2019-12-17T16:57:36+00:00","description":"Hotel Centro, h\u00f4tel \u00e0 Val Pellice. Hotel Centro. Via Caduti per la Libert\u00e0, 7, Torre Pellice (TO). T\u00e9l.0121.932006 \/ 933062 Mail: info@hotelcentro.it","breadcrumb":{"@id":"https:\/\/www.hotelcentro.it\/fr\/hotel\/#breadcrumb"},"inLanguage":"fr-FR","potentialAction":[{"@type":"ReadAction","target":["https:\/\/www.hotelcentro.it\/fr\/hotel\/"]}]},{"@type":"ImageObject","inLanguage":"fr-FR","@id":"https:\/\/www.hotelcentro.it\/fr\/hotel\/#primaryimage","url":"https:\/\/www.hotelcentro.it\/wp-content\/uploads\/elementor\/thumbs\/MATRIMONIALE-3-1-o1t0evnva8vrqjjf7fohcxz8sdv8v2oq62qa7zkux4.jpg","contentUrl":"https:\/\/www.hotelcentro.it\/wp-content\/uploads\/elementor\/thumbs\/MATRIMONIALE-3-1-o1t0evnva8vrqjjf7fohcxz8sdv8v2oq62qa7zkux4.jpg"},{"@type":"BreadcrumbList","@id":"https:\/\/www.hotelcentro.it\/fr\/hotel\/#breadcrumb","itemListElement":[{"@type":"ListItem","position":1,"name":"Home","item":"https:\/\/www.hotelcentro.it\/fr\/"},{"@type":"ListItem","position":2,"name":"Hotel"}]},{"@type":"WebSite","@id":"https:\/\/www.hotelcentro.it\/fr\/#website","url":"https:\/\/www.hotelcentro.it\/fr\/","name":"Hotel Centro","description":"","publisher":{"@id":"https:\/\/www.hotelcentro.it\/fr\/#organization"},"potentialAction":[{"@type":"SearchAction","target":{"@type":"EntryPoint","urlTemplate":"https:\/\/www.hotelcentro.it\/fr\/?s={search_term_string}"},"query-input":{"@type":"PropertyValueSpecification","valueRequired":true,"valueName":"search_term_string"}}],"inLanguage":"fr-FR"},{"@type":"Organization","@id":"https:\/\/www.hotelcentro.it\/fr\/#organization","name":"Hotel centro","url":"https:\/\/www.hotelcentro.it\/fr\/","logo":{"@type":"ImageObject","inLanguage":"fr-FR","@id":"https:\/\/www.hotelcentro.it\/fr\/#\/schema\/logo\/image\/","url":"https:\/\/www.hotelcentro.it\/wp-content\/uploads\/2021\/10\/favivon-hotel-centro.png","contentUrl":"https:\/\/www.hotelcentro.it\/wp-content\/uploads\/2021\/10\/favivon-hotel-centro.png","width":147,"height":147,"caption":"Hotel centro"},"image":{"@id":"https:\/\/www.hotelcentro.it\/fr\/#\/schema\/logo\/image\/"}}]}},"_links":{"self":[{"href":"https:\/\/www.hotelcentro.it\/fr\/wp-json\/wp\/v2\/pages\/1444","targetHints":{"allow":["GET"]}}],"collection":[{"href":"https:\/\/www.hotelcentro.it\/fr\/wp-json\/wp\/v2\/pages"}],"about":[{"href":"https:\/\/www.hotelcentro.it\/fr\/wp-json\/wp\/v2\/types\/page"}],"author":[{"embeddable":true,"href":"https:\/\/www.hotelcentro.it\/fr\/wp-json\/wp\/v2\/users\/3"}],"replies":[{"embeddable":true,"href":"https:\/\/www.hotelcentro.it\/fr\/wp-json\/wp\/v2\/comments?post=1444"}],"version-history":[{"count":9,"href":"https:\/\/www.hotelcentro.it\/fr\/wp-json\/wp\/v2\/pages\/1444\/revisions"}],"predecessor-version":[{"id":2759,"href":"https:\/\/www.hotelcentro.it\/fr\/wp-json\/wp\/v2\/pages\/1444\/revisions\/2759"}],"wp:attachment":[{"href":"https:\/\/www.hotelcentro.it\/fr\/wp-json\/wp\/v2\/media?parent=1444"}],"curies":[{"name":"wp","href":"https:\/\/api.w.org\/{rel}","templated":true}]}}