{"id":1431,"date":"2019-01-23T10:08:04","date_gmt":"2019-01-23T09:08:04","guid":{"rendered":"https:\/\/www.hotelcentro.it\/gallery\/"},"modified":"2019-12-17T17:49:01","modified_gmt":"2019-12-17T16:49:01","slug":"gallery","status":"publish","type":"page","link":"https:\/\/www.hotelcentro.it\/fr\/gallery\/","title":{"rendered":"Gallery"},"content":{"rendered":"\t\t<div data-elementor-type=\"wp-post\" data-elementor-id=\"1431\" class=\"elementor elementor-1431 elementor-486 elementor-bc-flex-widget\" data-elementor-post-type=\"page\">\n\t\t\t\t\t\t<section class=\"elementor-section elementor-top-section elementor-element elementor-element-c710c18 elementor-section-stretched elementor-section-boxed elementor-section-height-default elementor-section-height-default\" data-id=\"c710c18\" data-element_type=\"section\" data-e-type=\"section\" data-settings=\"{&quot;stretch_section&quot;:&quot;section-stretched&quot;,&quot;background_background&quot;:&quot;classic&quot;}\">\n\t\t\t\t\t\t<div class=\"elementor-container elementor-column-gap-default\">\n\t\t\t\t\t<div class=\"elementor-column elementor-col-100 elementor-top-column elementor-element elementor-element-9285ce2\" data-id=\"9285ce2\" data-element_type=\"column\" data-e-type=\"column\">\n\t\t\t<div class=\"elementor-widget-wrap elementor-element-populated\">\n\t\t\t\t\t\t<div class=\"elementor-element elementor-element-282858f elementor-widget elementor-widget-heading\" data-id=\"282858f\" data-element_type=\"widget\" data-e-type=\"widget\" data-widget_type=\"heading.default\">\n\t\t\t\t<div class=\"elementor-widget-container\">\n\t\t\t\t\t<h1 class=\"elementor-heading-title elementor-size-default\">Galerie<\/h1>\t\t\t\t<\/div>\n\t\t\t\t<\/div>\n\t\t\t\t<div class=\"elementor-element elementor-element-7c21698 elementor-widget elementor-widget-text-editor\" data-id=\"7c21698\" data-element_type=\"widget\" data-e-type=\"widget\" data-widget_type=\"text-editor.default\">\n\t\t\t\t<div class=\"elementor-widget-container\">\n\t\t\t\t\t\t\t\t\t<p>Vous cherchez des h\u00f4tels \u00e0 Torre Pellice?<br \/>D\u00e9couvrez la galerie de photos de l&#8217;h\u00f4tel Centro et laissez-vous conqu\u00e9rir!<\/p>\t\t\t\t\t\t\t\t<\/div>\n\t\t\t\t<\/div>\n\t\t\t\t\t<\/div>\n\t\t<\/div>\n\t\t\t\t\t<\/div>\n\t\t<\/section>\n\t\t\t\t<section class=\"elementor-section elementor-top-section elementor-element elementor-element-6450acf elementor-section-content-middle elementor-section-boxed elementor-section-height-default elementor-section-height-default\" data-id=\"6450acf\" data-element_type=\"section\" data-e-type=\"section\" data-settings=\"{&quot;background_background&quot;:&quot;classic&quot;}\">\n\t\t\t\t\t\t<div class=\"elementor-container elementor-column-gap-extended\">\n\t\t\t\t\t<div class=\"elementor-column elementor-col-100 elementor-top-column elementor-element elementor-element-1d9084f\" data-id=\"1d9084f\" data-element_type=\"column\" data-e-type=\"column\" data-settings=\"{&quot;background_background&quot;:&quot;classic&quot;}\">\n\t\t\t<div class=\"elementor-widget-wrap elementor-element-populated\">\n\t\t\t\t\t\t<div class=\"elementor-element elementor-element-e07f373 elementor-widget elementor-widget-heading\" data-id=\"e07f373\" data-element_type=\"widget\" data-e-type=\"widget\" data-widget_type=\"heading.default\">\n\t\t\t\t<div class=\"elementor-widget-container\">\n\t\t\t\t\t<h3 class=\"elementor-heading-title elementor-size-default\">Contacts<\/h3>\t\t\t\t<\/div>\n\t\t\t\t<\/div>\n\t\t\t\t<div class=\"elementor-element elementor-element-7c1d610 elementor-widget elementor-widget-text-editor\" data-id=\"7c1d610\" data-element_type=\"widget\" data-e-type=\"widget\" data-widget_type=\"text-editor.default\">\n\t\t\t\t<div class=\"elementor-widget-container\">\n\t\t\t\t\t\t\t\t\t<p>Pour plus d&#8217;informations sur nos chambres, notre restaurant ou nos services, n&#8217;h\u00e9sitez pas \u00e0 nous contacter!<\/p>\t\t\t\t\t\t\t\t<\/div>\n\t\t\t\t<\/div>\n\t\t\t\t<div class=\"elementor-element elementor-element-bff27c4 elementor-widget elementor-widget-button\" data-id=\"bff27c4\" data-element_type=\"widget\" data-e-type=\"widget\" data-widget_type=\"button.default\">\n\t\t\t\t<div class=\"elementor-widget-container\">\n\t\t\t\t\t\t\t\t\t<div class=\"elementor-button-wrapper\">\n\t\t\t\t\t<a class=\"elementor-button elementor-button-link elementor-size-sm\" href=\"https:\/\/www.hotelcentro.it\/fr\/contatti\/\">\n\t\t\t\t\t\t<span class=\"elementor-button-content-wrapper\">\n\t\t\t\t\t\t<span class=\"elementor-button-icon\">\n\t\t\t\t\t\t\t\t\t<i class=\"fa fa-long-arrow-right\" aria-hidden=\"true\"><\/i>\n\t\t\t\t\t\t\t<\/span>\n\t\t\t\t\t\t\t\t\t<span class=\"elementor-button-text\">contact<\/span>\n\t\t\t\t\t<\/span>\n\t\t\t\t\t<\/a>\n\t\t\t\t<\/div>\n\t\t\t\t\t\t\t\t<\/div>\n\t\t\t\t<\/div>\n\t\t\t\t\t<\/div>\n\t\t<\/div>\n\t\t\t\t\t<\/div>\n\t\t<\/section>\n\t\t\t\t<section class=\"elementor-section elementor-top-section elementor-element elementor-element-63cf1e5 elementor-section-boxed elementor-section-height-default elementor-section-height-default\" data-id=\"63cf1e5\" data-element_type=\"section\" data-e-type=\"section\" data-settings=\"{&quot;background_background&quot;:&quot;classic&quot;}\">\n\t\t\t\t\t\t<div class=\"elementor-container elementor-column-gap-default\">\n\t\t\t\t\t<div class=\"elementor-column elementor-col-100 elementor-top-column elementor-element elementor-element-e33916e\" data-id=\"e33916e\" data-element_type=\"column\" data-e-type=\"column\">\n\t\t\t<div class=\"elementor-widget-wrap elementor-element-populated\">\n\t\t\t\t\t\t<div class=\"elementor-element elementor-element-95b0d02 elementor-widget elementor-widget-sidebar\" data-id=\"95b0d02\" data-element_type=\"widget\" data-e-type=\"widget\" data-widget_type=\"sidebar.default\">\n\t\t\t\t<div class=\"elementor-widget-container\">\n\t\t\t\t\t<div id=\"custom_html-7\" class=\"widget_text sidebar-box widget_custom_html clr\"><div class=\"textwidget custom-html-widget\"><script class=\"kas_online_reception\" src= \"https:\/\/wubook.net\/js\/nebk\/bwidget.jgz\" data-wid=\"bb37aa12-a1ab-45e4-8b98-74a15946963c\"><\/script>\r\n<!-- put the following div where WuBook should be designed. Make sure to preserve the div contents (backlink) -->\r\n<div id=\"_wbord_\"><a style=\"display: block; margin-top: 5px; text-decoration: none; border: none;\" href=\"http:\/\/wubook.net\/\" target=\"_blank\">\r\n<\/a><\/div>\r\n<!-- Initialize the WuBook Object. Collect params settings. Call WuBook.design_rwidget(). Notice WuBook Object provides a lot of interesting features. -->\r\n<script>\r\n  var WuBook= new _WuBook(1508827303);\r\n  var wbparams= {\r\n    bordercolor: '#e8e8e8',\r\n    lang: 'it',\r\n    buttoncolor: '#3a486d',\r\n    failback_lang: 'it',\r\n    wbgoogle: 1,\r\n    bgcolor: '#e8e8e8',\r\n    dcodeval: '',\r\n    iconcolor: '#3a486d',\r\n    textcolor: '#3a486d',\r\n    default_nights: 2,\r\n\t\tcss: \".form-group input{font-family:Spinnaker, Sans-serif !important; font-size: 9px !important; font-weight: 400 !important; text-transform: uppercase !important; letter-spacing: 3px !important;line-height: 2em !important;     margin-bottom: 0px;} .form-group label{font-family: Cormorant Garamond, Sans-serif; font-weight: 400;} .form-control { background-color:rgba(255, 255, 255, 0.40);  border:none;} .sidebar-box {margin-bottom: 40px;} \"\r\n  };\r\n  WuBook.design_rwidget(\"_wbord_\", wbparams);\r\n<\/script>\r\n<!-- that's all Thank you for using WuBook! --><\/div><\/div>\t\t\t\t<\/div>\n\t\t\t\t<\/div>\n\t\t\t\t\t<\/div>\n\t\t<\/div>\n\t\t\t\t\t<\/div>\n\t\t<\/section>\n\t\t\t\t<\/div>\n\t\t","protected":false},"excerpt":{"rendered":"<p>Galerie Vous cherchez des h\u00f4tels \u00e0 Torre Pellice? D\u00e9couvrez la galerie de photos de l&#8217;h\u00f4tel Centro et laissez-vous conqu\u00e9rir! Tous h\u00f4tel Restaurant cjgk cjgk jyhg Antipasti Secondi Primi Voir plus Contacts Pour plus d&#8217;informations sur nos chambres, notre restaurant ou nos services, n&#8217;h\u00e9sitez pas \u00e0 nous contacter! contact<\/p>\n","protected":false},"author":3,"featured_media":0,"parent":0,"menu_order":0,"comment_status":"closed","ping_status":"closed","template":"","meta":{"_acf_changed":false,"ocean_post_layout":"","ocean_both_sidebars_style":"","ocean_both_sidebars_content_width":0,"ocean_both_sidebars_sidebars_width":0,"ocean_sidebar":"0","ocean_second_sidebar":"0","ocean_disable_margins":"enable","ocean_add_body_class":"","ocean_shortcode_before_top_bar":"","ocean_shortcode_after_top_bar":"","ocean_shortcode_before_header":"","ocean_shortcode_after_header":"","ocean_has_shortcode":"","ocean_shortcode_after_title":"","ocean_shortcode_before_footer_widgets":"","ocean_shortcode_after_footer_widgets":"","ocean_shortcode_before_footer_bottom":"","ocean_shortcode_after_footer_bottom":"","ocean_display_top_bar":"off","ocean_display_header":"default","ocean_header_style":"","ocean_center_header_left_menu":"0","ocean_custom_header_template":"131","ocean_custom_logo":0,"ocean_custom_retina_logo":0,"ocean_custom_logo_max_width":0,"ocean_custom_logo_tablet_max_width":0,"ocean_custom_logo_mobile_max_width":0,"ocean_custom_logo_max_height":0,"ocean_custom_logo_tablet_max_height":0,"ocean_custom_logo_mobile_max_height":0,"ocean_header_custom_menu":"0","ocean_menu_typo_font_family":"Josefin Sans","ocean_menu_typo_font_subset":"","ocean_menu_typo_font_size":0,"ocean_menu_typo_font_size_tablet":0,"ocean_menu_typo_font_size_mobile":0,"ocean_menu_typo_font_size_unit":"px","ocean_menu_typo_font_weight":"","ocean_menu_typo_font_weight_tablet":"","ocean_menu_typo_font_weight_mobile":"","ocean_menu_typo_transform":"","ocean_menu_typo_transform_tablet":"","ocean_menu_typo_transform_mobile":"","ocean_menu_typo_line_height":0,"ocean_menu_typo_line_height_tablet":0,"ocean_menu_typo_line_height_mobile":0,"ocean_menu_typo_line_height_unit":"","ocean_menu_typo_spacing":0,"ocean_menu_typo_spacing_tablet":0,"ocean_menu_typo_spacing_mobile":0,"ocean_menu_typo_spacing_unit":"","ocean_menu_link_color":"#ffffff","ocean_menu_link_color_hover":"#ffffff","ocean_menu_link_color_active":"#ffffff","ocean_menu_link_background":"","ocean_menu_link_hover_background":"","ocean_menu_link_active_background":"","ocean_menu_social_links_bg":"","ocean_menu_social_hover_links_bg":"","ocean_menu_social_links_color":"","ocean_menu_social_hover_links_color":"","ocean_disable_title":"on","ocean_disable_heading":"default","ocean_post_title":"","ocean_post_subheading":"","ocean_post_title_style":"","ocean_post_title_background_color":"","ocean_post_title_background":0,"ocean_post_title_bg_image_position":"","ocean_post_title_bg_image_attachment":"","ocean_post_title_bg_image_repeat":"","ocean_post_title_bg_image_size":"","ocean_post_title_height":0,"ocean_post_title_bg_overlay":0.5,"ocean_post_title_bg_overlay_color":"","ocean_disable_breadcrumbs":"off","ocean_breadcrumbs_color":"","ocean_breadcrumbs_separator_color":"","ocean_breadcrumbs_links_color":"","ocean_breadcrumbs_links_hover_color":"","ocean_display_footer_widgets":"off","ocean_display_footer_bottom":"off","ocean_custom_footer_template":"0","footnotes":""},"class_list":["post-1431","page","type-page","status-publish","hentry","entry"],"acf":[],"yoast_head":"<!-- This site is optimized with the Yoast SEO plugin v27.3 - https:\/\/yoast.com\/product\/yoast-seo-wordpress\/ -->\n<title>Hotel Torre Pellice - Galerie photographique Hotel Centro<\/title>\n<meta name=\"description\" content=\"H\u00f4tel Torre Pellice, parcourez la galerie. Via Caduti per la Libert\u00e0, 7, Torre Pellice (TO). T\u00e9l.0121.932006 \/ 933062 Mail: info@hotelcentro.it\" \/>\n<meta name=\"robots\" content=\"index, follow, max-snippet:-1, max-image-preview:large, max-video-preview:-1\" \/>\n<link rel=\"canonical\" href=\"https:\/\/www.hotelcentro.it\/fr\/gallery\/\" \/>\n<meta property=\"og:locale\" content=\"fr_FR\" \/>\n<meta property=\"og:type\" content=\"article\" \/>\n<meta property=\"og:title\" content=\"Hotel Torre Pellice - Galerie photographique Hotel Centro\" \/>\n<meta property=\"og:description\" content=\"H\u00f4tel Torre Pellice, parcourez la galerie. Via Caduti per la Libert\u00e0, 7, Torre Pellice (TO). T\u00e9l.0121.932006 \/ 933062 Mail: info@hotelcentro.it\" \/>\n<meta property=\"og:url\" content=\"https:\/\/www.hotelcentro.it\/fr\/gallery\/\" \/>\n<meta property=\"og:site_name\" content=\"Hotel Centro\" \/>\n<meta property=\"article:modified_time\" content=\"2019-12-17T16:49:01+00:00\" \/>\n<meta property=\"og:image\" content=\"https:\/\/www.hotelcentro.it\/wp-content\/uploads\/2019\/01\/1.jpg\" \/>\n<meta name=\"twitter:card\" content=\"summary_large_image\" \/>\n<script type=\"application\/ld+json\" class=\"yoast-schema-graph\">{\"@context\":\"https:\\\/\\\/schema.org\",\"@graph\":[{\"@type\":\"WebPage\",\"@id\":\"https:\\\/\\\/www.hotelcentro.it\\\/fr\\\/gallery\\\/\",\"url\":\"https:\\\/\\\/www.hotelcentro.it\\\/fr\\\/gallery\\\/\",\"name\":\"Hotel Torre Pellice - Galerie photographique Hotel Centro\",\"isPartOf\":{\"@id\":\"https:\\\/\\\/www.hotelcentro.it\\\/fr\\\/#website\"},\"primaryImageOfPage\":{\"@id\":\"https:\\\/\\\/www.hotelcentro.it\\\/fr\\\/gallery\\\/#primaryimage\"},\"image\":{\"@id\":\"https:\\\/\\\/www.hotelcentro.it\\\/fr\\\/gallery\\\/#primaryimage\"},\"thumbnailUrl\":\"https:\\\/\\\/www.hotelcentro.it\\\/wp-content\\\/uploads\\\/2019\\\/01\\\/1.jpg\",\"datePublished\":\"2019-01-23T09:08:04+00:00\",\"dateModified\":\"2019-12-17T16:49:01+00:00\",\"description\":\"H\u00f4tel Torre Pellice, parcourez la galerie. Via Caduti per la Libert\u00e0, 7, Torre Pellice (TO). T\u00e9l.0121.932006 \\\/ 933062 Mail: info@hotelcentro.it\",\"breadcrumb\":{\"@id\":\"https:\\\/\\\/www.hotelcentro.it\\\/fr\\\/gallery\\\/#breadcrumb\"},\"inLanguage\":\"fr-FR\",\"potentialAction\":[{\"@type\":\"ReadAction\",\"target\":[\"https:\\\/\\\/www.hotelcentro.it\\\/fr\\\/gallery\\\/\"]}]},{\"@type\":\"ImageObject\",\"inLanguage\":\"fr-FR\",\"@id\":\"https:\\\/\\\/www.hotelcentro.it\\\/fr\\\/gallery\\\/#primaryimage\",\"url\":\"https:\\\/\\\/www.hotelcentro.it\\\/wp-content\\\/uploads\\\/2019\\\/01\\\/1.jpg\",\"contentUrl\":\"https:\\\/\\\/www.hotelcentro.it\\\/wp-content\\\/uploads\\\/2019\\\/01\\\/1.jpg\"},{\"@type\":\"BreadcrumbList\",\"@id\":\"https:\\\/\\\/www.hotelcentro.it\\\/fr\\\/gallery\\\/#breadcrumb\",\"itemListElement\":[{\"@type\":\"ListItem\",\"position\":1,\"name\":\"Home\",\"item\":\"https:\\\/\\\/www.hotelcentro.it\\\/fr\\\/\"},{\"@type\":\"ListItem\",\"position\":2,\"name\":\"Gallery\"}]},{\"@type\":\"WebSite\",\"@id\":\"https:\\\/\\\/www.hotelcentro.it\\\/fr\\\/#website\",\"url\":\"https:\\\/\\\/www.hotelcentro.it\\\/fr\\\/\",\"name\":\"Hotel Centro\",\"description\":\"\",\"publisher\":{\"@id\":\"https:\\\/\\\/www.hotelcentro.it\\\/fr\\\/#organization\"},\"potentialAction\":[{\"@type\":\"SearchAction\",\"target\":{\"@type\":\"EntryPoint\",\"urlTemplate\":\"https:\\\/\\\/www.hotelcentro.it\\\/fr\\\/?s={search_term_string}\"},\"query-input\":{\"@type\":\"PropertyValueSpecification\",\"valueRequired\":true,\"valueName\":\"search_term_string\"}}],\"inLanguage\":\"fr-FR\"},{\"@type\":\"Organization\",\"@id\":\"https:\\\/\\\/www.hotelcentro.it\\\/fr\\\/#organization\",\"name\":\"Hotel centro\",\"url\":\"https:\\\/\\\/www.hotelcentro.it\\\/fr\\\/\",\"logo\":{\"@type\":\"ImageObject\",\"inLanguage\":\"fr-FR\",\"@id\":\"https:\\\/\\\/www.hotelcentro.it\\\/fr\\\/#\\\/schema\\\/logo\\\/image\\\/\",\"url\":\"https:\\\/\\\/www.hotelcentro.it\\\/wp-content\\\/uploads\\\/2021\\\/10\\\/favivon-hotel-centro.png\",\"contentUrl\":\"https:\\\/\\\/www.hotelcentro.it\\\/wp-content\\\/uploads\\\/2021\\\/10\\\/favivon-hotel-centro.png\",\"width\":147,\"height\":147,\"caption\":\"Hotel centro\"},\"image\":{\"@id\":\"https:\\\/\\\/www.hotelcentro.it\\\/fr\\\/#\\\/schema\\\/logo\\\/image\\\/\"}}]}<\/script>\n<!-- \/ Yoast SEO plugin. -->","yoast_head_json":{"title":"Hotel Torre Pellice - Galerie photographique Hotel Centro","description":"H\u00f4tel Torre Pellice, parcourez la galerie. Via Caduti per la Libert\u00e0, 7, Torre Pellice (TO). T\u00e9l.0121.932006 \/ 933062 Mail: info@hotelcentro.it","robots":{"index":"index","follow":"follow","max-snippet":"max-snippet:-1","max-image-preview":"max-image-preview:large","max-video-preview":"max-video-preview:-1"},"canonical":"https:\/\/www.hotelcentro.it\/fr\/gallery\/","og_locale":"fr_FR","og_type":"article","og_title":"Hotel Torre Pellice - Galerie photographique Hotel Centro","og_description":"H\u00f4tel Torre Pellice, parcourez la galerie. Via Caduti per la Libert\u00e0, 7, Torre Pellice (TO). T\u00e9l.0121.932006 \/ 933062 Mail: info@hotelcentro.it","og_url":"https:\/\/www.hotelcentro.it\/fr\/gallery\/","og_site_name":"Hotel Centro","article_modified_time":"2019-12-17T16:49:01+00:00","og_image":[{"url":"https:\/\/www.hotelcentro.it\/wp-content\/uploads\/2019\/01\/1.jpg","type":"","width":"","height":""}],"twitter_card":"summary_large_image","schema":{"@context":"https:\/\/schema.org","@graph":[{"@type":"WebPage","@id":"https:\/\/www.hotelcentro.it\/fr\/gallery\/","url":"https:\/\/www.hotelcentro.it\/fr\/gallery\/","name":"Hotel Torre Pellice - Galerie photographique Hotel Centro","isPartOf":{"@id":"https:\/\/www.hotelcentro.it\/fr\/#website"},"primaryImageOfPage":{"@id":"https:\/\/www.hotelcentro.it\/fr\/gallery\/#primaryimage"},"image":{"@id":"https:\/\/www.hotelcentro.it\/fr\/gallery\/#primaryimage"},"thumbnailUrl":"https:\/\/www.hotelcentro.it\/wp-content\/uploads\/2019\/01\/1.jpg","datePublished":"2019-01-23T09:08:04+00:00","dateModified":"2019-12-17T16:49:01+00:00","description":"H\u00f4tel Torre Pellice, parcourez la galerie. Via Caduti per la Libert\u00e0, 7, Torre Pellice (TO). T\u00e9l.0121.932006 \/ 933062 Mail: info@hotelcentro.it","breadcrumb":{"@id":"https:\/\/www.hotelcentro.it\/fr\/gallery\/#breadcrumb"},"inLanguage":"fr-FR","potentialAction":[{"@type":"ReadAction","target":["https:\/\/www.hotelcentro.it\/fr\/gallery\/"]}]},{"@type":"ImageObject","inLanguage":"fr-FR","@id":"https:\/\/www.hotelcentro.it\/fr\/gallery\/#primaryimage","url":"https:\/\/www.hotelcentro.it\/wp-content\/uploads\/2019\/01\/1.jpg","contentUrl":"https:\/\/www.hotelcentro.it\/wp-content\/uploads\/2019\/01\/1.jpg"},{"@type":"BreadcrumbList","@id":"https:\/\/www.hotelcentro.it\/fr\/gallery\/#breadcrumb","itemListElement":[{"@type":"ListItem","position":1,"name":"Home","item":"https:\/\/www.hotelcentro.it\/fr\/"},{"@type":"ListItem","position":2,"name":"Gallery"}]},{"@type":"WebSite","@id":"https:\/\/www.hotelcentro.it\/fr\/#website","url":"https:\/\/www.hotelcentro.it\/fr\/","name":"Hotel Centro","description":"","publisher":{"@id":"https:\/\/www.hotelcentro.it\/fr\/#organization"},"potentialAction":[{"@type":"SearchAction","target":{"@type":"EntryPoint","urlTemplate":"https:\/\/www.hotelcentro.it\/fr\/?s={search_term_string}"},"query-input":{"@type":"PropertyValueSpecification","valueRequired":true,"valueName":"search_term_string"}}],"inLanguage":"fr-FR"},{"@type":"Organization","@id":"https:\/\/www.hotelcentro.it\/fr\/#organization","name":"Hotel centro","url":"https:\/\/www.hotelcentro.it\/fr\/","logo":{"@type":"ImageObject","inLanguage":"fr-FR","@id":"https:\/\/www.hotelcentro.it\/fr\/#\/schema\/logo\/image\/","url":"https:\/\/www.hotelcentro.it\/wp-content\/uploads\/2021\/10\/favivon-hotel-centro.png","contentUrl":"https:\/\/www.hotelcentro.it\/wp-content\/uploads\/2021\/10\/favivon-hotel-centro.png","width":147,"height":147,"caption":"Hotel centro"},"image":{"@id":"https:\/\/www.hotelcentro.it\/fr\/#\/schema\/logo\/image\/"}}]}},"_links":{"self":[{"href":"https:\/\/www.hotelcentro.it\/fr\/wp-json\/wp\/v2\/pages\/1431","targetHints":{"allow":["GET"]}}],"collection":[{"href":"https:\/\/www.hotelcentro.it\/fr\/wp-json\/wp\/v2\/pages"}],"about":[{"href":"https:\/\/www.hotelcentro.it\/fr\/wp-json\/wp\/v2\/types\/page"}],"author":[{"embeddable":true,"href":"https:\/\/www.hotelcentro.it\/fr\/wp-json\/wp\/v2\/users\/3"}],"replies":[{"embeddable":true,"href":"https:\/\/www.hotelcentro.it\/fr\/wp-json\/wp\/v2\/comments?post=1431"}],"version-history":[{"count":12,"href":"https:\/\/www.hotelcentro.it\/fr\/wp-json\/wp\/v2\/pages\/1431\/revisions"}],"predecessor-version":[{"id":2755,"href":"https:\/\/www.hotelcentro.it\/fr\/wp-json\/wp\/v2\/pages\/1431\/revisions\/2755"}],"wp:attachment":[{"href":"https:\/\/www.hotelcentro.it\/fr\/wp-json\/wp\/v2\/media?parent=1431"}],"curies":[{"name":"wp","href":"https:\/\/api.w.org\/{rel}","templated":true}]}}