{"id":1409,"date":"2019-01-23T13:00:15","date_gmt":"2019-01-23T12:00:15","guid":{"rendered":"https:\/\/www.hotelcentro.it\/info-legali\/"},"modified":"2024-10-10T10:51:47","modified_gmt":"2024-10-10T08:51:47","slug":"legal-info","status":"publish","type":"page","link":"https:\/\/www.hotelcentro.it\/fr\/legal-info\/","title":{"rendered":"Info Legali"},"content":{"rendered":"<p><strong>DONN\u00c9ES DE LA SOCI\u00c9T\u00c9<\/strong><\/p>\n<p>Raison sociale : Hotel Centro Di E. Pontet &amp; C. Sas<br \/>\nSi\u00e8ge social et d&#8217;exploitation : Via Caduti per la Libert\u00e0, 7 10066 Torre Pellice TO<br \/>\nIdentifiant fiscal : Via Caduti per la Libert\u00e0, 7 10066 Torre Pellice TO<br \/>\nN\u00b0 T.V.A. : 06296730010<br \/>\nN\u00b0 T.V.A. : 06296730010<br \/>\nBBureau Registre du commerce et des soci\u00e9t\u00e9s : TO191-5627<br \/>\nR.E.A. (Economic and Administrative Index) no.: 775573<\/p>\n<p><strong>POLITIQUES ET CONSENTEMENTS DE L&#8217;ENTREPRISE<\/strong><\/p>\n<p><strong>Hotel Centro Di E. Pontet &amp; C. Sas<\/strong><\/p>\n<p><a href=\"https:\/\/www.hotelcentro.it\/fr\/privacy\/\" target=\"_blank\" rel=\"noopener noreferrer\"><strong><u>Politique de l&#8217;entreprise sur le traitement des donn\u00e9es\u00a0<\/u><\/strong>\u00a0<em>(<\/em>https:\/\/www.hotelcentro.it\/fr\/privacy\/)<br \/>\n<\/a><a href=\"https:\/\/www.hotelcentro.it\/fr\/cookies\/\" target=\"_blank\" rel=\"noopener noreferrer\"><strong><u>Politique sur les cookies du site\u00a0<\/u><\/strong><em>(<\/em>https:\/\/www.hotelcentro.it\/fr\/cookies\/)<br \/>\n<\/a><a href=\"http:\/\/piuinternet-dev.it\/bozze-grafiche\/variabili-sito\/\" target=\"_blank\" rel=\"noopener noreferrer\"><strong><u>Politique sur les lettres d&#8217;information du site\u00a0<\/u><\/strong><em>(<\/em>)<\/a><\/p>\n<p><strong>MENTIONS SUR LES DROITS D&#8217;AUTEUR ET LES MARQUES D\u00c9POS\u00c9ES<\/strong><\/p>\n<p>L&#8217;ensemble du contenu de ce site web est prot\u00e9g\u00e9 par des droits d&#8217;auteur (copyright \u00a9)2019 de la soci\u00e9t\u00e9 Hotel Centro Di E. Pontet &amp; C. Sasou de ses fournisseurs. Au sens de l&#8217;art. 1, alin\u00e9a 1 du d\u00e9cret-loi du 22 mars 2004, n\u00b0 72, tel que modifi\u00e9 et converti par la loi du 21 mai 2004 n\u00b0 128 les \u0153uvres pr\u00e9sentes sur ce site ont respect\u00e9 les obligations d\u00e9coulant de la l\u00e9gislation sur le droit d\u2019auteur et sur les droits connexes. La reproduction, la communication au public, la mise \u00e0 la disposition du public, la location et le pr\u00eat, l&#8217;ex\u00e9cution publique et la diffusion sans l\u2019autorisation du d\u00e9tenteur des droits est interdite. Toutes violations sont punies conform\u00e9ment aux sanctions pr\u00e9vues par les articles 171, 171-bis, 171-ter, 174-bis et 174-ter de la loi 633\/1941. Au sens de l&#8217;art. 5 de la loi du 22 avril 1941 n\u00b0 633 sur la protection du droit d\u2019auteur, les textes des actes officiels de l&#8217;\u00c9tat et des administrations publiques, italiennes et \u00e9trang\u00e8res, ne sont pas couverts par des droits d&#8217;auteur.<br \/>\nLe copyright indiqu\u00e9 se rapporte \u00e0 l&#8217;\u00e9laboration et \u00e0 la forme de pr\u00e9sentation des textes proprement dits. Violations pr\u00e9sum\u00e9es du droit d\u2019auteur<\/p>\n<p>Ces communications doivent \u00eatre pr\u00e9sent\u00e9es par \u00e9crit et envoy\u00e9es au repr\u00e9sentant d\u00e9sign\u00e9 de la soci\u00e9t\u00e9 Hotel Centro Di E. Pontet &amp; C. SasSRL \u00e0 l&#8217;adresse, au num\u00e9ro de fax ou \u00e0 l&#8217;adresse de courriel ci-dessous :<\/p>\n<p>Registered office: Via Caduti per la Libert\u00e0, 7 10066 Torre Pellice TO<br \/>\nOperating Office: Via Caduti per la Libert\u00e0, 7 10066 Torre Pellice TO<br \/>\nPhone: 0121\/932006 \u2013 933062 \u2013 Fax:<br \/>\neM.\u00a0<a href=\"mailto:info@hotelcentro.it\">info@hotelcentro.it<\/a><\/p>\n","protected":false},"excerpt":{"rendered":"<p>DONN\u00c9ES DE LA SOCI\u00c9T\u00c9 Raison sociale : Hotel Centro Di E. Pontet &amp; C. Sas Si\u00e8ge social et d&#8217;exploitation : Via Caduti per la Libert\u00e0, 7 10066 Torre Pellice TO Identifiant fiscal : Via Caduti per la Libert\u00e0, 7 10066 Torre Pellice TO N\u00b0 T.V.A. : 06296730010 N\u00b0 T.V.A. : 06296730010 BBureau Registre du commerce [&hellip;]<\/p>\n","protected":false},"author":3,"featured_media":0,"parent":0,"menu_order":0,"comment_status":"closed","ping_status":"closed","template":"","meta":{"_acf_changed":false,"ocean_post_layout":"full-width","ocean_both_sidebars_style":"","ocean_both_sidebars_content_width":0,"ocean_both_sidebars_sidebars_width":0,"ocean_sidebar":"0","ocean_second_sidebar":"0","ocean_disable_margins":"enable","ocean_add_body_class":"","ocean_shortcode_before_top_bar":"","ocean_shortcode_after_top_bar":"","ocean_shortcode_before_header":"","ocean_shortcode_after_header":"","ocean_has_shortcode":"","ocean_shortcode_after_title":"","ocean_shortcode_before_footer_widgets":"","ocean_shortcode_after_footer_widgets":"","ocean_shortcode_before_footer_bottom":"","ocean_shortcode_after_footer_bottom":"","ocean_display_top_bar":"off","ocean_display_header":"default","ocean_header_style":"","ocean_center_header_left_menu":"0","ocean_custom_header_template":"131","ocean_custom_logo":0,"ocean_custom_retina_logo":0,"ocean_custom_logo_max_width":0,"ocean_custom_logo_tablet_max_width":0,"ocean_custom_logo_mobile_max_width":0,"ocean_custom_logo_max_height":0,"ocean_custom_logo_tablet_max_height":0,"ocean_custom_logo_mobile_max_height":0,"ocean_header_custom_menu":"0","ocean_menu_typo_font_family":"Josefin Sans","ocean_menu_typo_font_subset":"","ocean_menu_typo_font_size":0,"ocean_menu_typo_font_size_tablet":0,"ocean_menu_typo_font_size_mobile":0,"ocean_menu_typo_font_size_unit":"px","ocean_menu_typo_font_weight":"","ocean_menu_typo_font_weight_tablet":"","ocean_menu_typo_font_weight_mobile":"","ocean_menu_typo_transform":"","ocean_menu_typo_transform_tablet":"","ocean_menu_typo_transform_mobile":"","ocean_menu_typo_line_height":0,"ocean_menu_typo_line_height_tablet":0,"ocean_menu_typo_line_height_mobile":0,"ocean_menu_typo_line_height_unit":"","ocean_menu_typo_spacing":0,"ocean_menu_typo_spacing_tablet":0,"ocean_menu_typo_spacing_mobile":0,"ocean_menu_typo_spacing_unit":"","ocean_menu_link_color":"#ffffff","ocean_menu_link_color_hover":"#ffffff","ocean_menu_link_color_active":"#ffffff","ocean_menu_link_background":"","ocean_menu_link_hover_background":"","ocean_menu_link_active_background":"","ocean_menu_social_links_bg":"","ocean_menu_social_hover_links_bg":"","ocean_menu_social_links_color":"","ocean_menu_social_hover_links_color":"","ocean_disable_title":"default","ocean_disable_heading":"default","ocean_post_title":"","ocean_post_subheading":"","ocean_post_title_style":"","ocean_post_title_background_color":"","ocean_post_title_background":0,"ocean_post_title_bg_image_position":"","ocean_post_title_bg_image_attachment":"","ocean_post_title_bg_image_repeat":"","ocean_post_title_bg_image_size":"","ocean_post_title_height":0,"ocean_post_title_bg_overlay":0.5,"ocean_post_title_bg_overlay_color":"","ocean_disable_breadcrumbs":"off","ocean_breadcrumbs_color":"","ocean_breadcrumbs_separator_color":"","ocean_breadcrumbs_links_color":"","ocean_breadcrumbs_links_hover_color":"","ocean_display_footer_widgets":"off","ocean_display_footer_bottom":"off","ocean_custom_footer_template":"0","footnotes":""},"class_list":["post-1409","page","type-page","status-publish","hentry","entry"],"acf":[],"yoast_head":"<!-- This site is optimized with the Yoast SEO plugin v27.4 - https:\/\/yoast.com\/product\/yoast-seo-wordpress\/ -->\n<title>Info Legali - Hotel Centro<\/title>\n<meta name=\"robots\" content=\"noindex, nofollow\" \/>\n<meta property=\"og:locale\" content=\"fr_FR\" \/>\n<meta property=\"og:type\" content=\"article\" \/>\n<meta property=\"og:title\" content=\"Info Legali - Hotel Centro\" \/>\n<meta property=\"og:description\" content=\"DONN\u00c9ES DE LA SOCI\u00c9T\u00c9 Raison sociale : Hotel Centro Di E. Pontet &amp; C. Sas Si\u00e8ge social et d&#8217;exploitation : Via Caduti per la Libert\u00e0, 7 10066 Torre Pellice TO Identifiant fiscal : Via Caduti per la Libert\u00e0, 7 10066 Torre Pellice TO N\u00b0 T.V.A. : 06296730010 N\u00b0 T.V.A. : 06296730010 BBureau Registre du commerce [&hellip;]\" \/>\n<meta property=\"og:url\" content=\"https:\/\/www.hotelcentro.it\/fr\/legal-info\/\" \/>\n<meta property=\"og:site_name\" content=\"Hotel Centro\" \/>\n<meta property=\"article:modified_time\" content=\"2024-10-10T08:51:47+00:00\" \/>\n<meta name=\"twitter:card\" content=\"summary_large_image\" \/>\n<meta name=\"twitter:label1\" content=\"Est. reading time\" \/>\n\t<meta name=\"twitter:data1\" content=\"2 minutes\" \/>\n<script type=\"application\/ld+json\" class=\"yoast-schema-graph\">{\"@context\":\"https:\\\/\\\/schema.org\",\"@graph\":[{\"@type\":\"WebPage\",\"@id\":\"https:\\\/\\\/www.hotelcentro.it\\\/fr\\\/legal-info\\\/\",\"url\":\"https:\\\/\\\/www.hotelcentro.it\\\/fr\\\/legal-info\\\/\",\"name\":\"Info Legali - Hotel Centro\",\"isPartOf\":{\"@id\":\"https:\\\/\\\/www.hotelcentro.it\\\/fr\\\/#website\"},\"datePublished\":\"2019-01-23T12:00:15+00:00\",\"dateModified\":\"2024-10-10T08:51:47+00:00\",\"breadcrumb\":{\"@id\":\"https:\\\/\\\/www.hotelcentro.it\\\/fr\\\/legal-info\\\/#breadcrumb\"},\"inLanguage\":\"fr-FR\",\"potentialAction\":[{\"@type\":\"ReadAction\",\"target\":[\"https:\\\/\\\/www.hotelcentro.it\\\/fr\\\/legal-info\\\/\"]}]},{\"@type\":\"BreadcrumbList\",\"@id\":\"https:\\\/\\\/www.hotelcentro.it\\\/fr\\\/legal-info\\\/#breadcrumb\",\"itemListElement\":[{\"@type\":\"ListItem\",\"position\":1,\"name\":\"Home\",\"item\":\"https:\\\/\\\/www.hotelcentro.it\\\/fr\\\/\"},{\"@type\":\"ListItem\",\"position\":2,\"name\":\"Info Legali\"}]},{\"@type\":\"WebSite\",\"@id\":\"https:\\\/\\\/www.hotelcentro.it\\\/fr\\\/#website\",\"url\":\"https:\\\/\\\/www.hotelcentro.it\\\/fr\\\/\",\"name\":\"Hotel Centro\",\"description\":\"\",\"publisher\":{\"@id\":\"https:\\\/\\\/www.hotelcentro.it\\\/fr\\\/#organization\"},\"potentialAction\":[{\"@type\":\"SearchAction\",\"target\":{\"@type\":\"EntryPoint\",\"urlTemplate\":\"https:\\\/\\\/www.hotelcentro.it\\\/fr\\\/?s={search_term_string}\"},\"query-input\":{\"@type\":\"PropertyValueSpecification\",\"valueRequired\":true,\"valueName\":\"search_term_string\"}}],\"inLanguage\":\"fr-FR\"},{\"@type\":\"Organization\",\"@id\":\"https:\\\/\\\/www.hotelcentro.it\\\/fr\\\/#organization\",\"name\":\"Hotel centro\",\"url\":\"https:\\\/\\\/www.hotelcentro.it\\\/fr\\\/\",\"logo\":{\"@type\":\"ImageObject\",\"inLanguage\":\"fr-FR\",\"@id\":\"https:\\\/\\\/www.hotelcentro.it\\\/fr\\\/#\\\/schema\\\/logo\\\/image\\\/\",\"url\":\"https:\\\/\\\/www.hotelcentro.it\\\/wp-content\\\/uploads\\\/2021\\\/10\\\/favivon-hotel-centro.png\",\"contentUrl\":\"https:\\\/\\\/www.hotelcentro.it\\\/wp-content\\\/uploads\\\/2021\\\/10\\\/favivon-hotel-centro.png\",\"width\":147,\"height\":147,\"caption\":\"Hotel centro\"},\"image\":{\"@id\":\"https:\\\/\\\/www.hotelcentro.it\\\/fr\\\/#\\\/schema\\\/logo\\\/image\\\/\"}}]}<\/script>\n<!-- \/ Yoast SEO plugin. -->","yoast_head_json":{"title":"Info Legali - Hotel Centro","robots":{"index":"noindex","follow":"nofollow"},"og_locale":"fr_FR","og_type":"article","og_title":"Info Legali - Hotel Centro","og_description":"DONN\u00c9ES DE LA SOCI\u00c9T\u00c9 Raison sociale : Hotel Centro Di E. Pontet &amp; C. Sas Si\u00e8ge social et d&#8217;exploitation : Via Caduti per la Libert\u00e0, 7 10066 Torre Pellice TO Identifiant fiscal : Via Caduti per la Libert\u00e0, 7 10066 Torre Pellice TO N\u00b0 T.V.A. : 06296730010 N\u00b0 T.V.A. : 06296730010 BBureau Registre du commerce [&hellip;]","og_url":"https:\/\/www.hotelcentro.it\/fr\/legal-info\/","og_site_name":"Hotel Centro","article_modified_time":"2024-10-10T08:51:47+00:00","twitter_card":"summary_large_image","twitter_misc":{"Est. reading time":"2 minutes"},"schema":{"@context":"https:\/\/schema.org","@graph":[{"@type":"WebPage","@id":"https:\/\/www.hotelcentro.it\/fr\/legal-info\/","url":"https:\/\/www.hotelcentro.it\/fr\/legal-info\/","name":"Info Legali - Hotel Centro","isPartOf":{"@id":"https:\/\/www.hotelcentro.it\/fr\/#website"},"datePublished":"2019-01-23T12:00:15+00:00","dateModified":"2024-10-10T08:51:47+00:00","breadcrumb":{"@id":"https:\/\/www.hotelcentro.it\/fr\/legal-info\/#breadcrumb"},"inLanguage":"fr-FR","potentialAction":[{"@type":"ReadAction","target":["https:\/\/www.hotelcentro.it\/fr\/legal-info\/"]}]},{"@type":"BreadcrumbList","@id":"https:\/\/www.hotelcentro.it\/fr\/legal-info\/#breadcrumb","itemListElement":[{"@type":"ListItem","position":1,"name":"Home","item":"https:\/\/www.hotelcentro.it\/fr\/"},{"@type":"ListItem","position":2,"name":"Info Legali"}]},{"@type":"WebSite","@id":"https:\/\/www.hotelcentro.it\/fr\/#website","url":"https:\/\/www.hotelcentro.it\/fr\/","name":"Hotel Centro","description":"","publisher":{"@id":"https:\/\/www.hotelcentro.it\/fr\/#organization"},"potentialAction":[{"@type":"SearchAction","target":{"@type":"EntryPoint","urlTemplate":"https:\/\/www.hotelcentro.it\/fr\/?s={search_term_string}"},"query-input":{"@type":"PropertyValueSpecification","valueRequired":true,"valueName":"search_term_string"}}],"inLanguage":"fr-FR"},{"@type":"Organization","@id":"https:\/\/www.hotelcentro.it\/fr\/#organization","name":"Hotel centro","url":"https:\/\/www.hotelcentro.it\/fr\/","logo":{"@type":"ImageObject","inLanguage":"fr-FR","@id":"https:\/\/www.hotelcentro.it\/fr\/#\/schema\/logo\/image\/","url":"https:\/\/www.hotelcentro.it\/wp-content\/uploads\/2021\/10\/favivon-hotel-centro.png","contentUrl":"https:\/\/www.hotelcentro.it\/wp-content\/uploads\/2021\/10\/favivon-hotel-centro.png","width":147,"height":147,"caption":"Hotel centro"},"image":{"@id":"https:\/\/www.hotelcentro.it\/fr\/#\/schema\/logo\/image\/"}}]}},"_links":{"self":[{"href":"https:\/\/www.hotelcentro.it\/fr\/wp-json\/wp\/v2\/pages\/1409","targetHints":{"allow":["GET"]}}],"collection":[{"href":"https:\/\/www.hotelcentro.it\/fr\/wp-json\/wp\/v2\/pages"}],"about":[{"href":"https:\/\/www.hotelcentro.it\/fr\/wp-json\/wp\/v2\/types\/page"}],"author":[{"embeddable":true,"href":"https:\/\/www.hotelcentro.it\/fr\/wp-json\/wp\/v2\/users\/3"}],"replies":[{"embeddable":true,"href":"https:\/\/www.hotelcentro.it\/fr\/wp-json\/wp\/v2\/comments?post=1409"}],"version-history":[{"count":5,"href":"https:\/\/www.hotelcentro.it\/fr\/wp-json\/wp\/v2\/pages\/1409\/revisions"}],"predecessor-version":[{"id":2583,"href":"https:\/\/www.hotelcentro.it\/fr\/wp-json\/wp\/v2\/pages\/1409\/revisions\/2583"}],"wp:attachment":[{"href":"https:\/\/www.hotelcentro.it\/fr\/wp-json\/wp\/v2\/media?parent=1409"}],"curies":[{"name":"wp","href":"https:\/\/api.w.org\/{rel}","templated":true}]}}