{"id":1456,"date":"2019-01-22T14:07:57","date_gmt":"2019-01-22T13:07:57","guid":{"rendered":"https:\/\/www.hotelcentro.it\/crepes\/"},"modified":"2019-12-17T18:05:45","modified_gmt":"2019-12-17T17:05:45","slug":"crepes","status":"publish","type":"page","link":"https:\/\/www.hotelcentro.it\/de\/restaurant\/crepes\/","title":{"rendered":"Cr\u00eapes"},"content":{"rendered":"\t\t<div data-elementor-type=\"wp-post\" data-elementor-id=\"1456\" class=\"elementor elementor-1456 elementor-424 elementor-bc-flex-widget\" data-elementor-post-type=\"page\">\n\t\t\t\t\t\t<section class=\"elementor-section elementor-top-section elementor-element elementor-element-75b678a elementor-section-stretched elementor-section-boxed elementor-section-height-default elementor-section-height-default\" data-id=\"75b678a\" data-element_type=\"section\" data-e-type=\"section\" data-settings=\"{&quot;stretch_section&quot;:&quot;section-stretched&quot;,&quot;background_background&quot;:&quot;classic&quot;}\">\n\t\t\t\t\t\t<div class=\"elementor-container elementor-column-gap-default\">\n\t\t\t\t\t<div class=\"elementor-column elementor-col-100 elementor-top-column elementor-element elementor-element-e463449\" data-id=\"e463449\" data-element_type=\"column\" data-e-type=\"column\">\n\t\t\t<div class=\"elementor-widget-wrap elementor-element-populated\">\n\t\t\t\t\t\t<section class=\"elementor-section elementor-inner-section elementor-element elementor-element-1fe8811 elementor-section-boxed elementor-section-height-default elementor-section-height-default\" data-id=\"1fe8811\" data-element_type=\"section\" data-e-type=\"section\">\n\t\t\t\t\t\t<div class=\"elementor-container elementor-column-gap-default\">\n\t\t\t\t\t<div class=\"elementor-column elementor-col-100 elementor-inner-column elementor-element elementor-element-48874d6\" data-id=\"48874d6\" data-element_type=\"column\" data-e-type=\"column\">\n\t\t\t<div class=\"elementor-widget-wrap elementor-element-populated\">\n\t\t\t\t\t\t<div class=\"elementor-element elementor-element-f0adf94 elementor-widget elementor-widget-heading\" data-id=\"f0adf94\" data-element_type=\"widget\" data-e-type=\"widget\" data-widget_type=\"heading.default\">\n\t\t\t\t<div class=\"elementor-widget-container\">\n\t\t\t\t\t<h3 class=\"elementor-heading-title elementor-size-default\">Gesalzene Cr\u00eapes<\/h3>\t\t\t\t<\/div>\n\t\t\t\t<\/div>\n\t\t\t\t<div class=\"elementor-element elementor-element-efae3ca elementor-widget elementor-widget-text-editor\" data-id=\"efae3ca\" data-element_type=\"widget\" data-e-type=\"widget\" data-widget_type=\"text-editor.default\">\n\t\t\t\t<div class=\"elementor-widget-container\">\n\t\t\t\t\t\t\t\t\tCr\u00eape mit Gem\u00fcse und Fontina \u20ac 6,00<br>Cr\u00eape mit Speck und Fontina \u20ac 6,00<br>Cr\u00eape mit Schinken und Bobbio Toma \u20ac 6,00 <br>Cr\u00eape mit Champignoncreme und Fontina \u20ac 6,00 <br> Cr\u00eape mit Artischockencreme und Fontina \u20ac 6,00 <br>Cr\u00eape mit Gorgonzola-Sahne und \u00c4pfeln \u20ac 6,00<br> Cr\u00eape mit Tomaten-Mozzarella-Oregano \u20ac 6,00\t\t\t\t\t\t\t\t<\/div>\n\t\t\t\t<\/div>\n\t\t\t\t<div class=\"elementor-element elementor-element-b72b915 elementor-widget elementor-widget-heading\" data-id=\"b72b915\" data-element_type=\"widget\" data-e-type=\"widget\" data-widget_type=\"heading.default\">\n\t\t\t\t<div class=\"elementor-widget-container\">\n\t\t\t\t\t<h3 class=\"elementor-heading-title elementor-size-default\">S\u00fc\u00dfe Cr\u00eapes<\/h3>\t\t\t\t<\/div>\n\t\t\t\t<\/div>\n\t\t\t\t<div class=\"elementor-element elementor-element-5d43180 elementor-widget elementor-widget-text-editor\" data-id=\"5d43180\" data-element_type=\"widget\" data-e-type=\"widget\" data-widget_type=\"text-editor.default\">\n\t\t\t\t<div class=\"elementor-widget-container\">\n\t\t\t\t\t\t\t\t\tCr\u00eape im Grand Marnier \u20ac 6,00<br> Cr\u00eape mit Kastanien und Rum \u20ac 6,00 <br> Cr\u00eape normande \u00c4pfel &#8211; Calcados 6,00 \u20ac <br>Nutella-Cr\u00eape 4,50 \u20ac<br> Schokoladencr\u00eape 4,50 \u20ac<br> Schokoladen- und Bananen-Crepes 4,50 \u20ac <br>Cr\u00eape mit Vanillesauce \u20ac 4,50<br> Reine Apfel-Walnuss-Cr\u00eapes 4,50 \u20ac<br>Konfit\u00fcrencr\u00eape 4,50 \u20ac<br>Cr\u00eape mit Zitrone und Zucker 4,50 \u20ac <br>Eiscremekrepp \u20ac 4,50\t\t\t\t\t\t\t\t<\/div>\n\t\t\t\t<\/div>\n\t\t\t\t<div class=\"elementor-element elementor-element-004083d elementor-align-center elementor-widget elementor-widget-button\" data-id=\"004083d\" data-element_type=\"widget\" data-e-type=\"widget\" data-widget_type=\"button.default\">\n\t\t\t\t<div class=\"elementor-widget-container\">\n\t\t\t\t\t\t\t\t\t<div class=\"elementor-button-wrapper\">\n\t\t\t\t\t<a class=\"elementor-button elementor-button-link elementor-size-sm\" href=\"https:\/\/www.hotelcentro.it\/de\/restaurant\/\">\n\t\t\t\t\t\t<span class=\"elementor-button-content-wrapper\">\n\t\t\t\t\t\t<span class=\"elementor-button-icon\">\n\t\t\t\t\t\t\t\t\t<i class=\"fa fa-long-arrow-right\" aria-hidden=\"true\"><\/i>\n\t\t\t\t\t\t\t<\/span>\n\t\t\t\t\t\t\t\t\t<span class=\"elementor-button-text\">ALLE MEN\u00dcS ANZEIGEN<\/span>\n\t\t\t\t\t<\/span>\n\t\t\t\t\t<\/a>\n\t\t\t\t<\/div>\n\t\t\t\t\t\t\t\t<\/div>\n\t\t\t\t<\/div>\n\t\t\t\t\t<\/div>\n\t\t<\/div>\n\t\t\t\t\t<\/div>\n\t\t<\/section>\n\t\t\t\t\t<\/div>\n\t\t<\/div>\n\t\t\t\t\t<\/div>\n\t\t<\/section>\n\t\t\t\t<\/div>\n\t\t","protected":false},"excerpt":{"rendered":"<p>Gesalzene Cr\u00eapes Cr\u00eape mit Gem\u00fcse und Fontina \u20ac 6,00 Cr\u00eape mit Speck und Fontina \u20ac 6,00 Cr\u00eape mit Schinken und Bobbio Toma \u20ac 6,00 Cr\u00eape mit Champignoncreme und Fontina \u20ac 6,00 Cr\u00eape mit Artischockencreme und Fontina \u20ac 6,00 Cr\u00eape mit Gorgonzola-Sahne und \u00c4pfeln \u20ac 6,00 Cr\u00eape mit Tomaten-Mozzarella-Oregano \u20ac 6,00 S\u00fc\u00dfe Cr\u00eapes Cr\u00eape im Grand [&hellip;]<\/p>\n","protected":false},"author":3,"featured_media":0,"parent":1504,"menu_order":0,"comment_status":"closed","ping_status":"closed","template":"","meta":{"_acf_changed":false,"ocean_post_layout":"","ocean_both_sidebars_style":"","ocean_both_sidebars_content_width":0,"ocean_both_sidebars_sidebars_width":0,"ocean_sidebar":"0","ocean_second_sidebar":"0","ocean_disable_margins":"enable","ocean_add_body_class":"","ocean_shortcode_before_top_bar":"","ocean_shortcode_after_top_bar":"","ocean_shortcode_before_header":"","ocean_shortcode_after_header":"","ocean_has_shortcode":"","ocean_shortcode_after_title":"","ocean_shortcode_before_footer_widgets":"","ocean_shortcode_after_footer_widgets":"","ocean_shortcode_before_footer_bottom":"","ocean_shortcode_after_footer_bottom":"","ocean_display_top_bar":"off","ocean_display_header":"default","ocean_header_style":"","ocean_center_header_left_menu":"0","ocean_custom_header_template":"131","ocean_custom_logo":0,"ocean_custom_retina_logo":0,"ocean_custom_logo_max_width":0,"ocean_custom_logo_tablet_max_width":0,"ocean_custom_logo_mobile_max_width":0,"ocean_custom_logo_max_height":0,"ocean_custom_logo_tablet_max_height":0,"ocean_custom_logo_mobile_max_height":0,"ocean_header_custom_menu":"0","ocean_menu_typo_font_family":"Josefin Sans","ocean_menu_typo_font_subset":"","ocean_menu_typo_font_size":0,"ocean_menu_typo_font_size_tablet":0,"ocean_menu_typo_font_size_mobile":0,"ocean_menu_typo_font_size_unit":"px","ocean_menu_typo_font_weight":"","ocean_menu_typo_font_weight_tablet":"","ocean_menu_typo_font_weight_mobile":"","ocean_menu_typo_transform":"","ocean_menu_typo_transform_tablet":"","ocean_menu_typo_transform_mobile":"","ocean_menu_typo_line_height":0,"ocean_menu_typo_line_height_tablet":0,"ocean_menu_typo_line_height_mobile":0,"ocean_menu_typo_line_height_unit":"","ocean_menu_typo_spacing":0,"ocean_menu_typo_spacing_tablet":0,"ocean_menu_typo_spacing_mobile":0,"ocean_menu_typo_spacing_unit":"","ocean_menu_link_color":"#ffffff","ocean_menu_link_color_hover":"#ffffff","ocean_menu_link_color_active":"#ffffff","ocean_menu_link_background":"","ocean_menu_link_hover_background":"","ocean_menu_link_active_background":"","ocean_menu_social_links_bg":"","ocean_menu_social_hover_links_bg":"","ocean_menu_social_links_color":"","ocean_menu_social_hover_links_color":"","ocean_disable_title":"on","ocean_disable_heading":"default","ocean_post_title":"","ocean_post_subheading":"","ocean_post_title_style":"","ocean_post_title_background_color":"","ocean_post_title_background":0,"ocean_post_title_bg_image_position":"","ocean_post_title_bg_image_attachment":"","ocean_post_title_bg_image_repeat":"","ocean_post_title_bg_image_size":"","ocean_post_title_height":0,"ocean_post_title_bg_overlay":0.5,"ocean_post_title_bg_overlay_color":"","ocean_disable_breadcrumbs":"off","ocean_breadcrumbs_color":"","ocean_breadcrumbs_separator_color":"","ocean_breadcrumbs_links_color":"","ocean_breadcrumbs_links_hover_color":"","ocean_display_footer_widgets":"off","ocean_display_footer_bottom":"off","ocean_custom_footer_template":"0","footnotes":""},"class_list":["post-1456","page","type-page","status-publish","hentry","entry"],"acf":[],"yoast_head":"<!-- This site is optimized with the Yoast SEO plugin v27.4 - https:\/\/yoast.com\/product\/yoast-seo-wordpress\/ -->\n<title>Fr\u00fchst\u00fcck mit Crepes in Torre Pellice - Hotel Centro<\/title>\n<meta name=\"description\" content=\"Fr\u00fchst\u00fcck mit Crepes in Torre Pellice? Besuchen Sie die Brasserie im Hotel Centro. Via Caduti per la Libert\u00e0 7, Torre Pellice (TO). Tel. 0121.932006 \/ 933062\" \/>\n<meta name=\"robots\" content=\"index, follow, max-snippet:-1, max-image-preview:large, max-video-preview:-1\" \/>\n<link rel=\"canonical\" href=\"https:\/\/www.hotelcentro.it\/de\/restaurant\/crepes\/\" \/>\n<meta property=\"og:locale\" content=\"de_DE\" \/>\n<meta property=\"og:type\" content=\"article\" \/>\n<meta property=\"og:title\" content=\"Fr\u00fchst\u00fcck mit Crepes in Torre Pellice - Hotel Centro\" \/>\n<meta property=\"og:description\" content=\"Fr\u00fchst\u00fcck mit Crepes in Torre Pellice? Besuchen Sie die Brasserie im Hotel Centro. Via Caduti per la Libert\u00e0 7, Torre Pellice (TO). Tel. 0121.932006 \/ 933062\" \/>\n<meta property=\"og:url\" content=\"https:\/\/www.hotelcentro.it\/de\/restaurant\/crepes\/\" \/>\n<meta property=\"og:site_name\" content=\"Hotel Centro\" \/>\n<meta property=\"article:modified_time\" content=\"2019-12-17T17:05:45+00:00\" \/>\n<meta name=\"twitter:card\" content=\"summary_large_image\" \/>\n<script type=\"application\/ld+json\" class=\"yoast-schema-graph\">{\"@context\":\"https:\\\/\\\/schema.org\",\"@graph\":[{\"@type\":\"WebPage\",\"@id\":\"https:\\\/\\\/www.hotelcentro.it\\\/de\\\/restaurant\\\/crepes\\\/\",\"url\":\"https:\\\/\\\/www.hotelcentro.it\\\/de\\\/restaurant\\\/crepes\\\/\",\"name\":\"Fr\u00fchst\u00fcck mit Crepes in Torre Pellice - Hotel Centro\",\"isPartOf\":{\"@id\":\"https:\\\/\\\/www.hotelcentro.it\\\/de\\\/#website\"},\"datePublished\":\"2019-01-22T13:07:57+00:00\",\"dateModified\":\"2019-12-17T17:05:45+00:00\",\"description\":\"Fr\u00fchst\u00fcck mit Crepes in Torre Pellice? Besuchen Sie die Brasserie im Hotel Centro. Via Caduti per la Libert\u00e0 7, Torre Pellice (TO). Tel. 0121.932006 \\\/ 933062\",\"breadcrumb\":{\"@id\":\"https:\\\/\\\/www.hotelcentro.it\\\/de\\\/restaurant\\\/crepes\\\/#breadcrumb\"},\"inLanguage\":\"de-DE\",\"potentialAction\":[{\"@type\":\"ReadAction\",\"target\":[\"https:\\\/\\\/www.hotelcentro.it\\\/de\\\/restaurant\\\/crepes\\\/\"]}]},{\"@type\":\"BreadcrumbList\",\"@id\":\"https:\\\/\\\/www.hotelcentro.it\\\/de\\\/restaurant\\\/crepes\\\/#breadcrumb\",\"itemListElement\":[{\"@type\":\"ListItem\",\"position\":1,\"name\":\"Home\",\"item\":\"https:\\\/\\\/www.hotelcentro.it\\\/de\\\/\"},{\"@type\":\"ListItem\",\"position\":2,\"name\":\"Restaurant\",\"item\":\"https:\\\/\\\/www.hotelcentro.it\\\/de\\\/restaurant\\\/\"},{\"@type\":\"ListItem\",\"position\":3,\"name\":\"Cr\u00eapes\"}]},{\"@type\":\"WebSite\",\"@id\":\"https:\\\/\\\/www.hotelcentro.it\\\/de\\\/#website\",\"url\":\"https:\\\/\\\/www.hotelcentro.it\\\/de\\\/\",\"name\":\"Hotel Centro\",\"description\":\"\",\"publisher\":{\"@id\":\"https:\\\/\\\/www.hotelcentro.it\\\/de\\\/#organization\"},\"potentialAction\":[{\"@type\":\"SearchAction\",\"target\":{\"@type\":\"EntryPoint\",\"urlTemplate\":\"https:\\\/\\\/www.hotelcentro.it\\\/de\\\/?s={search_term_string}\"},\"query-input\":{\"@type\":\"PropertyValueSpecification\",\"valueRequired\":true,\"valueName\":\"search_term_string\"}}],\"inLanguage\":\"de-DE\"},{\"@type\":\"Organization\",\"@id\":\"https:\\\/\\\/www.hotelcentro.it\\\/de\\\/#organization\",\"name\":\"Hotel centro\",\"url\":\"https:\\\/\\\/www.hotelcentro.it\\\/de\\\/\",\"logo\":{\"@type\":\"ImageObject\",\"inLanguage\":\"de-DE\",\"@id\":\"https:\\\/\\\/www.hotelcentro.it\\\/de\\\/#\\\/schema\\\/logo\\\/image\\\/\",\"url\":\"https:\\\/\\\/www.hotelcentro.it\\\/wp-content\\\/uploads\\\/2021\\\/10\\\/favivon-hotel-centro.png\",\"contentUrl\":\"https:\\\/\\\/www.hotelcentro.it\\\/wp-content\\\/uploads\\\/2021\\\/10\\\/favivon-hotel-centro.png\",\"width\":147,\"height\":147,\"caption\":\"Hotel centro\"},\"image\":{\"@id\":\"https:\\\/\\\/www.hotelcentro.it\\\/de\\\/#\\\/schema\\\/logo\\\/image\\\/\"}}]}<\/script>\n<!-- \/ Yoast SEO plugin. -->","yoast_head_json":{"title":"Fr\u00fchst\u00fcck mit Crepes in Torre Pellice - Hotel Centro","description":"Fr\u00fchst\u00fcck mit Crepes in Torre Pellice? Besuchen Sie die Brasserie im Hotel Centro. Via Caduti per la Libert\u00e0 7, Torre Pellice (TO). Tel. 0121.932006 \/ 933062","robots":{"index":"index","follow":"follow","max-snippet":"max-snippet:-1","max-image-preview":"max-image-preview:large","max-video-preview":"max-video-preview:-1"},"canonical":"https:\/\/www.hotelcentro.it\/de\/restaurant\/crepes\/","og_locale":"de_DE","og_type":"article","og_title":"Fr\u00fchst\u00fcck mit Crepes in Torre Pellice - Hotel Centro","og_description":"Fr\u00fchst\u00fcck mit Crepes in Torre Pellice? Besuchen Sie die Brasserie im Hotel Centro. Via Caduti per la Libert\u00e0 7, Torre Pellice (TO). Tel. 0121.932006 \/ 933062","og_url":"https:\/\/www.hotelcentro.it\/de\/restaurant\/crepes\/","og_site_name":"Hotel Centro","article_modified_time":"2019-12-17T17:05:45+00:00","twitter_card":"summary_large_image","schema":{"@context":"https:\/\/schema.org","@graph":[{"@type":"WebPage","@id":"https:\/\/www.hotelcentro.it\/de\/restaurant\/crepes\/","url":"https:\/\/www.hotelcentro.it\/de\/restaurant\/crepes\/","name":"Fr\u00fchst\u00fcck mit Crepes in Torre Pellice - Hotel Centro","isPartOf":{"@id":"https:\/\/www.hotelcentro.it\/de\/#website"},"datePublished":"2019-01-22T13:07:57+00:00","dateModified":"2019-12-17T17:05:45+00:00","description":"Fr\u00fchst\u00fcck mit Crepes in Torre Pellice? Besuchen Sie die Brasserie im Hotel Centro. Via Caduti per la Libert\u00e0 7, Torre Pellice (TO). Tel. 0121.932006 \/ 933062","breadcrumb":{"@id":"https:\/\/www.hotelcentro.it\/de\/restaurant\/crepes\/#breadcrumb"},"inLanguage":"de-DE","potentialAction":[{"@type":"ReadAction","target":["https:\/\/www.hotelcentro.it\/de\/restaurant\/crepes\/"]}]},{"@type":"BreadcrumbList","@id":"https:\/\/www.hotelcentro.it\/de\/restaurant\/crepes\/#breadcrumb","itemListElement":[{"@type":"ListItem","position":1,"name":"Home","item":"https:\/\/www.hotelcentro.it\/de\/"},{"@type":"ListItem","position":2,"name":"Restaurant","item":"https:\/\/www.hotelcentro.it\/de\/restaurant\/"},{"@type":"ListItem","position":3,"name":"Cr\u00eapes"}]},{"@type":"WebSite","@id":"https:\/\/www.hotelcentro.it\/de\/#website","url":"https:\/\/www.hotelcentro.it\/de\/","name":"Hotel Centro","description":"","publisher":{"@id":"https:\/\/www.hotelcentro.it\/de\/#organization"},"potentialAction":[{"@type":"SearchAction","target":{"@type":"EntryPoint","urlTemplate":"https:\/\/www.hotelcentro.it\/de\/?s={search_term_string}"},"query-input":{"@type":"PropertyValueSpecification","valueRequired":true,"valueName":"search_term_string"}}],"inLanguage":"de-DE"},{"@type":"Organization","@id":"https:\/\/www.hotelcentro.it\/de\/#organization","name":"Hotel centro","url":"https:\/\/www.hotelcentro.it\/de\/","logo":{"@type":"ImageObject","inLanguage":"de-DE","@id":"https:\/\/www.hotelcentro.it\/de\/#\/schema\/logo\/image\/","url":"https:\/\/www.hotelcentro.it\/wp-content\/uploads\/2021\/10\/favivon-hotel-centro.png","contentUrl":"https:\/\/www.hotelcentro.it\/wp-content\/uploads\/2021\/10\/favivon-hotel-centro.png","width":147,"height":147,"caption":"Hotel centro"},"image":{"@id":"https:\/\/www.hotelcentro.it\/de\/#\/schema\/logo\/image\/"}}]}},"_links":{"self":[{"href":"https:\/\/www.hotelcentro.it\/de\/wp-json\/wp\/v2\/pages\/1456","targetHints":{"allow":["GET"]}}],"collection":[{"href":"https:\/\/www.hotelcentro.it\/de\/wp-json\/wp\/v2\/pages"}],"about":[{"href":"https:\/\/www.hotelcentro.it\/de\/wp-json\/wp\/v2\/types\/page"}],"author":[{"embeddable":true,"href":"https:\/\/www.hotelcentro.it\/de\/wp-json\/wp\/v2\/users\/3"}],"replies":[{"embeddable":true,"href":"https:\/\/www.hotelcentro.it\/de\/wp-json\/wp\/v2\/comments?post=1456"}],"version-history":[{"count":7,"href":"https:\/\/www.hotelcentro.it\/de\/wp-json\/wp\/v2\/pages\/1456\/revisions"}],"predecessor-version":[{"id":2764,"href":"https:\/\/www.hotelcentro.it\/de\/wp-json\/wp\/v2\/pages\/1456\/revisions\/2764"}],"up":[{"embeddable":true,"href":"https:\/\/www.hotelcentro.it\/de\/wp-json\/wp\/v2\/pages\/1504"}],"wp:attachment":[{"href":"https:\/\/www.hotelcentro.it\/de\/wp-json\/wp\/v2\/media?parent=1456"}],"curies":[{"name":"wp","href":"https:\/\/api.w.org\/{rel}","templated":true}]}}