{"id":1440,"date":"2019-01-23T09:21:43","date_gmt":"2019-01-23T08:21:43","guid":{"rendered":"https:\/\/www.hotelcentro.it\/hotel\/"},"modified":"2019-12-17T17:56:47","modified_gmt":"2019-12-17T16:56:47","slug":"hotel","status":"publish","type":"page","link":"https:\/\/www.hotelcentro.it\/de\/hotel\/","title":{"rendered":"Hotel"},"content":{"rendered":"\t\t<div data-elementor-type=\"wp-post\" data-elementor-id=\"1440\" class=\"elementor elementor-1440 elementor-463 elementor-bc-flex-widget\" data-elementor-post-type=\"page\">\n\t\t\t\t\t\t<section class=\"elementor-section elementor-top-section elementor-element elementor-element-ac07564 elementor-section-stretched elementor-section-boxed elementor-section-height-default elementor-section-height-default\" data-id=\"ac07564\" data-element_type=\"section\" data-e-type=\"section\" data-settings=\"{&quot;stretch_section&quot;:&quot;section-stretched&quot;,&quot;background_background&quot;:&quot;classic&quot;}\">\n\t\t\t\t\t\t<div class=\"elementor-container elementor-column-gap-default\">\n\t\t\t\t\t<div class=\"elementor-column elementor-col-100 elementor-top-column elementor-element elementor-element-b3e09ea\" data-id=\"b3e09ea\" data-element_type=\"column\" data-e-type=\"column\">\n\t\t\t<div class=\"elementor-widget-wrap elementor-element-populated\">\n\t\t\t\t\t\t<section class=\"elementor-section elementor-inner-section elementor-element elementor-element-cd21e3a elementor-section-boxed elementor-section-height-default elementor-section-height-default\" data-id=\"cd21e3a\" data-element_type=\"section\" data-e-type=\"section\">\n\t\t\t\t\t\t<div class=\"elementor-container elementor-column-gap-default\">\n\t\t\t\t\t<div class=\"elementor-column elementor-col-100 elementor-inner-column elementor-element elementor-element-3cf0d28\" data-id=\"3cf0d28\" data-element_type=\"column\" data-e-type=\"column\">\n\t\t\t<div class=\"elementor-widget-wrap elementor-element-populated\">\n\t\t\t\t\t\t<div class=\"elementor-element elementor-element-d7b0d64 elementor-widget elementor-widget-heading\" data-id=\"d7b0d64\" data-element_type=\"widget\" data-e-type=\"widget\" data-widget_type=\"heading.default\">\n\t\t\t\t<div class=\"elementor-widget-container\">\n\t\t\t\t\t<h1 class=\"elementor-heading-title elementor-size-default\">Hotel in Val Pellice<\/h1>\t\t\t\t<\/div>\n\t\t\t\t<\/div>\n\t\t\t\t\t<\/div>\n\t\t<\/div>\n\t\t\t\t\t<\/div>\n\t\t<\/section>\n\t\t\t\t<section class=\"elementor-section elementor-inner-section elementor-element elementor-element-2721b39 elementor-section-boxed elementor-section-height-default elementor-section-height-default\" data-id=\"2721b39\" data-element_type=\"section\" data-e-type=\"section\">\n\t\t\t\t\t\t<div class=\"elementor-container elementor-column-gap-default\">\n\t\t\t\t\t<div class=\"elementor-column elementor-col-50 elementor-inner-column elementor-element elementor-element-0cfc53f\" data-id=\"0cfc53f\" data-element_type=\"column\" data-e-type=\"column\">\n\t\t\t<div class=\"elementor-widget-wrap elementor-element-populated\">\n\t\t\t\t\t\t<div class=\"elementor-element elementor-element-3d32902 elementor-widget elementor-widget-heading\" data-id=\"3d32902\" data-element_type=\"widget\" data-e-type=\"widget\" data-widget_type=\"heading.default\">\n\t\t\t\t<div class=\"elementor-widget-container\">\n\t\t\t\t\t<h2 class=\"elementor-heading-title elementor-size-default\">In unserem familiengef\u00fchrten Hotel mitten der Waldensert\u00e4ler k\u00f6nnen Sie sich wie zu Hause f\u00fchlen und eine ruhige und gastfreundliche Atmosph\u00e4re finden. <\/h2>\t\t\t\t<\/div>\n\t\t\t\t<\/div>\n\t\t\t\t\t<\/div>\n\t\t<\/div>\n\t\t\t\t<div class=\"elementor-column elementor-col-50 elementor-inner-column elementor-element elementor-element-efe36db\" data-id=\"efe36db\" data-element_type=\"column\" data-e-type=\"column\">\n\t\t\t<div class=\"elementor-widget-wrap elementor-element-populated\">\n\t\t\t\t\t\t<div class=\"elementor-element elementor-element-ae121af elementor-widget elementor-widget-text-editor\" data-id=\"ae121af\" data-element_type=\"widget\" data-e-type=\"widget\" data-widget_type=\"text-editor.default\">\n\t\t\t\t<div class=\"elementor-widget-container\">\n\t\t\t\t\t\t\t\t\t<p class=\"normal\"><span lang=\"it\">Die perfekte Lage am Fu\u00dfe der Kottischen Alpen entspricht die unterschiedlichsten W\u00fcnsche, und Sie k\u00f6nnen unsere Berge entdecken, die Waldensischen Orte besuchen oder nach Turin oder auf die Langhe fahren.<\/span><\/p><p>Torre Pellice, das vom Schriftsteller Edmondo De Amicis als \u201cdas Italienische Genf\u201c bezeichnet wurde, ist eine lebendige kleine Stadt. Im Sommer werden viele Veranstaltungen abgehalten und im Winter kann man das Hockey Team Valpe der A-Liga folgen.<\/p>\t\t\t\t\t\t\t\t<\/div>\n\t\t\t\t<\/div>\n\t\t\t\t\t<\/div>\n\t\t<\/div>\n\t\t\t\t\t<\/div>\n\t\t<\/section>\n\t\t\t\t\t<\/div>\n\t\t<\/div>\n\t\t\t\t\t<\/div>\n\t\t<\/section>\n\t\t\t\t<section class=\"elementor-section elementor-top-section elementor-element elementor-element-f19c49f elementor-section-content-middle elementor-reverse-tablet elementor-section-boxed elementor-section-height-default elementor-section-height-default\" data-id=\"f19c49f\" data-element_type=\"section\" data-e-type=\"section\">\n\t\t\t\t\t\t<div class=\"elementor-container elementor-column-gap-wide\">\n\t\t\t\t\t<div class=\"elementor-column elementor-col-33 elementor-top-column elementor-element elementor-element-a4165be\" data-id=\"a4165be\" data-element_type=\"column\" data-e-type=\"column\">\n\t\t\t<div class=\"elementor-widget-wrap elementor-element-populated\">\n\t\t\t\t\t\t<div class=\"elementor-element elementor-element-f3a0234 elementor-widget elementor-widget-text-editor\" data-id=\"f3a0234\" data-element_type=\"widget\" data-e-type=\"widget\" data-widget_type=\"text-editor.default\">\n\t\t\t\t<div class=\"elementor-widget-container\">\n\t\t\t\t\t\t\t\t\t<p>Im Hotel Centro finden Sie ein elegantes Restaurant f\u00fcr ihre Feiern und feierlichen Anl\u00e4sse, eine informelle Brasserie f\u00fcr ein Abendessen mit Freunden oder ein schnelles Arbeitsmittagessen und zehn gem\u00fctliche Zimmer mit Komfortausstattung.Die gem\u00fctliche Atmosph\u00e4re, die umgebende Landschaft und die Gastfreundlichkeit unseres Teams werden Ihren Aufenthalt unvergesslich machen.<\/p>\t\t\t\t\t\t\t\t<\/div>\n\t\t\t\t<\/div>\n\t\t\t\t\t<\/div>\n\t\t<\/div>\n\t\t\t\t<div class=\"elementor-column elementor-col-33 elementor-top-column elementor-element elementor-element-9bf22f9\" data-id=\"9bf22f9\" data-element_type=\"column\" data-e-type=\"column\">\n\t\t\t<div class=\"elementor-widget-wrap elementor-element-populated\">\n\t\t\t\t\t\t<div class=\"elementor-element elementor-element-2bb7ac8 elementor-widget elementor-widget-image\" data-id=\"2bb7ac8\" data-element_type=\"widget\" data-e-type=\"widget\" data-widget_type=\"image.default\">\n\t\t\t\t<div class=\"elementor-widget-container\">\n\t\t\t\t\t\t\t\t\t\t\t\t\t\t\t<img decoding=\"async\" src=\"https:\/\/www.hotelcentro.it\/wp-content\/uploads\/elementor\/thumbs\/MATRIMONIALE-3-1-o5j43tfic5sdufsg5m95je3xzwvrezhep1uwgn4knc.jpg\" title=\"MATRIMONIALE-3\" alt=\"MATRIMONIALE-3\" loading=\"lazy\" \/>\t\t\t\t\t\t\t\t\t\t\t\t\t\t\t<\/div>\n\t\t\t\t<\/div>\n\t\t\t\t\t<\/div>\n\t\t<\/div>\n\t\t\t\t<div class=\"elementor-column elementor-col-33 elementor-top-column elementor-element elementor-element-4fc38bf\" data-id=\"4fc38bf\" data-element_type=\"column\" data-e-type=\"column\">\n\t\t\t<div class=\"elementor-widget-wrap elementor-element-populated\">\n\t\t\t\t\t\t<div class=\"elementor-element elementor-element-1efe74f elementor-widget elementor-widget-image\" data-id=\"1efe74f\" data-element_type=\"widget\" data-e-type=\"widget\" data-widget_type=\"image.default\">\n\t\t\t\t<div class=\"elementor-widget-container\">\n\t\t\t\t\t\t\t\t\t\t\t\t\t\t\t<img decoding=\"async\" src=\"https:\/\/www.hotelcentro.it\/wp-content\/uploads\/elementor\/thumbs\/1-o5j43tfic5sdufsg5m95je3xzwvrezhep1uwgn4knc.jpg\" title=\"1\" alt=\"1\" loading=\"lazy\" \/>\t\t\t\t\t\t\t\t\t\t\t\t\t\t\t<\/div>\n\t\t\t\t<\/div>\n\t\t\t\t\t<\/div>\n\t\t<\/div>\n\t\t\t\t\t<\/div>\n\t\t<\/section>\n\t\t\t\t<section class=\"elementor-section elementor-top-section elementor-element elementor-element-bf26215 elementor-section-boxed elementor-section-height-default elementor-section-height-default\" data-id=\"bf26215\" data-element_type=\"section\" data-e-type=\"section\" data-settings=\"{&quot;background_background&quot;:&quot;classic&quot;}\">\n\t\t\t\t\t\t<div class=\"elementor-container elementor-column-gap-default\">\n\t\t\t\t\t<div class=\"elementor-column elementor-col-100 elementor-top-column elementor-element elementor-element-7bdc239\" data-id=\"7bdc239\" data-element_type=\"column\" data-e-type=\"column\">\n\t\t\t<div class=\"elementor-widget-wrap elementor-element-populated\">\n\t\t\t\t\t\t<div class=\"elementor-element elementor-element-4f24091 elementor-widget elementor-widget-sidebar\" data-id=\"4f24091\" data-element_type=\"widget\" data-e-type=\"widget\" data-widget_type=\"sidebar.default\">\n\t\t\t\t<div class=\"elementor-widget-container\">\n\t\t\t\t\t<div id=\"custom_html-7\" class=\"widget_text sidebar-box widget_custom_html clr\"><div class=\"textwidget custom-html-widget\"><script class=\"kas_online_reception\" src= \"https:\/\/wubook.net\/js\/nebk\/bwidget.jgz\" data-wid=\"bb37aa12-a1ab-45e4-8b98-74a15946963c\"><\/script>\r\n<!-- put the following div where WuBook should be designed. Make sure to preserve the div contents (backlink) -->\r\n<div id=\"_wbord_\"><a style=\"display: block; margin-top: 5px; text-decoration: none; border: none;\" href=\"http:\/\/wubook.net\/\" target=\"_blank\">\r\n<\/a><\/div>\r\n<!-- Initialize the WuBook Object. Collect params settings. Call WuBook.design_rwidget(). Notice WuBook Object provides a lot of interesting features. -->\r\n<script>\r\n  var WuBook= new _WuBook(1508827303);\r\n  var wbparams= {\r\n    bordercolor: '#e8e8e8',\r\n    lang: 'it',\r\n    buttoncolor: '#3a486d',\r\n    failback_lang: 'it',\r\n    wbgoogle: 1,\r\n    bgcolor: '#e8e8e8',\r\n    dcodeval: '',\r\n    iconcolor: '#3a486d',\r\n    textcolor: '#3a486d',\r\n    default_nights: 2,\r\n\t\tcss: \".form-group input{font-family:Spinnaker, Sans-serif !important; font-size: 9px !important; font-weight: 400 !important; text-transform: uppercase !important; letter-spacing: 3px !important;line-height: 2em !important;     margin-bottom: 0px;} .form-group label{font-family: Cormorant Garamond, Sans-serif; font-weight: 400;} .form-control { background-color:rgba(255, 255, 255, 0.40);  border:none;} .sidebar-box {margin-bottom: 40px;} \"\r\n  };\r\n  WuBook.design_rwidget(\"_wbord_\", wbparams);\r\n<\/script>\r\n<!-- that's all Thank you for using WuBook! --><\/div><\/div>\t\t\t\t<\/div>\n\t\t\t\t<\/div>\n\t\t\t\t\t<\/div>\n\t\t<\/div>\n\t\t\t\t\t<\/div>\n\t\t<\/section>\n\t\t\t\t<\/div>\n\t\t","protected":false},"excerpt":{"rendered":"<p>Hotel in Val Pellice In unserem familiengef\u00fchrten Hotel mitten der Waldensert\u00e4ler k\u00f6nnen Sie sich wie zu Hause f\u00fchlen und eine ruhige und gastfreundliche Atmosph\u00e4re finden. Die perfekte Lage am Fu\u00dfe der Kottischen Alpen entspricht die unterschiedlichsten W\u00fcnsche, und Sie k\u00f6nnen unsere Berge entdecken, die Waldensischen Orte besuchen oder nach Turin oder auf die Langhe fahren. [&hellip;]<\/p>\n","protected":false},"author":3,"featured_media":0,"parent":0,"menu_order":0,"comment_status":"closed","ping_status":"closed","template":"","meta":{"_acf_changed":false,"ocean_post_layout":"","ocean_both_sidebars_style":"","ocean_both_sidebars_content_width":0,"ocean_both_sidebars_sidebars_width":0,"ocean_sidebar":"0","ocean_second_sidebar":"0","ocean_disable_margins":"enable","ocean_add_body_class":"","ocean_shortcode_before_top_bar":"","ocean_shortcode_after_top_bar":"","ocean_shortcode_before_header":"","ocean_shortcode_after_header":"","ocean_has_shortcode":"","ocean_shortcode_after_title":"","ocean_shortcode_before_footer_widgets":"","ocean_shortcode_after_footer_widgets":"","ocean_shortcode_before_footer_bottom":"","ocean_shortcode_after_footer_bottom":"","ocean_display_top_bar":"off","ocean_display_header":"default","ocean_header_style":"","ocean_center_header_left_menu":"0","ocean_custom_header_template":"131","ocean_custom_logo":0,"ocean_custom_retina_logo":0,"ocean_custom_logo_max_width":0,"ocean_custom_logo_tablet_max_width":0,"ocean_custom_logo_mobile_max_width":0,"ocean_custom_logo_max_height":0,"ocean_custom_logo_tablet_max_height":0,"ocean_custom_logo_mobile_max_height":0,"ocean_header_custom_menu":"0","ocean_menu_typo_font_family":"Josefin Sans","ocean_menu_typo_font_subset":"","ocean_menu_typo_font_size":0,"ocean_menu_typo_font_size_tablet":0,"ocean_menu_typo_font_size_mobile":0,"ocean_menu_typo_font_size_unit":"px","ocean_menu_typo_font_weight":"","ocean_menu_typo_font_weight_tablet":"","ocean_menu_typo_font_weight_mobile":"","ocean_menu_typo_transform":"","ocean_menu_typo_transform_tablet":"","ocean_menu_typo_transform_mobile":"","ocean_menu_typo_line_height":0,"ocean_menu_typo_line_height_tablet":0,"ocean_menu_typo_line_height_mobile":0,"ocean_menu_typo_line_height_unit":"","ocean_menu_typo_spacing":0,"ocean_menu_typo_spacing_tablet":0,"ocean_menu_typo_spacing_mobile":0,"ocean_menu_typo_spacing_unit":"","ocean_menu_link_color":"#ffffff","ocean_menu_link_color_hover":"#ffffff","ocean_menu_link_color_active":"#ffffff","ocean_menu_link_background":"","ocean_menu_link_hover_background":"","ocean_menu_link_active_background":"","ocean_menu_social_links_bg":"","ocean_menu_social_hover_links_bg":"","ocean_menu_social_links_color":"","ocean_menu_social_hover_links_color":"","ocean_disable_title":"on","ocean_disable_heading":"default","ocean_post_title":"","ocean_post_subheading":"","ocean_post_title_style":"","ocean_post_title_background_color":"","ocean_post_title_background":0,"ocean_post_title_bg_image_position":"","ocean_post_title_bg_image_attachment":"","ocean_post_title_bg_image_repeat":"","ocean_post_title_bg_image_size":"","ocean_post_title_height":0,"ocean_post_title_bg_overlay":0.5,"ocean_post_title_bg_overlay_color":"","ocean_disable_breadcrumbs":"off","ocean_breadcrumbs_color":"","ocean_breadcrumbs_separator_color":"","ocean_breadcrumbs_links_color":"","ocean_breadcrumbs_links_hover_color":"","ocean_display_footer_widgets":"off","ocean_display_footer_bottom":"off","ocean_custom_footer_template":"0","footnotes":""},"class_list":["post-1440","page","type-page","status-publish","hentry","entry"],"acf":[],"yoast_head":"<!-- This site is optimized with the Yoast SEO plugin v27.4 - https:\/\/yoast.com\/product\/yoast-seo-wordpress\/ -->\n<title>Das beste Hotel in Val Pellice | Hotel Centro<\/title>\n<meta name=\"description\" content=\"Hotel Centro, das beste Hotel in Val Pellice. Hotel Centro. Via Caduti per la Libert\u00e0 7, Torre Pellice (TO). Tel. 0121.932006 \/ 933062 Mail: info@hotelcentro.it\" \/>\n<meta name=\"robots\" content=\"index, follow, max-snippet:-1, max-image-preview:large, max-video-preview:-1\" \/>\n<link rel=\"canonical\" href=\"https:\/\/www.hotelcentro.it\/de\/hotel\/\" \/>\n<meta property=\"og:locale\" content=\"de_DE\" \/>\n<meta property=\"og:type\" content=\"article\" \/>\n<meta property=\"og:title\" content=\"Das beste Hotel in Val Pellice | Hotel Centro\" \/>\n<meta property=\"og:description\" content=\"Hotel Centro, das beste Hotel in Val Pellice. Hotel Centro. Via Caduti per la Libert\u00e0 7, Torre Pellice (TO). Tel. 0121.932006 \/ 933062 Mail: info@hotelcentro.it\" \/>\n<meta property=\"og:url\" content=\"https:\/\/www.hotelcentro.it\/de\/hotel\/\" \/>\n<meta property=\"og:site_name\" content=\"Hotel Centro\" \/>\n<meta property=\"article:modified_time\" content=\"2019-12-17T16:56:47+00:00\" \/>\n<meta property=\"og:image\" content=\"https:\/\/www.hotelcentro.it\/wp-content\/uploads\/elementor\/thumbs\/MATRIMONIALE-3-1-o1t0evnva8vrqjjf7fohcxz8sdv8v2oq62qa7zkux4.jpg\" \/>\n<meta name=\"twitter:card\" content=\"summary_large_image\" \/>\n<meta name=\"twitter:label1\" content=\"Est. reading time\" \/>\n\t<meta name=\"twitter:data1\" content=\"1 minute\" \/>\n<script type=\"application\/ld+json\" class=\"yoast-schema-graph\">{\"@context\":\"https:\\\/\\\/schema.org\",\"@graph\":[{\"@type\":\"WebPage\",\"@id\":\"https:\\\/\\\/www.hotelcentro.it\\\/de\\\/hotel\\\/\",\"url\":\"https:\\\/\\\/www.hotelcentro.it\\\/de\\\/hotel\\\/\",\"name\":\"Das beste Hotel in Val Pellice | Hotel Centro\",\"isPartOf\":{\"@id\":\"https:\\\/\\\/www.hotelcentro.it\\\/de\\\/#website\"},\"primaryImageOfPage\":{\"@id\":\"https:\\\/\\\/www.hotelcentro.it\\\/de\\\/hotel\\\/#primaryimage\"},\"image\":{\"@id\":\"https:\\\/\\\/www.hotelcentro.it\\\/de\\\/hotel\\\/#primaryimage\"},\"thumbnailUrl\":\"https:\\\/\\\/www.hotelcentro.it\\\/wp-content\\\/uploads\\\/elementor\\\/thumbs\\\/MATRIMONIALE-3-1-o1t0evnva8vrqjjf7fohcxz8sdv8v2oq62qa7zkux4.jpg\",\"datePublished\":\"2019-01-23T08:21:43+00:00\",\"dateModified\":\"2019-12-17T16:56:47+00:00\",\"description\":\"Hotel Centro, das beste Hotel in Val Pellice. Hotel Centro. Via Caduti per la Libert\u00e0 7, Torre Pellice (TO). Tel. 0121.932006 \\\/ 933062 Mail: info@hotelcentro.it\",\"breadcrumb\":{\"@id\":\"https:\\\/\\\/www.hotelcentro.it\\\/de\\\/hotel\\\/#breadcrumb\"},\"inLanguage\":\"de-DE\",\"potentialAction\":[{\"@type\":\"ReadAction\",\"target\":[\"https:\\\/\\\/www.hotelcentro.it\\\/de\\\/hotel\\\/\"]}]},{\"@type\":\"ImageObject\",\"inLanguage\":\"de-DE\",\"@id\":\"https:\\\/\\\/www.hotelcentro.it\\\/de\\\/hotel\\\/#primaryimage\",\"url\":\"https:\\\/\\\/www.hotelcentro.it\\\/wp-content\\\/uploads\\\/elementor\\\/thumbs\\\/MATRIMONIALE-3-1-o1t0evnva8vrqjjf7fohcxz8sdv8v2oq62qa7zkux4.jpg\",\"contentUrl\":\"https:\\\/\\\/www.hotelcentro.it\\\/wp-content\\\/uploads\\\/elementor\\\/thumbs\\\/MATRIMONIALE-3-1-o1t0evnva8vrqjjf7fohcxz8sdv8v2oq62qa7zkux4.jpg\"},{\"@type\":\"BreadcrumbList\",\"@id\":\"https:\\\/\\\/www.hotelcentro.it\\\/de\\\/hotel\\\/#breadcrumb\",\"itemListElement\":[{\"@type\":\"ListItem\",\"position\":1,\"name\":\"Home\",\"item\":\"https:\\\/\\\/www.hotelcentro.it\\\/de\\\/\"},{\"@type\":\"ListItem\",\"position\":2,\"name\":\"Hotel\"}]},{\"@type\":\"WebSite\",\"@id\":\"https:\\\/\\\/www.hotelcentro.it\\\/de\\\/#website\",\"url\":\"https:\\\/\\\/www.hotelcentro.it\\\/de\\\/\",\"name\":\"Hotel Centro\",\"description\":\"\",\"publisher\":{\"@id\":\"https:\\\/\\\/www.hotelcentro.it\\\/de\\\/#organization\"},\"potentialAction\":[{\"@type\":\"SearchAction\",\"target\":{\"@type\":\"EntryPoint\",\"urlTemplate\":\"https:\\\/\\\/www.hotelcentro.it\\\/de\\\/?s={search_term_string}\"},\"query-input\":{\"@type\":\"PropertyValueSpecification\",\"valueRequired\":true,\"valueName\":\"search_term_string\"}}],\"inLanguage\":\"de-DE\"},{\"@type\":\"Organization\",\"@id\":\"https:\\\/\\\/www.hotelcentro.it\\\/de\\\/#organization\",\"name\":\"Hotel centro\",\"url\":\"https:\\\/\\\/www.hotelcentro.it\\\/de\\\/\",\"logo\":{\"@type\":\"ImageObject\",\"inLanguage\":\"de-DE\",\"@id\":\"https:\\\/\\\/www.hotelcentro.it\\\/de\\\/#\\\/schema\\\/logo\\\/image\\\/\",\"url\":\"https:\\\/\\\/www.hotelcentro.it\\\/wp-content\\\/uploads\\\/2021\\\/10\\\/favivon-hotel-centro.png\",\"contentUrl\":\"https:\\\/\\\/www.hotelcentro.it\\\/wp-content\\\/uploads\\\/2021\\\/10\\\/favivon-hotel-centro.png\",\"width\":147,\"height\":147,\"caption\":\"Hotel centro\"},\"image\":{\"@id\":\"https:\\\/\\\/www.hotelcentro.it\\\/de\\\/#\\\/schema\\\/logo\\\/image\\\/\"}}]}<\/script>\n<!-- \/ Yoast SEO plugin. -->","yoast_head_json":{"title":"Das beste Hotel in Val Pellice | Hotel Centro","description":"Hotel Centro, das beste Hotel in Val Pellice. Hotel Centro. Via Caduti per la Libert\u00e0 7, Torre Pellice (TO). Tel. 0121.932006 \/ 933062 Mail: info@hotelcentro.it","robots":{"index":"index","follow":"follow","max-snippet":"max-snippet:-1","max-image-preview":"max-image-preview:large","max-video-preview":"max-video-preview:-1"},"canonical":"https:\/\/www.hotelcentro.it\/de\/hotel\/","og_locale":"de_DE","og_type":"article","og_title":"Das beste Hotel in Val Pellice | Hotel Centro","og_description":"Hotel Centro, das beste Hotel in Val Pellice. Hotel Centro. Via Caduti per la Libert\u00e0 7, Torre Pellice (TO). Tel. 0121.932006 \/ 933062 Mail: info@hotelcentro.it","og_url":"https:\/\/www.hotelcentro.it\/de\/hotel\/","og_site_name":"Hotel Centro","article_modified_time":"2019-12-17T16:56:47+00:00","og_image":[{"url":"https:\/\/www.hotelcentro.it\/wp-content\/uploads\/elementor\/thumbs\/MATRIMONIALE-3-1-o1t0evnva8vrqjjf7fohcxz8sdv8v2oq62qa7zkux4.jpg","type":"","width":"","height":""}],"twitter_card":"summary_large_image","twitter_misc":{"Est. reading time":"1 minute"},"schema":{"@context":"https:\/\/schema.org","@graph":[{"@type":"WebPage","@id":"https:\/\/www.hotelcentro.it\/de\/hotel\/","url":"https:\/\/www.hotelcentro.it\/de\/hotel\/","name":"Das beste Hotel in Val Pellice | Hotel Centro","isPartOf":{"@id":"https:\/\/www.hotelcentro.it\/de\/#website"},"primaryImageOfPage":{"@id":"https:\/\/www.hotelcentro.it\/de\/hotel\/#primaryimage"},"image":{"@id":"https:\/\/www.hotelcentro.it\/de\/hotel\/#primaryimage"},"thumbnailUrl":"https:\/\/www.hotelcentro.it\/wp-content\/uploads\/elementor\/thumbs\/MATRIMONIALE-3-1-o1t0evnva8vrqjjf7fohcxz8sdv8v2oq62qa7zkux4.jpg","datePublished":"2019-01-23T08:21:43+00:00","dateModified":"2019-12-17T16:56:47+00:00","description":"Hotel Centro, das beste Hotel in Val Pellice. Hotel Centro. Via Caduti per la Libert\u00e0 7, Torre Pellice (TO). Tel. 0121.932006 \/ 933062 Mail: info@hotelcentro.it","breadcrumb":{"@id":"https:\/\/www.hotelcentro.it\/de\/hotel\/#breadcrumb"},"inLanguage":"de-DE","potentialAction":[{"@type":"ReadAction","target":["https:\/\/www.hotelcentro.it\/de\/hotel\/"]}]},{"@type":"ImageObject","inLanguage":"de-DE","@id":"https:\/\/www.hotelcentro.it\/de\/hotel\/#primaryimage","url":"https:\/\/www.hotelcentro.it\/wp-content\/uploads\/elementor\/thumbs\/MATRIMONIALE-3-1-o1t0evnva8vrqjjf7fohcxz8sdv8v2oq62qa7zkux4.jpg","contentUrl":"https:\/\/www.hotelcentro.it\/wp-content\/uploads\/elementor\/thumbs\/MATRIMONIALE-3-1-o1t0evnva8vrqjjf7fohcxz8sdv8v2oq62qa7zkux4.jpg"},{"@type":"BreadcrumbList","@id":"https:\/\/www.hotelcentro.it\/de\/hotel\/#breadcrumb","itemListElement":[{"@type":"ListItem","position":1,"name":"Home","item":"https:\/\/www.hotelcentro.it\/de\/"},{"@type":"ListItem","position":2,"name":"Hotel"}]},{"@type":"WebSite","@id":"https:\/\/www.hotelcentro.it\/de\/#website","url":"https:\/\/www.hotelcentro.it\/de\/","name":"Hotel Centro","description":"","publisher":{"@id":"https:\/\/www.hotelcentro.it\/de\/#organization"},"potentialAction":[{"@type":"SearchAction","target":{"@type":"EntryPoint","urlTemplate":"https:\/\/www.hotelcentro.it\/de\/?s={search_term_string}"},"query-input":{"@type":"PropertyValueSpecification","valueRequired":true,"valueName":"search_term_string"}}],"inLanguage":"de-DE"},{"@type":"Organization","@id":"https:\/\/www.hotelcentro.it\/de\/#organization","name":"Hotel centro","url":"https:\/\/www.hotelcentro.it\/de\/","logo":{"@type":"ImageObject","inLanguage":"de-DE","@id":"https:\/\/www.hotelcentro.it\/de\/#\/schema\/logo\/image\/","url":"https:\/\/www.hotelcentro.it\/wp-content\/uploads\/2021\/10\/favivon-hotel-centro.png","contentUrl":"https:\/\/www.hotelcentro.it\/wp-content\/uploads\/2021\/10\/favivon-hotel-centro.png","width":147,"height":147,"caption":"Hotel centro"},"image":{"@id":"https:\/\/www.hotelcentro.it\/de\/#\/schema\/logo\/image\/"}}]}},"_links":{"self":[{"href":"https:\/\/www.hotelcentro.it\/de\/wp-json\/wp\/v2\/pages\/1440","targetHints":{"allow":["GET"]}}],"collection":[{"href":"https:\/\/www.hotelcentro.it\/de\/wp-json\/wp\/v2\/pages"}],"about":[{"href":"https:\/\/www.hotelcentro.it\/de\/wp-json\/wp\/v2\/types\/page"}],"author":[{"embeddable":true,"href":"https:\/\/www.hotelcentro.it\/de\/wp-json\/wp\/v2\/users\/3"}],"replies":[{"embeddable":true,"href":"https:\/\/www.hotelcentro.it\/de\/wp-json\/wp\/v2\/comments?post=1440"}],"version-history":[{"count":4,"href":"https:\/\/www.hotelcentro.it\/de\/wp-json\/wp\/v2\/pages\/1440\/revisions"}],"predecessor-version":[{"id":2758,"href":"https:\/\/www.hotelcentro.it\/de\/wp-json\/wp\/v2\/pages\/1440\/revisions\/2758"}],"wp:attachment":[{"href":"https:\/\/www.hotelcentro.it\/de\/wp-json\/wp\/v2\/media?parent=1440"}],"curies":[{"name":"wp","href":"https:\/\/api.w.org\/{rel}","templated":true}]}}