{"id":1406,"date":"2019-01-23T13:00:15","date_gmt":"2019-01-23T12:00:15","guid":{"rendered":"https:\/\/www.hotelcentro.it\/info-legali\/"},"modified":"2019-03-07T10:11:01","modified_gmt":"2019-03-07T09:11:01","slug":"legal-info","status":"publish","type":"page","link":"https:\/\/www.hotelcentro.it\/de\/legal-info\/","title":{"rendered":"Info Legali"},"content":{"rendered":"<p><strong>GESELLSCHAFTSDATEN<\/strong><\/p>\n<p>Gesellschaftsname: Hotel Centro Di E. Pontet &amp; C. Sas<br \/>\nGesch\u00e4fts- und Betriebssitz: Via Caduti per la Libert\u00e0, 7 10066 Torre Pellice TO<br \/>\nGesch\u00e4fts- und Betriebssitz: Via Caduti per la Libert\u00e0, 7 10066 Torre Pellice TO<br \/>\nSteuernummer: 06296730010<br \/>\nUmsatzsteuer-Identifikationsnummer: 06296730010<br \/>\nHandelsregisteramt: TO191-5627<br \/>\nWirtschaftliches Verwaltungsregister (R.E.A.): 775573<\/p>\n<p><strong>INFORMATIONSSCHRIFTEN UND EINWILLIGUNGEN DES UNTERNEHMENS<\/strong><\/p>\n<p><strong>Hotel Centro Di E. Pontet &amp; C. Sas<\/strong><\/p>\n<p><a href=\"https:\/\/www.hotelcentro.it\/de\/privacy\" target=\"_blank\" rel=\"noopener noreferrer\"><strong><u>Informationsschrift des Unternehmens zur Datenverarbeitung\u00a0<\/u><\/strong>\u00a0<em>(<\/em>https:\/\/www.hotelcentro.it\/de\/privacy)<br \/>\n<\/a><a href=\"https:\/\/www.hotelcentro.it\/de\/cookies\/\" target=\"_blank\" rel=\"noopener noreferrer\"><strong><u>Einwilligung nach Aufkl\u00e4rung des Unternehmens \u00fcber die Datenverarbeitung\u00a0<\/u><\/strong><em>(<\/em>https:\/\/www.hotelcentro.it\/de\/cookies\/)<\/a><\/p>\n<p><strong>HINWEISE ZU URHEBERRECHTEN UND EINGETRAGENEN WARENZEICHEN<\/strong><\/p>\n<p>Der gesamte Inhalt dieser Website wird von den Urheberrechten (copyright \u00a9) 2019 der Firma Hotel Centro Di E. Pontet &amp; C. Sasoder ihrer Zulieferer gesch\u00fctzt. Alle Rechte sind den Eigent\u00fcmern gesetzlich vorbehalten.<br \/>\nGem\u00e4\u00df Art. 1, Absatz 1 des Gesetzesdekrets Nr. 72 vom 22. M\u00e4rz 2004, so wie durch das Umwandlungsgesetz Nr. 128 vom 21. Mai 2004 ge\u00e4ndert, erf\u00fcllen die auf dieser Website befindlichen Inhalte die Verpflichtungen, die sich aus der Gesetzgebung \u00fcber das Urheberrecht und den damit verbundenen Rechten ergeben.<br \/>\nDie Vervielf\u00e4ltigung, die Mitteilung an die \u00d6ffentlichkeit, die \u00f6ffentliche Zug\u00e4nglichmachung, die Vermietung und der Verleih, die \u00f6ffentliche Ausf\u00fchrung und Verbreitung sind ohne Zustimmung des Inhabers der Rechte verboten.<\/p>\n<p>Verst\u00f6\u00dfe unterliegen den Sanktionen der Artikel 171, 171-bis, 171-ter, 174-bis und 174-ter des Gesetzes 633\/1941.<br \/>\nGem\u00e4\u00df Art. 5 des Gesetzes Nr. 633 vom 22. April 1941 \u00fcber den Schutz des Urheberrechts, unterliegen<br \/>\ndie Texte offizieller Dokumente des Staates und der \u00f6ffentlichen Verwaltungen, sowohl in Italien als auch im Ausland, nicht dem Urheberrecht.<br \/>\nDas angegebene Copyright bezieht sich auf die Verarbeitung und Darstellungsform der Texte selbst.<\/p>\n<p>Vermeintliche Urheberrechtsverletzungen<\/p>\n<p>Diese Mitteilungen m\u00fcssen schriftlich erfolgen und an die nachstehende Adresse, Faxnummer oder E-Mail-Adresse des zust\u00e4ndigen Vertreters von<br \/>\nHotel Centro Di E. Pontet &amp; C. Sasgesendet werden:<\/p>\n<p>Gesellschaftsname: Via Caduti per la Libert\u00e0, 7 10066 Torre Pellice TO<br \/>\nGesch\u00e4fts- und Betriebssitz: Via Caduti per la Libert\u00e0, 7 10066 Torre Pellice TO<br \/>\nPhone: 0121\/932006 \u2013 933062 \u2013 Fax:<br \/>\neM.\u00a0<a href=\"mailto:info@hotelcentro.it\">info@hotelcentro.it<\/a><\/p>\n","protected":false},"excerpt":{"rendered":"<p>GESELLSCHAFTSDATEN Gesellschaftsname: Hotel Centro Di E. Pontet &amp; C. Sas Gesch\u00e4fts- und Betriebssitz: Via Caduti per la Libert\u00e0, 7 10066 Torre Pellice TO Gesch\u00e4fts- und Betriebssitz: Via Caduti per la Libert\u00e0, 7 10066 Torre Pellice TO Steuernummer: 06296730010 Umsatzsteuer-Identifikationsnummer: 06296730010 Handelsregisteramt: TO191-5627 Wirtschaftliches Verwaltungsregister (R.E.A.): 775573 INFORMATIONSSCHRIFTEN UND EINWILLIGUNGEN DES UNTERNEHMENS Hotel Centro Di E. [&hellip;]<\/p>\n","protected":false},"author":3,"featured_media":0,"parent":0,"menu_order":0,"comment_status":"closed","ping_status":"closed","template":"","meta":{"_acf_changed":false,"ocean_post_layout":"full-width","ocean_both_sidebars_style":"","ocean_both_sidebars_content_width":0,"ocean_both_sidebars_sidebars_width":0,"ocean_sidebar":"0","ocean_second_sidebar":"0","ocean_disable_margins":"enable","ocean_add_body_class":"","ocean_shortcode_before_top_bar":"","ocean_shortcode_after_top_bar":"","ocean_shortcode_before_header":"","ocean_shortcode_after_header":"","ocean_has_shortcode":"","ocean_shortcode_after_title":"","ocean_shortcode_before_footer_widgets":"","ocean_shortcode_after_footer_widgets":"","ocean_shortcode_before_footer_bottom":"","ocean_shortcode_after_footer_bottom":"","ocean_display_top_bar":"off","ocean_display_header":"default","ocean_header_style":"","ocean_center_header_left_menu":"0","ocean_custom_header_template":"131","ocean_custom_logo":0,"ocean_custom_retina_logo":0,"ocean_custom_logo_max_width":0,"ocean_custom_logo_tablet_max_width":0,"ocean_custom_logo_mobile_max_width":0,"ocean_custom_logo_max_height":0,"ocean_custom_logo_tablet_max_height":0,"ocean_custom_logo_mobile_max_height":0,"ocean_header_custom_menu":"0","ocean_menu_typo_font_family":"Josefin Sans","ocean_menu_typo_font_subset":"","ocean_menu_typo_font_size":0,"ocean_menu_typo_font_size_tablet":0,"ocean_menu_typo_font_size_mobile":0,"ocean_menu_typo_font_size_unit":"px","ocean_menu_typo_font_weight":"","ocean_menu_typo_font_weight_tablet":"","ocean_menu_typo_font_weight_mobile":"","ocean_menu_typo_transform":"","ocean_menu_typo_transform_tablet":"","ocean_menu_typo_transform_mobile":"","ocean_menu_typo_line_height":0,"ocean_menu_typo_line_height_tablet":0,"ocean_menu_typo_line_height_mobile":0,"ocean_menu_typo_line_height_unit":"","ocean_menu_typo_spacing":0,"ocean_menu_typo_spacing_tablet":0,"ocean_menu_typo_spacing_mobile":0,"ocean_menu_typo_spacing_unit":"","ocean_menu_link_color":"#ffffff","ocean_menu_link_color_hover":"#ffffff","ocean_menu_link_color_active":"#ffffff","ocean_menu_link_background":"","ocean_menu_link_hover_background":"","ocean_menu_link_active_background":"","ocean_menu_social_links_bg":"","ocean_menu_social_hover_links_bg":"","ocean_menu_social_links_color":"","ocean_menu_social_hover_links_color":"","ocean_disable_title":"default","ocean_disable_heading":"default","ocean_post_title":"","ocean_post_subheading":"","ocean_post_title_style":"","ocean_post_title_background_color":"","ocean_post_title_background":0,"ocean_post_title_bg_image_position":"","ocean_post_title_bg_image_attachment":"","ocean_post_title_bg_image_repeat":"","ocean_post_title_bg_image_size":"","ocean_post_title_height":0,"ocean_post_title_bg_overlay":0.5,"ocean_post_title_bg_overlay_color":"","ocean_disable_breadcrumbs":"off","ocean_breadcrumbs_color":"","ocean_breadcrumbs_separator_color":"","ocean_breadcrumbs_links_color":"","ocean_breadcrumbs_links_hover_color":"","ocean_display_footer_widgets":"off","ocean_display_footer_bottom":"off","ocean_custom_footer_template":"0","footnotes":""},"class_list":["post-1406","page","type-page","status-publish","hentry","entry"],"acf":[],"yoast_head":"<!-- This site is optimized with the Yoast SEO plugin v27.6 - https:\/\/yoast.com\/product\/yoast-seo-wordpress\/ -->\n<title>Info Legali - Hotel Centro<\/title>\n<meta name=\"robots\" content=\"noindex, nofollow\" \/>\n<meta property=\"og:locale\" content=\"de_DE\" \/>\n<meta property=\"og:type\" content=\"article\" \/>\n<meta property=\"og:title\" content=\"Info Legali - Hotel Centro\" \/>\n<meta property=\"og:description\" content=\"GESELLSCHAFTSDATEN Gesellschaftsname: Hotel Centro Di E. Pontet &amp; C. Sas Gesch\u00e4fts- und Betriebssitz: Via Caduti per la Libert\u00e0, 7 10066 Torre Pellice TO Gesch\u00e4fts- und Betriebssitz: Via Caduti per la Libert\u00e0, 7 10066 Torre Pellice TO Steuernummer: 06296730010 Umsatzsteuer-Identifikationsnummer: 06296730010 Handelsregisteramt: TO191-5627 Wirtschaftliches Verwaltungsregister (R.E.A.): 775573 INFORMATIONSSCHRIFTEN UND EINWILLIGUNGEN DES UNTERNEHMENS Hotel Centro Di E. [&hellip;]\" \/>\n<meta property=\"og:url\" content=\"https:\/\/www.hotelcentro.it\/de\/legal-info\/\" \/>\n<meta property=\"og:site_name\" content=\"Hotel Centro\" \/>\n<meta property=\"article:modified_time\" content=\"2019-03-07T09:11:01+00:00\" \/>\n<meta name=\"twitter:card\" content=\"summary_large_image\" \/>\n<meta name=\"twitter:label1\" content=\"Est. reading time\" \/>\n\t<meta name=\"twitter:data1\" content=\"2 minutes\" \/>\n<script type=\"application\/ld+json\" class=\"yoast-schema-graph\">{\"@context\":\"https:\\\/\\\/schema.org\",\"@graph\":[{\"@type\":\"WebPage\",\"@id\":\"https:\\\/\\\/www.hotelcentro.it\\\/de\\\/legal-info\\\/\",\"url\":\"https:\\\/\\\/www.hotelcentro.it\\\/de\\\/legal-info\\\/\",\"name\":\"Info Legali - Hotel Centro\",\"isPartOf\":{\"@id\":\"https:\\\/\\\/www.hotelcentro.it\\\/de\\\/#website\"},\"datePublished\":\"2019-01-23T12:00:15+00:00\",\"dateModified\":\"2019-03-07T09:11:01+00:00\",\"breadcrumb\":{\"@id\":\"https:\\\/\\\/www.hotelcentro.it\\\/de\\\/legal-info\\\/#breadcrumb\"},\"inLanguage\":\"de-DE\",\"potentialAction\":[{\"@type\":\"ReadAction\",\"target\":[\"https:\\\/\\\/www.hotelcentro.it\\\/de\\\/legal-info\\\/\"]}]},{\"@type\":\"BreadcrumbList\",\"@id\":\"https:\\\/\\\/www.hotelcentro.it\\\/de\\\/legal-info\\\/#breadcrumb\",\"itemListElement\":[{\"@type\":\"ListItem\",\"position\":1,\"name\":\"Home\",\"item\":\"https:\\\/\\\/www.hotelcentro.it\\\/de\\\/\"},{\"@type\":\"ListItem\",\"position\":2,\"name\":\"Info Legali\"}]},{\"@type\":\"WebSite\",\"@id\":\"https:\\\/\\\/www.hotelcentro.it\\\/de\\\/#website\",\"url\":\"https:\\\/\\\/www.hotelcentro.it\\\/de\\\/\",\"name\":\"Hotel Centro\",\"description\":\"\",\"publisher\":{\"@id\":\"https:\\\/\\\/www.hotelcentro.it\\\/de\\\/#organization\"},\"potentialAction\":[{\"@type\":\"SearchAction\",\"target\":{\"@type\":\"EntryPoint\",\"urlTemplate\":\"https:\\\/\\\/www.hotelcentro.it\\\/de\\\/?s={search_term_string}\"},\"query-input\":{\"@type\":\"PropertyValueSpecification\",\"valueRequired\":true,\"valueName\":\"search_term_string\"}}],\"inLanguage\":\"de-DE\"},{\"@type\":\"Organization\",\"@id\":\"https:\\\/\\\/www.hotelcentro.it\\\/de\\\/#organization\",\"name\":\"Hotel centro\",\"url\":\"https:\\\/\\\/www.hotelcentro.it\\\/de\\\/\",\"logo\":{\"@type\":\"ImageObject\",\"inLanguage\":\"de-DE\",\"@id\":\"https:\\\/\\\/www.hotelcentro.it\\\/de\\\/#\\\/schema\\\/logo\\\/image\\\/\",\"url\":\"https:\\\/\\\/www.hotelcentro.it\\\/wp-content\\\/uploads\\\/2021\\\/10\\\/favivon-hotel-centro.png\",\"contentUrl\":\"https:\\\/\\\/www.hotelcentro.it\\\/wp-content\\\/uploads\\\/2021\\\/10\\\/favivon-hotel-centro.png\",\"width\":147,\"height\":147,\"caption\":\"Hotel centro\"},\"image\":{\"@id\":\"https:\\\/\\\/www.hotelcentro.it\\\/de\\\/#\\\/schema\\\/logo\\\/image\\\/\"}}]}<\/script>\n<!-- \/ Yoast SEO plugin. -->","yoast_head_json":{"title":"Info Legali - Hotel Centro","robots":{"index":"noindex","follow":"nofollow"},"og_locale":"de_DE","og_type":"article","og_title":"Info Legali - Hotel Centro","og_description":"GESELLSCHAFTSDATEN Gesellschaftsname: Hotel Centro Di E. Pontet &amp; C. Sas Gesch\u00e4fts- und Betriebssitz: Via Caduti per la Libert\u00e0, 7 10066 Torre Pellice TO Gesch\u00e4fts- und Betriebssitz: Via Caduti per la Libert\u00e0, 7 10066 Torre Pellice TO Steuernummer: 06296730010 Umsatzsteuer-Identifikationsnummer: 06296730010 Handelsregisteramt: TO191-5627 Wirtschaftliches Verwaltungsregister (R.E.A.): 775573 INFORMATIONSSCHRIFTEN UND EINWILLIGUNGEN DES UNTERNEHMENS Hotel Centro Di E. [&hellip;]","og_url":"https:\/\/www.hotelcentro.it\/de\/legal-info\/","og_site_name":"Hotel Centro","article_modified_time":"2019-03-07T09:11:01+00:00","twitter_card":"summary_large_image","twitter_misc":{"Est. reading time":"2 minutes"},"schema":{"@context":"https:\/\/schema.org","@graph":[{"@type":"WebPage","@id":"https:\/\/www.hotelcentro.it\/de\/legal-info\/","url":"https:\/\/www.hotelcentro.it\/de\/legal-info\/","name":"Info Legali - Hotel Centro","isPartOf":{"@id":"https:\/\/www.hotelcentro.it\/de\/#website"},"datePublished":"2019-01-23T12:00:15+00:00","dateModified":"2019-03-07T09:11:01+00:00","breadcrumb":{"@id":"https:\/\/www.hotelcentro.it\/de\/legal-info\/#breadcrumb"},"inLanguage":"de-DE","potentialAction":[{"@type":"ReadAction","target":["https:\/\/www.hotelcentro.it\/de\/legal-info\/"]}]},{"@type":"BreadcrumbList","@id":"https:\/\/www.hotelcentro.it\/de\/legal-info\/#breadcrumb","itemListElement":[{"@type":"ListItem","position":1,"name":"Home","item":"https:\/\/www.hotelcentro.it\/de\/"},{"@type":"ListItem","position":2,"name":"Info Legali"}]},{"@type":"WebSite","@id":"https:\/\/www.hotelcentro.it\/de\/#website","url":"https:\/\/www.hotelcentro.it\/de\/","name":"Hotel Centro","description":"","publisher":{"@id":"https:\/\/www.hotelcentro.it\/de\/#organization"},"potentialAction":[{"@type":"SearchAction","target":{"@type":"EntryPoint","urlTemplate":"https:\/\/www.hotelcentro.it\/de\/?s={search_term_string}"},"query-input":{"@type":"PropertyValueSpecification","valueRequired":true,"valueName":"search_term_string"}}],"inLanguage":"de-DE"},{"@type":"Organization","@id":"https:\/\/www.hotelcentro.it\/de\/#organization","name":"Hotel centro","url":"https:\/\/www.hotelcentro.it\/de\/","logo":{"@type":"ImageObject","inLanguage":"de-DE","@id":"https:\/\/www.hotelcentro.it\/de\/#\/schema\/logo\/image\/","url":"https:\/\/www.hotelcentro.it\/wp-content\/uploads\/2021\/10\/favivon-hotel-centro.png","contentUrl":"https:\/\/www.hotelcentro.it\/wp-content\/uploads\/2021\/10\/favivon-hotel-centro.png","width":147,"height":147,"caption":"Hotel centro"},"image":{"@id":"https:\/\/www.hotelcentro.it\/de\/#\/schema\/logo\/image\/"}}]}},"_links":{"self":[{"href":"https:\/\/www.hotelcentro.it\/de\/wp-json\/wp\/v2\/pages\/1406","targetHints":{"allow":["GET"]}}],"collection":[{"href":"https:\/\/www.hotelcentro.it\/de\/wp-json\/wp\/v2\/pages"}],"about":[{"href":"https:\/\/www.hotelcentro.it\/de\/wp-json\/wp\/v2\/types\/page"}],"author":[{"embeddable":true,"href":"https:\/\/www.hotelcentro.it\/de\/wp-json\/wp\/v2\/users\/3"}],"replies":[{"embeddable":true,"href":"https:\/\/www.hotelcentro.it\/de\/wp-json\/wp\/v2\/comments?post=1406"}],"version-history":[{"count":6,"href":"https:\/\/www.hotelcentro.it\/de\/wp-json\/wp\/v2\/pages\/1406\/revisions"}],"predecessor-version":[{"id":2584,"href":"https:\/\/www.hotelcentro.it\/de\/wp-json\/wp\/v2\/pages\/1406\/revisions\/2584"}],"wp:attachment":[{"href":"https:\/\/www.hotelcentro.it\/de\/wp-json\/wp\/v2\/media?parent=1406"}],"curies":[{"name":"wp","href":"https:\/\/api.w.org\/{rel}","templated":true}]}}