{"id":1387,"date":"2019-01-23T13:10:55","date_gmt":"2019-01-23T12:10:55","guid":{"rendered":"https:\/\/www.hotelcentro.it\/download\/"},"modified":"2024-10-10T10:33:54","modified_gmt":"2024-10-10T08:33:54","slug":"download","status":"publish","type":"page","link":"https:\/\/www.hotelcentro.it\/de\/download\/","title":{"rendered":"Download"},"content":{"rendered":"\t\t<div data-elementor-type=\"wp-post\" data-elementor-id=\"1387\" class=\"elementor elementor-1387 elementor-587\" data-elementor-post-type=\"page\">\n\t\t\t\t\t\t<section class=\"elementor-section elementor-top-section elementor-element elementor-element-5ed5fda elementor-section-stretched elementor-section-boxed elementor-section-height-default elementor-section-height-default\" data-id=\"5ed5fda\" data-element_type=\"section\" data-e-type=\"section\" data-settings=\"{&quot;stretch_section&quot;:&quot;section-stretched&quot;,&quot;background_background&quot;:&quot;classic&quot;}\">\n\t\t\t\t\t\t<div class=\"elementor-container elementor-column-gap-wider\">\n\t\t\t\t\t<div class=\"elementor-column elementor-col-100 elementor-top-column elementor-element elementor-element-fd7df56\" data-id=\"fd7df56\" data-element_type=\"column\" data-e-type=\"column\">\n\t\t\t<div class=\"elementor-widget-wrap elementor-element-populated\">\n\t\t\t\t\t\t<div class=\"elementor-element elementor-element-1324ebc elementor-widget elementor-widget-image\" data-id=\"1324ebc\" data-element_type=\"widget\" data-e-type=\"widget\" data-widget_type=\"image.default\">\n\t\t\t\t<div class=\"elementor-widget-container\">\n\t\t\t\t\t\t\t\t\t\t\t\t\t\t\t<img fetchpriority=\"high\" decoding=\"async\" width=\"1024\" height=\"724\" src=\"https:\/\/www.hotelcentro.it\/wp-content\/uploads\/2022\/12\/menu-natale-e-capodanno.png\" class=\"attachment-large size-large wp-image-3583\" alt=\"\" \/>\t\t\t\t\t\t\t\t\t\t\t\t\t\t\t<\/div>\n\t\t\t\t<\/div>\n\t\t\t\t\t<\/div>\n\t\t<\/div>\n\t\t\t\t\t<\/div>\n\t\t<\/section>\n\t\t\t\t<\/div>\n\t\t","protected":false},"excerpt":{"rendered":"<p>Pranzo di Natale Cena di San Silvestro<\/p>\n","protected":false},"author":3,"featured_media":0,"parent":0,"menu_order":0,"comment_status":"closed","ping_status":"closed","template":"","meta":{"_acf_changed":false,"ocean_post_layout":"","ocean_both_sidebars_style":"","ocean_both_sidebars_content_width":0,"ocean_both_sidebars_sidebars_width":0,"ocean_sidebar":"0","ocean_second_sidebar":"0","ocean_disable_margins":"enable","ocean_add_body_class":"","ocean_shortcode_before_top_bar":"","ocean_shortcode_after_top_bar":"","ocean_shortcode_before_header":"","ocean_shortcode_after_header":"","ocean_has_shortcode":"","ocean_shortcode_after_title":"","ocean_shortcode_before_footer_widgets":"","ocean_shortcode_after_footer_widgets":"","ocean_shortcode_before_footer_bottom":"","ocean_shortcode_after_footer_bottom":"","ocean_display_top_bar":"off","ocean_display_header":"default","ocean_header_style":"","ocean_center_header_left_menu":"0","ocean_custom_header_template":"131","ocean_custom_logo":0,"ocean_custom_retina_logo":0,"ocean_custom_logo_max_width":0,"ocean_custom_logo_tablet_max_width":0,"ocean_custom_logo_mobile_max_width":0,"ocean_custom_logo_max_height":0,"ocean_custom_logo_tablet_max_height":0,"ocean_custom_logo_mobile_max_height":0,"ocean_header_custom_menu":"0","ocean_menu_typo_font_family":"Josefin Sans","ocean_menu_typo_font_subset":"","ocean_menu_typo_font_size":0,"ocean_menu_typo_font_size_tablet":0,"ocean_menu_typo_font_size_mobile":0,"ocean_menu_typo_font_size_unit":"px","ocean_menu_typo_font_weight":"","ocean_menu_typo_font_weight_tablet":"","ocean_menu_typo_font_weight_mobile":"","ocean_menu_typo_transform":"","ocean_menu_typo_transform_tablet":"","ocean_menu_typo_transform_mobile":"","ocean_menu_typo_line_height":0,"ocean_menu_typo_line_height_tablet":0,"ocean_menu_typo_line_height_mobile":0,"ocean_menu_typo_line_height_unit":"","ocean_menu_typo_spacing":0,"ocean_menu_typo_spacing_tablet":0,"ocean_menu_typo_spacing_mobile":0,"ocean_menu_typo_spacing_unit":"","ocean_menu_link_color":"#ffffff","ocean_menu_link_color_hover":"#ffffff","ocean_menu_link_color_active":"#ffffff","ocean_menu_link_background":"","ocean_menu_link_hover_background":"","ocean_menu_link_active_background":"","ocean_menu_social_links_bg":"","ocean_menu_social_hover_links_bg":"","ocean_menu_social_links_color":"","ocean_menu_social_hover_links_color":"","ocean_disable_title":"on","ocean_disable_heading":"default","ocean_post_title":"","ocean_post_subheading":"","ocean_post_title_style":"","ocean_post_title_background_color":"","ocean_post_title_background":0,"ocean_post_title_bg_image_position":"","ocean_post_title_bg_image_attachment":"","ocean_post_title_bg_image_repeat":"","ocean_post_title_bg_image_size":"","ocean_post_title_height":0,"ocean_post_title_bg_overlay":0.5,"ocean_post_title_bg_overlay_color":"","ocean_disable_breadcrumbs":"off","ocean_breadcrumbs_color":"","ocean_breadcrumbs_separator_color":"","ocean_breadcrumbs_links_color":"","ocean_breadcrumbs_links_hover_color":"","ocean_display_footer_widgets":"off","ocean_display_footer_bottom":"off","ocean_custom_footer_template":"0","footnotes":""},"class_list":["post-1387","page","type-page","status-publish","hentry","entry"],"acf":[],"yoast_head":"<!-- This site is optimized with the Yoast SEO plugin v27.4 - https:\/\/yoast.com\/product\/yoast-seo-wordpress\/ -->\n<title>Hotel Centro Torre Pellice Men\u00fcs<\/title>\n<meta name=\"description\" content=\"Entdecken Sie die Men\u00fcs des Restaurants im Hotel Centro in Torre Pellice. Laden Sie unsere Men\u00fcs im PDF-Format herunter und entdecken Sie unsere Gerichte und Spezialit\u00e4ten\" \/>\n<meta name=\"robots\" content=\"index, follow, max-snippet:-1, max-image-preview:large, max-video-preview:-1\" \/>\n<link rel=\"canonical\" href=\"https:\/\/www.hotelcentro.it\/de\/download\/\" \/>\n<meta property=\"og:locale\" content=\"de_DE\" \/>\n<meta property=\"og:type\" content=\"article\" \/>\n<meta property=\"og:title\" content=\"Hotel Centro Torre Pellice Men\u00fcs\" \/>\n<meta property=\"og:description\" content=\"Entdecken Sie die Men\u00fcs des Restaurants im Hotel Centro in Torre Pellice. Laden Sie unsere Men\u00fcs im PDF-Format herunter und entdecken Sie unsere Gerichte und Spezialit\u00e4ten\" \/>\n<meta property=\"og:url\" content=\"https:\/\/www.hotelcentro.it\/de\/download\/\" \/>\n<meta property=\"og:site_name\" content=\"Hotel Centro\" \/>\n<meta property=\"article:modified_time\" content=\"2024-10-10T08:33:54+00:00\" \/>\n<meta property=\"og:image\" content=\"https:\/\/www.hotelcentro.it\/wp-content\/uploads\/2019\/01\/pranz.jpg\" \/>\n<meta name=\"twitter:card\" content=\"summary_large_image\" \/>\n<script type=\"application\/ld+json\" class=\"yoast-schema-graph\">{\"@context\":\"https:\\\/\\\/schema.org\",\"@graph\":[{\"@type\":\"WebPage\",\"@id\":\"https:\\\/\\\/www.hotelcentro.it\\\/de\\\/download\\\/\",\"url\":\"https:\\\/\\\/www.hotelcentro.it\\\/de\\\/download\\\/\",\"name\":\"Hotel Centro Torre Pellice Men\u00fcs\",\"isPartOf\":{\"@id\":\"https:\\\/\\\/www.hotelcentro.it\\\/de\\\/#website\"},\"primaryImageOfPage\":{\"@id\":\"https:\\\/\\\/www.hotelcentro.it\\\/de\\\/download\\\/#primaryimage\"},\"image\":{\"@id\":\"https:\\\/\\\/www.hotelcentro.it\\\/de\\\/download\\\/#primaryimage\"},\"thumbnailUrl\":\"https:\\\/\\\/www.hotelcentro.it\\\/wp-content\\\/uploads\\\/2019\\\/01\\\/pranz.jpg\",\"datePublished\":\"2019-01-23T12:10:55+00:00\",\"dateModified\":\"2024-10-10T08:33:54+00:00\",\"description\":\"Entdecken Sie die Men\u00fcs des Restaurants im Hotel Centro in Torre Pellice. Laden Sie unsere Men\u00fcs im PDF-Format herunter und entdecken Sie unsere Gerichte und Spezialit\u00e4ten\",\"breadcrumb\":{\"@id\":\"https:\\\/\\\/www.hotelcentro.it\\\/de\\\/download\\\/#breadcrumb\"},\"inLanguage\":\"de-DE\",\"potentialAction\":[{\"@type\":\"ReadAction\",\"target\":[\"https:\\\/\\\/www.hotelcentro.it\\\/de\\\/download\\\/\"]}]},{\"@type\":\"ImageObject\",\"inLanguage\":\"de-DE\",\"@id\":\"https:\\\/\\\/www.hotelcentro.it\\\/de\\\/download\\\/#primaryimage\",\"url\":\"https:\\\/\\\/www.hotelcentro.it\\\/wp-content\\\/uploads\\\/2019\\\/01\\\/pranz.jpg\",\"contentUrl\":\"https:\\\/\\\/www.hotelcentro.it\\\/wp-content\\\/uploads\\\/2019\\\/01\\\/pranz.jpg\"},{\"@type\":\"BreadcrumbList\",\"@id\":\"https:\\\/\\\/www.hotelcentro.it\\\/de\\\/download\\\/#breadcrumb\",\"itemListElement\":[{\"@type\":\"ListItem\",\"position\":1,\"name\":\"Home\",\"item\":\"https:\\\/\\\/www.hotelcentro.it\\\/de\\\/\"},{\"@type\":\"ListItem\",\"position\":2,\"name\":\"Download\"}]},{\"@type\":\"WebSite\",\"@id\":\"https:\\\/\\\/www.hotelcentro.it\\\/de\\\/#website\",\"url\":\"https:\\\/\\\/www.hotelcentro.it\\\/de\\\/\",\"name\":\"Hotel Centro\",\"description\":\"\",\"publisher\":{\"@id\":\"https:\\\/\\\/www.hotelcentro.it\\\/de\\\/#organization\"},\"potentialAction\":[{\"@type\":\"SearchAction\",\"target\":{\"@type\":\"EntryPoint\",\"urlTemplate\":\"https:\\\/\\\/www.hotelcentro.it\\\/de\\\/?s={search_term_string}\"},\"query-input\":{\"@type\":\"PropertyValueSpecification\",\"valueRequired\":true,\"valueName\":\"search_term_string\"}}],\"inLanguage\":\"de-DE\"},{\"@type\":\"Organization\",\"@id\":\"https:\\\/\\\/www.hotelcentro.it\\\/de\\\/#organization\",\"name\":\"Hotel centro\",\"url\":\"https:\\\/\\\/www.hotelcentro.it\\\/de\\\/\",\"logo\":{\"@type\":\"ImageObject\",\"inLanguage\":\"de-DE\",\"@id\":\"https:\\\/\\\/www.hotelcentro.it\\\/de\\\/#\\\/schema\\\/logo\\\/image\\\/\",\"url\":\"https:\\\/\\\/www.hotelcentro.it\\\/wp-content\\\/uploads\\\/2021\\\/10\\\/favivon-hotel-centro.png\",\"contentUrl\":\"https:\\\/\\\/www.hotelcentro.it\\\/wp-content\\\/uploads\\\/2021\\\/10\\\/favivon-hotel-centro.png\",\"width\":147,\"height\":147,\"caption\":\"Hotel centro\"},\"image\":{\"@id\":\"https:\\\/\\\/www.hotelcentro.it\\\/de\\\/#\\\/schema\\\/logo\\\/image\\\/\"}}]}<\/script>\n<!-- \/ Yoast SEO plugin. -->","yoast_head_json":{"title":"Hotel Centro Torre Pellice Men\u00fcs","description":"Entdecken Sie die Men\u00fcs des Restaurants im Hotel Centro in Torre Pellice. Laden Sie unsere Men\u00fcs im PDF-Format herunter und entdecken Sie unsere Gerichte und Spezialit\u00e4ten","robots":{"index":"index","follow":"follow","max-snippet":"max-snippet:-1","max-image-preview":"max-image-preview:large","max-video-preview":"max-video-preview:-1"},"canonical":"https:\/\/www.hotelcentro.it\/de\/download\/","og_locale":"de_DE","og_type":"article","og_title":"Hotel Centro Torre Pellice Men\u00fcs","og_description":"Entdecken Sie die Men\u00fcs des Restaurants im Hotel Centro in Torre Pellice. Laden Sie unsere Men\u00fcs im PDF-Format herunter und entdecken Sie unsere Gerichte und Spezialit\u00e4ten","og_url":"https:\/\/www.hotelcentro.it\/de\/download\/","og_site_name":"Hotel Centro","article_modified_time":"2024-10-10T08:33:54+00:00","og_image":[{"url":"https:\/\/www.hotelcentro.it\/wp-content\/uploads\/2019\/01\/pranz.jpg","type":"","width":"","height":""}],"twitter_card":"summary_large_image","schema":{"@context":"https:\/\/schema.org","@graph":[{"@type":"WebPage","@id":"https:\/\/www.hotelcentro.it\/de\/download\/","url":"https:\/\/www.hotelcentro.it\/de\/download\/","name":"Hotel Centro Torre Pellice Men\u00fcs","isPartOf":{"@id":"https:\/\/www.hotelcentro.it\/de\/#website"},"primaryImageOfPage":{"@id":"https:\/\/www.hotelcentro.it\/de\/download\/#primaryimage"},"image":{"@id":"https:\/\/www.hotelcentro.it\/de\/download\/#primaryimage"},"thumbnailUrl":"https:\/\/www.hotelcentro.it\/wp-content\/uploads\/2019\/01\/pranz.jpg","datePublished":"2019-01-23T12:10:55+00:00","dateModified":"2024-10-10T08:33:54+00:00","description":"Entdecken Sie die Men\u00fcs des Restaurants im Hotel Centro in Torre Pellice. Laden Sie unsere Men\u00fcs im PDF-Format herunter und entdecken Sie unsere Gerichte und Spezialit\u00e4ten","breadcrumb":{"@id":"https:\/\/www.hotelcentro.it\/de\/download\/#breadcrumb"},"inLanguage":"de-DE","potentialAction":[{"@type":"ReadAction","target":["https:\/\/www.hotelcentro.it\/de\/download\/"]}]},{"@type":"ImageObject","inLanguage":"de-DE","@id":"https:\/\/www.hotelcentro.it\/de\/download\/#primaryimage","url":"https:\/\/www.hotelcentro.it\/wp-content\/uploads\/2019\/01\/pranz.jpg","contentUrl":"https:\/\/www.hotelcentro.it\/wp-content\/uploads\/2019\/01\/pranz.jpg"},{"@type":"BreadcrumbList","@id":"https:\/\/www.hotelcentro.it\/de\/download\/#breadcrumb","itemListElement":[{"@type":"ListItem","position":1,"name":"Home","item":"https:\/\/www.hotelcentro.it\/de\/"},{"@type":"ListItem","position":2,"name":"Download"}]},{"@type":"WebSite","@id":"https:\/\/www.hotelcentro.it\/de\/#website","url":"https:\/\/www.hotelcentro.it\/de\/","name":"Hotel Centro","description":"","publisher":{"@id":"https:\/\/www.hotelcentro.it\/de\/#organization"},"potentialAction":[{"@type":"SearchAction","target":{"@type":"EntryPoint","urlTemplate":"https:\/\/www.hotelcentro.it\/de\/?s={search_term_string}"},"query-input":{"@type":"PropertyValueSpecification","valueRequired":true,"valueName":"search_term_string"}}],"inLanguage":"de-DE"},{"@type":"Organization","@id":"https:\/\/www.hotelcentro.it\/de\/#organization","name":"Hotel centro","url":"https:\/\/www.hotelcentro.it\/de\/","logo":{"@type":"ImageObject","inLanguage":"de-DE","@id":"https:\/\/www.hotelcentro.it\/de\/#\/schema\/logo\/image\/","url":"https:\/\/www.hotelcentro.it\/wp-content\/uploads\/2021\/10\/favivon-hotel-centro.png","contentUrl":"https:\/\/www.hotelcentro.it\/wp-content\/uploads\/2021\/10\/favivon-hotel-centro.png","width":147,"height":147,"caption":"Hotel centro"},"image":{"@id":"https:\/\/www.hotelcentro.it\/de\/#\/schema\/logo\/image\/"}}]}},"_links":{"self":[{"href":"https:\/\/www.hotelcentro.it\/de\/wp-json\/wp\/v2\/pages\/1387","targetHints":{"allow":["GET"]}}],"collection":[{"href":"https:\/\/www.hotelcentro.it\/de\/wp-json\/wp\/v2\/pages"}],"about":[{"href":"https:\/\/www.hotelcentro.it\/de\/wp-json\/wp\/v2\/types\/page"}],"author":[{"embeddable":true,"href":"https:\/\/www.hotelcentro.it\/de\/wp-json\/wp\/v2\/users\/3"}],"replies":[{"embeddable":true,"href":"https:\/\/www.hotelcentro.it\/de\/wp-json\/wp\/v2\/comments?post=1387"}],"version-history":[{"count":2,"href":"https:\/\/www.hotelcentro.it\/de\/wp-json\/wp\/v2\/pages\/1387\/revisions"}],"predecessor-version":[{"id":1891,"href":"https:\/\/www.hotelcentro.it\/de\/wp-json\/wp\/v2\/pages\/1387\/revisions\/1891"}],"wp:attachment":[{"href":"https:\/\/www.hotelcentro.it\/de\/wp-json\/wp\/v2\/media?parent=1387"}],"curies":[{"name":"wp","href":"https:\/\/api.w.org\/{rel}","templated":true}]}}